{"id":702,"date":"2021-08-17T10:58:14","date_gmt":"2021-08-17T08:58:14","guid":{"rendered":"https:\/\/antcube.shop\/?page_id=702"},"modified":"2024-09-09T17:06:06","modified_gmt":"2024-09-09T15:06:06","slug":"a-fange-maurdronninger","status":"publish","type":"page","link":"https:\/\/antcube.shop\/nb\/a-fange-maurdronninger\/","title":{"rendered":"\u00c5 fange maurdronninger"},"content":{"rendered":"<div id=\"gap-216693507\" class=\"gap-element clearfix\" style=\"display:block; height:auto;\">\n\t\t\n<style>\n#gap-216693507 {\n  padding-top: 177px;\n}\n@media (min-width:550px) {\n  #gap-216693507 {\n    padding-top: 178px;\n  }\n}\n@media (min-width:850px) {\n  #gap-216693507 {\n    padding-top: 75px;\n  }\n}\n<\/style>\n\t<\/div>\n\t\n\n\n  <div class=\"banner has-hover\" id=\"banner-111903431\">\n          <div class=\"banner-inner fill\">\n        <div class=\"banner-bg fill\" >\n            <img loading=\"lazy\" decoding=\"async\" width=\"1020\" height=\"571\" src=\"https:\/\/i0.wp.com\/antcube.shop\/wp-content\/uploads\/2021\/09\/Screenshot-2021-09-16-150304.png?fit=1020%2C571&amp;ssl=1\" class=\"bg attachment-large size-large\" alt=\"Slik fanger du en maurdronning med reagensr\u00f8r og fj\u00e6rst\u00e5lpincett\" \/>                        <div class=\"overlay\"><\/div>            \n                    <\/div>\n\t\t\n        <div class=\"banner-layers container\">\n            <div class=\"fill banner-link\"><\/div>            \n\n   <div id=\"text-box-1153962883\" class=\"text-box banner-layer x50 md-x50 lg-x50 y50 md-y50 lg-y50 res-text\">\n                                <div class=\"text-box-content text dark text-shadow-3\">\n              \n              <div class=\"text-inner text-center\">\n                  \n\n<h3 class=\"uppercase\"><strong>SLIK FANGER DU DIN EGEN maurdronning<\/strong><\/h3>\n\n              <\/div>\n           <\/div>\n                            \n<style>\n#text-box-1153962883 {\n  width: 60%;\n}\n#text-box-1153962883 .text-box-content {\n  font-size: 100%;\n}\n<\/style>\n    <\/div>\n \n\n        <\/div>\n      <\/div>\n\n            \n<style>\n#banner-111903431 {\n  padding-top: 400px;\n}\n#banner-111903431 .overlay {\n  background-color: rgba(0, 0, 0, 0.17);\n}\n#banner-111903431 .banner-bg img {\n  object-position: 56% 82%;\n}\n@media (min-width:550px) {\n  #banner-111903431 {\n    padding-top: 500px;\n  }\n}\n<\/style>\n  <\/div>\n\n\n\t<div id=\"gap-538755549\" class=\"gap-element clearfix\" style=\"display:block; height:auto;\">\n\t\t\n<style>\n#gap-538755549 {\n  padding-top: 30px;\n}\n<\/style>\n\t<\/div>\n\t\n\n<div class=\"row\"  id=\"row-1508241221\">\n\n\n\t<div id=\"col-2018867506\" class=\"col medium-6 small-12 large-6\"  >\n\t\t\t\t<div class=\"col-inner\"  >\n\t\t\t\n\t\t\t\n\n<h3>Fang din egen maurdronning<\/h3>\n<p>Hvis du vil fange din egen maurdronning, er det enten flaks eller litt forberedelse og forskning som trengs.\u00a0<\/p>\n<p>Maur har vanligvis sin bryllupsflyvning en gang i \u00e5ret. Bare p\u00e5 dette tidspunktet danner kolonien s\u00e5kalte reproduktive dyr, det vil si unge dronninger og droner (hannmaur). De er de eneste maurene som er i stand til \u00e5 fly. Dronningene kaster vingene etter at de har paret seg med en eller flere hanner. Hannene d\u00f8r etter kort tid (maksimalt noen f\u00e5 dager) uavhengig av om de har paret seg eller ikke. <br \/>Etter at de unge dronningene har fullf\u00f8rt bryllupsflyvningen, ser de etter et passende sted \u00e5 etablere kolonien sin. De kaster vingene og begynner \u00e5 grave. Dette er det perfekte \u00f8yeblikket \u00e5 samle dem inn. N\u00e5r de ikke har flere vinger, kan du v\u00e6re sikker p\u00e5 at de er paret.<\/p>\n<p>Den beste m\u00e5ten \u00e5 samle dem p\u00e5 er \u00e5 bruke fj\u00e6rst\u00e5lpincett. Med disse kan du ta tak i dyrene uten \u00e5 skade dem.<\/p>\n<p>Plasser dem i et reagensglass eller en liten boks med hull for ventilasjon. Noen arter b\u00f8r transporteres individuelt, andre kan holdes sammen i en kort periode i en beholder, da de er mindre aggressive seg imellom. Ulike arter b\u00f8r alltid holdes atskilt.<\/p>\n<p>For \u00e5 finne ut n\u00e5r og hvor du kan finne maurdronningene dine, finnes det n\u00e5 mange \"bryllupskart\" p\u00e5 nettet. Vi har lenket til to eksempler lenger ned p\u00e5 denne siden.<\/p>\n<p>Forsikre deg om at du ikke samler inn en beskyttet eller truet art. Det finnes mer enn nok arter i alle land i verden som har sv\u00e6rt sunne bestander.<\/p>\n<p><strong>Bryllupsflykart p\u00e5 tysk spr\u00e5k:<\/strong><\/p>\n<p><a href=\"https:\/\/www.ameisenforum.de\/schwarmflug.php\">Ameisenforum.de<\/a><\/p>\n<p><strong>Bryllupsflykart p\u00e5 engelsk:<\/strong><\/p>\n<p><a href=\"https:\/\/antflights.com\/stats\/flights\">Antflights.com<\/a><\/p>\n\n\t\t<\/div>\n\t\t\t\t\t<\/div>\n\n\t\n\n\t<div id=\"col-1535136750\" class=\"col medium-6 small-12 large-6\"  >\n\t\t\t\t<div class=\"col-inner\"  >\n\t\t\t\n\t\t\t\n\n\t<div class=\"img has-hover x md-x lg-x y md-y lg-y\" id=\"image_484377918\">\n\t\t<a class=\"image-lightbox lightbox-gallery\" title=\"\" href=\"https:\/\/i0.wp.com\/antcube.shop\/wp-content\/uploads\/2021\/07\/Lasius-niger.jpg?ssl=1\">\t\t\t\t\t\t<div class=\"img-inner dark\" >\n\t\t\t<img data-recalc-dims=\"1\" loading=\"lazy\" decoding=\"async\" width=\"1000\" height=\"1000\" src=\"https:\/\/i0.wp.com\/antcube.shop\/wp-content\/uploads\/2021\/07\/Lasius-niger.jpg?resize=1000%2C1000&#038;ssl=1\" class=\"attachment-original size-original\" alt=\"Lasius niger dronning maur makro p\u00e5 hvit bakgrunn\" srcset=\"https:\/\/i0.wp.com\/antcube.shop\/wp-content\/uploads\/2021\/07\/Lasius-niger.jpg?w=1000&amp;ssl=1 1000w, https:\/\/i0.wp.com\/antcube.shop\/wp-content\/uploads\/2021\/07\/Lasius-niger.jpg?resize=247%2C247&amp;ssl=1 247w, https:\/\/i0.wp.com\/antcube.shop\/wp-content\/uploads\/2021\/07\/Lasius-niger.jpg?resize=100%2C100&amp;ssl=1 100w, https:\/\/i0.wp.com\/antcube.shop\/wp-content\/uploads\/2021\/07\/Lasius-niger.jpg?resize=510%2C510&amp;ssl=1 510w, https:\/\/i0.wp.com\/antcube.shop\/wp-content\/uploads\/2021\/07\/Lasius-niger.jpg?resize=400%2C400&amp;ssl=1 400w, https:\/\/i0.wp.com\/antcube.shop\/wp-content\/uploads\/2021\/07\/Lasius-niger.jpg?resize=800%2C800&amp;ssl=1 800w, https:\/\/i0.wp.com\/antcube.shop\/wp-content\/uploads\/2021\/07\/Lasius-niger.jpg?resize=280%2C280&amp;ssl=1 280w, https:\/\/i0.wp.com\/antcube.shop\/wp-content\/uploads\/2021\/07\/Lasius-niger.jpg?resize=768%2C768&amp;ssl=1 768w\" sizes=\"auto, (max-width: 1000px) 100vw, 1000px\" \/>\t\t\t\t\t\t\n\t\t\t\t\t<\/div>\n\t\t\t\t\t\t<\/a>\t\t\n<style>\n#image_484377918 {\n  width: 100%;\n}\n<\/style>\n\t<\/div>\n\t\n\n\t<div id=\"text-3943024886\" class=\"text\">\n\t\t\n\n<p>Lasius niger dronning<\/p>\n\t\t\n<style>\n#text-3943024886 {\n  text-align: center;\n}\n<\/style>\n\t<\/div>\n\t\n\n\t\t<\/div>\n\t\t\t\t\t<\/div>\n\n\t\n\n<\/div>","protected":false},"excerpt":{"rendered":"","protected":false},"author":1,"featured_media":0,"parent":0,"menu_order":0,"comment_status":"closed","ping_status":"closed","template":"","meta":{"_acf_changed":false,"content-type":"","_monsterinsights_skip_tracking":false,"_monsterinsights_sitenote_active":false,"_monsterinsights_sitenote_note":"","_monsterinsights_sitenote_category":0,"footnotes":""},"class_list":["post-702","page","type-page","status-publish","hentry"],"acf":[],"aioseo_notices":[],"jetpack_sharing_enabled":true,"_links":{"self":[{"href":"https:\/\/antcube.shop\/nb\/wp-json\/wp\/v2\/pages\/702","targetHints":{"allow":["GET"]}}],"collection":[{"href":"https:\/\/antcube.shop\/nb\/wp-json\/wp\/v2\/pages"}],"about":[{"href":"https:\/\/antcube.shop\/nb\/wp-json\/wp\/v2\/types\/page"}],"author":[{"embeddable":true,"href":"https:\/\/antcube.shop\/nb\/wp-json\/wp\/v2\/users\/1"}],"replies":[{"embeddable":true,"href":"https:\/\/antcube.shop\/nb\/wp-json\/wp\/v2\/comments?post=702"}],"version-history":[{"count":10,"href":"https:\/\/antcube.shop\/nb\/wp-json\/wp\/v2\/pages\/702\/revisions"}],"predecessor-version":[{"id":9149,"href":"https:\/\/antcube.shop\/nb\/wp-json\/wp\/v2\/pages\/702\/revisions\/9149"}],"wp:attachment":[{"href":"https:\/\/antcube.shop\/nb\/wp-json\/wp\/v2\/media?parent=702"}],"curies":[{"name":"wp","href":"https:\/\/api.w.org\/{rel}","templated":true}]}}