{"id":645,"date":"2021-07-30T13:36:43","date_gmt":"2021-07-30T11:36:43","guid":{"rendered":"https:\/\/antcube.shop\/?page_id=645"},"modified":"2024-11-29T15:29:21","modified_gmt":"2024-11-29T14:29:21","slug":"rekkevidde-regulering","status":"publish","type":"page","link":"https:\/\/antcube.shop\/nb\/rekkevidde-regulering\/","title":{"rendered":"REACH-forordningen"},"content":{"rendered":"<div id=\"gap-2077457738\" class=\"gap-element clearfix\" style=\"display:block; height:auto;\">\n\t\t\n<style>\n#gap-2077457738 {\n  padding-top: 198px;\n}\n@media (min-width:850px) {\n  #gap-2077457738 {\n    padding-top: 190px;\n  }\n}\n<\/style>\n\t<\/div>\n\t\n\n<div class=\"row\"  id=\"row-1831856315\">\n\n\n\t<div id=\"col-850058788\" class=\"col small-12 large-12\"  >\n\t\t\t\t<div class=\"col-inner\"  >\n\t\t\t\n\t\t\t\n\n<h3><b>REACH-samsvar for v\u00e5re produkter<\/b><\/h3>\n<ol>\n<li><b> status for v\u00e5re produkter i henhold til REACH-forordningen <\/b><b><br \/><\/b><span style=\"font-weight: 400;\">ANTSTORE-produkter er definert som <\/span><b>artikler <\/b><span style=\"font-weight: 400;\">i henhold til REACH-forordningen.<\/span><\/li>\n<\/ol>\n<ul>\n<li style=\"font-weight: 400;\" aria-level=\"1\"><span style=\"font-weight: 400;\">Deres funksjon bestemmes f\u00f8rst og fremst av <\/span><b>deres form, fasong og overflate<\/b><span style=\"font-weight: 400;\">ikke etter deres kjemiske sammensetning.<\/span><\/li>\n<li style=\"font-weight: 400;\" aria-level=\"1\"><b>Det er ingen plikt til \u00e5 registrere seg <\/b><span style=\"font-weight: 400;\">disse produktene i henhold til REACH-forordningen.<\/span><\/li>\n<\/ul>\n<ol start=\"2\">\n<li><b> SVHC-stoffer (stoffer som gir grunn til s\u00e6rlig bekymring)<\/b><\/li>\n<\/ol>\n<ul>\n<li style=\"font-weight: 400;\" aria-level=\"1\"><span style=\"font-weight: 400;\">V\u00e5re produkter <\/span><b>ikke inneholder noen stoffer <\/b><span style=\"font-weight: 400;\">med et innhold p\u00e5 mer enn 0,1 masseprosent som er definert som <\/span><b>SVHC <\/b><span style=\"font-weight: 400;\">(Substances of Very High Concern) i henhold til artikkel 57 i REACH-forordningen og oppf\u00f8rt i vedlegg XIV til forordningen (den s\u00e5kalte \"kandidatlisten\").<\/span><\/li>\n<\/ul>\n<p><b>3 Rollen som nedstr\u00f8msbruker <\/b><b><br \/><\/b><span style=\"font-weight: 400;\">I henhold til REACH-forordningen regnes selskapet v\u00e5rt som en <\/span><b>nedstr\u00f8ms bruker<\/b><span style=\"font-weight: 400;\">.<\/span><\/p>\n<ul>\n<li style=\"font-weight: 400;\" aria-level=\"1\"><span style=\"font-weight: 400;\">For alle stoffer og preparater som brukes i produksjonsprosessen (f.eks. lim, maling, sm\u00f8remidler):<\/span>\n<ul>\n<li style=\"font-weight: 400;\" aria-level=\"2\"><span style=\"font-weight: 400;\">Har vi mottatt bekreftelser og erkl\u00e6ringer fra v\u00e5re leverand\u00f8rer om tiltenkt bruk og (n\u00e5v\u00e6rende) <\/span><b>forh\u00e5ndsregistrering<\/b><span style=\"font-weight: 400;\">?<\/span><\/li>\n<li style=\"font-weight: 400;\" aria-level=\"2\"><span style=\"font-weight: 400;\">Vi har tett kontakt med leverand\u00f8rene v\u00e5re for \u00e5 sikre at de overholder REACH-forordningen.<\/span><\/li>\n<\/ul>\n<\/li>\n<li style=\"font-weight: 400;\" aria-level=\"1\"><span style=\"font-weight: 400;\">Vi bruker ingen stoffer eller preparater som krever egen (forh\u00e5nds)registrering.<\/span><\/li>\n<\/ul>\n<p><span style=\"font-weight: 400;\">Hvis du har ytterligere sp\u00f8rsm\u00e5l om REACH-samsvaret til produktene v\u00e5re, er du velkommen til \u00e5 kontakte oss.<\/span><\/p>\n<p>\u00a0<\/p>\n<p>\u00a0<\/p>\n<p><a href=\"https:\/\/www.antstore.net\/shop\/images\/documents\/ant%20escape%20protection%20lacquer%20EN.pdf\" target=\"_blank\" rel=\"noopener\"><span style=\"font-family: verdana,arial,helvetica,sans-serif;\"><img data-recalc-dims=\"1\" decoding=\"async\" src=\"https:\/\/i0.wp.com\/www.antstore.net\/shop\/images\/pdf_logo.gif?w=1020&#038;ssl=1\" alt=\"\" border=\"0\" \/>\u00a0Sikkerhetsdatablad for lakk som beskytter mot maurflukt<\/span><\/a>\u00a0(engelsk) , (PDF 0,2 MB) (p\u00e5 engelsk)<br \/><span style=\"color: #666666; font-family: arial,helvetica,sans-serif; font-size: xx-small;\">(innhold: sikkerhetsinstruksjoner)<\/span><\/p>\n<p><a href=\"https:\/\/www.antstore.net\/shop\/images\/documents\/ant_escape_protection_oil_en.pdf\" target=\"_blank\" rel=\"noopener\"><span style=\"font-family: verdana,arial,helvetica,sans-serif;\"><img data-recalc-dims=\"1\" decoding=\"async\" src=\"https:\/\/i0.wp.com\/www.antstore.net\/shop\/images\/pdf_logo.gif?w=1020&#038;ssl=1\" alt=\"\" border=\"0\" \/>\u00a0Sikkerhetsdatablad for maurfluktbeskyttelseolje<\/span><\/a>\u00a0(engelsk) , (PDF 0,1 MB) , (PDF 0,1 MB)<br \/><span style=\"color: #666666; font-family: arial,helvetica,sans-serif; font-size: xx-small;\">(innhold: sikkerhetsinstruksjoner)<\/span>\u00a0<\/p>\n\n\t\t<\/div>\n\t\t\t\t\t<\/div>\n\n\t\n\n<\/div>","protected":false},"excerpt":{"rendered":"","protected":false},"author":1,"featured_media":0,"parent":0,"menu_order":0,"comment_status":"closed","ping_status":"closed","template":"","meta":{"_acf_changed":false,"content-type":"","_monsterinsights_skip_tracking":false,"_monsterinsights_sitenote_active":false,"_monsterinsights_sitenote_note":"","_monsterinsights_sitenote_category":0,"footnotes":""},"class_list":["post-645","page","type-page","status-publish","hentry"],"acf":[],"aioseo_notices":[],"jetpack_sharing_enabled":true,"_links":{"self":[{"href":"https:\/\/antcube.shop\/nb\/wp-json\/wp\/v2\/pages\/645","targetHints":{"allow":["GET"]}}],"collection":[{"href":"https:\/\/antcube.shop\/nb\/wp-json\/wp\/v2\/pages"}],"about":[{"href":"https:\/\/antcube.shop\/nb\/wp-json\/wp\/v2\/types\/page"}],"author":[{"embeddable":true,"href":"https:\/\/antcube.shop\/nb\/wp-json\/wp\/v2\/users\/1"}],"replies":[{"embeddable":true,"href":"https:\/\/antcube.shop\/nb\/wp-json\/wp\/v2\/comments?post=645"}],"version-history":[{"count":10,"href":"https:\/\/antcube.shop\/nb\/wp-json\/wp\/v2\/pages\/645\/revisions"}],"predecessor-version":[{"id":10640,"href":"https:\/\/antcube.shop\/nb\/wp-json\/wp\/v2\/pages\/645\/revisions\/10640"}],"wp:attachment":[{"href":"https:\/\/antcube.shop\/nb\/wp-json\/wp\/v2\/media?parent=645"}],"curies":[{"name":"wp","href":"https:\/\/api.w.org\/{rel}","templated":true}]}}