{"id":643,"date":"2021-07-30T13:36:12","date_gmt":"2021-07-30T11:36:12","guid":{"rendered":"https:\/\/antcube.shop\/?page_id=643"},"modified":"2024-11-29T15:31:27","modified_gmt":"2024-11-29T14:31:27","slug":"electric-devices-act","status":"publish","type":"page","link":"https:\/\/antcube.shop\/nb\/electric-devices-act\/","title":{"rendered":"Lov om elektrisk utstyr"},"content":{"rendered":"<div id=\"gap-224717400\" class=\"gap-element clearfix\" style=\"display:block; height:auto;\">\n\t\t\n<style>\n#gap-224717400 {\n  padding-top: 190px;\n}\n<\/style>\n\t<\/div>\n\t\n\n<div class=\"row\"  id=\"row-401398701\">\n\n\n\t<div id=\"col-9260154\" class=\"col small-12 large-12\"  >\n\t\t\t\t<div class=\"col-inner\"  >\n\t\t\t\n\t\t\t\n\n\t<div id=\"text-1552794434\" class=\"text\">\n\t\t\n\n<h3><b>Informasjon i henhold til den tyske loven om elektrisk og elektronisk utstyr (ElektroG)<\/b><\/h3>\n<p><span style=\"font-weight: 400;\">V\u00e5rt WEEE-registreringsnummer: <\/span><b>DE 54590387<\/b><\/p>\n<p><b>1 Innledning <\/b><b><br \/><\/b><span style=\"font-weight: 400;\">ElektroG-enheten regulerer <\/span><b>markedsf\u00f8ring<\/b><span style=\"font-weight: 400;\">, <\/span><b>tilbakelevering <\/b><span style=\"font-weight: 400;\">og <\/span><b>milj\u00f8vennlig avfallsh\u00e5ndtering <\/b><span style=\"font-weight: 400;\">av elektrisk og elektronisk utstyr. M\u00e5let er \u00e5 fremme milj\u00f8vern og sikre resirkulering av verdifulle r\u00e5materialer.<\/span><\/p>\n<ol start=\"2\">\n<li><b> juridiske forpliktelser for forbrukere<\/b><\/li>\n<\/ol>\n<ul>\n<li style=\"font-weight: 400;\" aria-level=\"1\"><b>Forbud mot deponering i restavfall<\/b><span style=\"font-weight: 400;\">: Gamle elektriske apparater m\u00e5 ikke kastes i restavfallet.<\/span><\/li>\n<li style=\"font-weight: 400;\" aria-level=\"1\"><b>Plikt til \u00e5 returnere<\/b><span style=\"font-weight: 400;\">: Forbrukerne er lovp\u00e5lagt \u00e5 kaste brukt elektrisk og elektronisk utstyr p\u00e5 kommunale innsamlingssentraler (\u00d6RE - offentlige avfallsmyndigheter) eller i egnede retursystemer.<\/span><\/li>\n<li style=\"font-weight: 400;\" aria-level=\"1\"><b>Milj\u00f8gifter og resirkulering<\/b><span style=\"font-weight: 400;\">:<\/span>\n<ul>\n<li style=\"font-weight: 400;\" aria-level=\"2\"><span style=\"font-weight: 400;\">Gamle elektriske apparater kan inneholde skadelige stoffer som kan skade milj\u00f8et og helsen hvis de ikke oppbevares eller avhendes p\u00e5 riktig m\u00e5te.<\/span><\/li>\n<li style=\"font-weight: 400;\" aria-level=\"2\"><span style=\"font-weight: 400;\">Samtidig inneholder de verdifulle r\u00e5materialer som jern, plast, s\u00f8lv eller glass, som kan resirkuleres.<\/span><\/li>\n<\/ul>\n<\/li>\n<\/ul>\n<p><b>3 Hvilke enheter er ber\u00f8rt? <\/b><b><br \/><\/b><span style=\"font-weight: 400;\">ElektroG gjelder for de fleste elektriske og elektroniske apparater som drives av elektrisitet eller elektromagnetiske felt. Disse inkluderer blant annet:<\/span><\/p>\n<ul>\n<li style=\"font-weight: 400;\" aria-level=\"1\"><span style=\"font-weight: 400;\">Klima-datamaskin<\/span><\/li>\n<li style=\"font-weight: 400;\" aria-level=\"1\"><span style=\"font-weight: 400;\">Varmematter og -kabler<\/span><\/li>\n<li style=\"font-weight: 400;\" aria-level=\"1\"><span style=\"font-weight: 400;\">Digitalt termometer og hygrometer<\/span><\/li>\n<li style=\"font-weight: 400;\" aria-level=\"1\"><span style=\"font-weight: 400;\">Luftfuktere (t\u00e5keapparater)<\/span><\/li>\n<li style=\"font-weight: 400;\" aria-level=\"1\"><span style=\"font-weight: 400;\">Vifte<\/span><\/li>\n<\/ul>\n<p><span style=\"font-weight: 400;\">En fullstendig liste over de ber\u00f8rte kategoriene finnes i det gjeldende juridiske direktivet.<\/span><\/p>\n<p><b>4 Merking av ber\u00f8rt utstyr <\/b><b><br \/><\/b><span style=\"font-weight: 400;\">Produkter som faller inn under ElektroG er merket med symbolet for en <\/span><b>overkrysset s\u00f8ppelb\u00f8tte<\/b><span style=\"font-weight: 400;\">. Dette betyr at apparatet ikke m\u00e5 kastes sammen med restavfallet, men m\u00e5 kastes via innsamlingssentraler eller retursystemer.<\/span><\/p>\n<p><b>5 ANTSTOREs forpliktelser i henhold til ElektroG <\/b><b><br \/><\/b><span style=\"font-weight: 400;\">ANTSTORE har implementert alle forpliktelser i henhold til ElektroG for \u00e5 sikre milj\u00f8messig forsvarlig avhending:<\/span><\/p>\n<ul>\n<li style=\"font-weight: 400;\" aria-level=\"1\"><b>Registrering hos EAR<\/b><span style=\"font-weight: 400;\">:<\/span>\n<ul>\n<li style=\"font-weight: 400;\" aria-level=\"2\"><span style=\"font-weight: 400;\">ANTSTORE er registrert i stiftelsen EAR (Waste Electrical and Electronic Equipment Register).<\/span><\/li>\n<li style=\"font-weight: 400;\" aria-level=\"2\"><span style=\"font-weight: 400;\">V\u00e5rt WEEE-registreringsnummer: <\/span><b>DE <\/b><span style=\"font-weight: 400;\">54590387.<\/span><\/li>\n<\/ul>\n<\/li>\n<li style=\"font-weight: 400;\" aria-level=\"1\"><b>Kontroll av leverand\u00f8rene<\/b><span style=\"font-weight: 400;\">:<\/span>\n<ul>\n<li style=\"font-weight: 400;\" aria-level=\"2\"><span style=\"font-weight: 400;\">Alle leverand\u00f8rer har blitt og blir kontinuerlig kontrollert for overholdelse av registreringsforpliktelsene.<\/span><\/li>\n<\/ul>\n<\/li>\n<li style=\"font-weight: 400;\" aria-level=\"1\"><b>Merkeplikt<\/b><span style=\"font-weight: 400;\">:<\/span>\n<ul>\n<li style=\"font-weight: 400;\" aria-level=\"2\"><span style=\"font-weight: 400;\">Alle produkter som produseres og importeres i EU, er korrekt merket.<\/span><\/li>\n<\/ul>\n<\/li>\n<\/ul>\n<ol start=\"6\">\n<li><b> returalternativer i ANTSTORE-grenen <\/b><b><br \/><\/b><span style=\"font-weight: 400;\">I tillegg til de kommunale innsamlingsstedene tilbyr ANTSTORE sine kunder en <\/span><b>frivillig retur <\/b><span style=\"font-weight: 400;\">av gamle apparater:<\/span><\/li>\n<\/ol>\n<ul>\n<li style=\"font-weight: 400;\" aria-level=\"1\"><span style=\"font-weight: 400;\">Kunder kan returnere sine gamle apparater <\/span><b>kostnadsfritt <\/b><span style=\"font-weight: 400;\">n\u00e5r du handler i butikken v\u00e5r.<\/span><\/li>\n<li style=\"font-weight: 400;\" aria-level=\"1\"><span style=\"font-weight: 400;\">P\u00e5 denne m\u00e5ten bidrar vi til en praktisk og milj\u00f8vennlig avhending av gamle elektriske apparater.<\/span><\/li>\n<\/ul>\n<p><b>Sammendrag for forbrukere<\/b><\/p>\n<ul>\n<li style=\"font-weight: 400;\" aria-level=\"1\"><span style=\"font-weight: 400;\">Bruk kommunale innsamlingssentraler (\u00d6RE) eller v\u00e5re retursystemer i butikken.<\/span><\/li>\n<li style=\"font-weight: 400;\" aria-level=\"1\"><span style=\"font-weight: 400;\">Kast aldri gamle elektriske apparater i restavfallet.<\/span><\/li>\n<li style=\"font-weight: 400;\" aria-level=\"1\"><span style=\"font-weight: 400;\">Bidra til \u00e5 beskytte milj\u00f8et og ressursene ved \u00e5 kaste avfall p\u00e5 riktig m\u00e5te.<\/span><\/li>\n<\/ul>\n<p><span style=\"font-weight: 400;\">Hvis du har ytterligere sp\u00f8rsm\u00e5l om v\u00e5re retur- og avhendingstjenester, er du velkommen til \u00e5 kontakte oss.<\/span><\/p>\n<p><b>Ytterligere informasjon:<\/b><\/p>\n<p><a href=\"https:\/\/www.stiftung-ear.de\/de\/home\"><span style=\"font-weight: 400;\">www.stiftung-ear.de<\/span><\/a><\/p>\n<p><a href=\"https:\/\/www.bmuv.de\/themen\/kreislaufwirtschaft\/abfallarten-und-abfallstroeme\/uebersicht-abfallarten-und-abfallstroeme\"><span style=\"font-weight: 400;\">www.bmu.de<\/span><\/a><\/p>\n\n\t\t\n<style>\n#text-1552794434 {\n  text-align: left;\n}\n<\/style>\n\t<\/div>\n\t\n\n\t\t<\/div>\n\t\t\t\t\t<\/div>\n\n\t\n\n<\/div>","protected":false},"excerpt":{"rendered":"","protected":false},"author":1,"featured_media":0,"parent":0,"menu_order":0,"comment_status":"closed","ping_status":"closed","template":"","meta":{"_acf_changed":false,"content-type":"","_monsterinsights_skip_tracking":false,"_monsterinsights_sitenote_active":false,"_monsterinsights_sitenote_note":"","_monsterinsights_sitenote_category":0,"footnotes":""},"class_list":["post-643","page","type-page","status-publish","hentry"],"acf":[],"aioseo_notices":[],"jetpack_sharing_enabled":true,"_links":{"self":[{"href":"https:\/\/antcube.shop\/nb\/wp-json\/wp\/v2\/pages\/643","targetHints":{"allow":["GET"]}}],"collection":[{"href":"https:\/\/antcube.shop\/nb\/wp-json\/wp\/v2\/pages"}],"about":[{"href":"https:\/\/antcube.shop\/nb\/wp-json\/wp\/v2\/types\/page"}],"author":[{"embeddable":true,"href":"https:\/\/antcube.shop\/nb\/wp-json\/wp\/v2\/users\/1"}],"replies":[{"embeddable":true,"href":"https:\/\/antcube.shop\/nb\/wp-json\/wp\/v2\/comments?post=643"}],"version-history":[{"count":6,"href":"https:\/\/antcube.shop\/nb\/wp-json\/wp\/v2\/pages\/643\/revisions"}],"predecessor-version":[{"id":10641,"href":"https:\/\/antcube.shop\/nb\/wp-json\/wp\/v2\/pages\/643\/revisions\/10641"}],"wp:attachment":[{"href":"https:\/\/antcube.shop\/nb\/wp-json\/wp\/v2\/media?parent=643"}],"curies":[{"name":"wp","href":"https:\/\/api.w.org\/{rel}","templated":true}]}}