{"id":641,"date":"2021-07-30T13:35:42","date_gmt":"2021-07-30T11:35:42","guid":{"rendered":"https:\/\/antcube.shop\/?page_id=641"},"modified":"2024-11-29T15:44:57","modified_gmt":"2024-11-29T14:44:57","slug":"batteriloven","status":"publish","type":"page","link":"https:\/\/antcube.shop\/nb\/batteriloven\/","title":{"rendered":"Batterilovgivning"},"content":{"rendered":"<div id=\"gap-1947394994\" class=\"gap-element clearfix\" style=\"display:block; height:auto;\">\n\t\t\n<style>\n#gap-1947394994 {\n  padding-top: 190px;\n}\n<\/style>\n\t<\/div>\n\t\n\n<div class=\"row\"  id=\"row-216191856\">\n\n\n\t<div id=\"col-1545238751\" class=\"col small-12 large-12\"  >\n\t\t\t\t<div class=\"col-inner\"  >\n\t\t\t\n\t\t\t\n\n<h3><b>Merknader til batteriloven (BattG)<\/b><\/h3>\n<ol>\n<li><b> batterier og oppladbare batterier i enheter <\/b><b><br \/><\/b><span style=\"font-weight: 400;\">Mange av produktene v\u00e5re inneholder batterier eller oppladbare batterier som for eksempel brukes til \u00e5 betjene fjernkontroller eller som fastmonterte komponenter i apparater. I forbindelse med salg av disse batteriene eller oppladbare batteriene vil vi gj\u00f8re deg oppmerksom p\u00e5 f\u00f8lgende:<\/span><\/li>\n<li><b> juridisk forpliktelse til \u00e5 returnere<\/b><\/li>\n<\/ol>\n<ul>\n<li style=\"font-weight: 400;\" aria-level=\"1\"><b>Avhending av brukte batterier<\/b><span style=\"font-weight: 400;\"><br \/><\/span><span style=\"font-weight: 400;\"> I henhold til batteriloven skal brukte batterier leveres gratis til en kommunal innsamlingssentral, i spesielle beholdere for brukte batterier eller hos en lokal forhandler.<\/span><\/li>\n<li style=\"font-weight: 400;\" aria-level=\"1\"><b>Forbud mot deponering i husholdningsavfall<\/b><span style=\"font-weight: 400;\"><br \/><\/span><span style=\"font-weight: 400;\">Det er uttrykkelig forbudt \u00e5 kaste batterier i husholdningsavfallet.<\/span><\/li>\n<\/ul>\n<ol start=\"3\">\n<li><b> returalternativer hos ANTSTORE <\/b><b><br \/><\/b><span style=\"font-weight: 400;\">Hvis du ikke \u00f8nsker \u00e5 bruke et kommunalt innsamlingssted eller din lokale forhandler, tilbyr vi deg f\u00f8lgende alternativer for retur av batterier levert av oss:<\/span><\/li>\n<\/ol>\n<ul>\n<li style=\"font-weight: 400;\" aria-level=\"1\"><b>Gratis retur p\u00e5 stedet<\/b><span style=\"font-weight: 400;\"><br \/><\/span><span style=\"font-weight: 400;\">Du kan returnere batterier direkte til butikken v\u00e5r.<\/span><\/li>\n<li style=\"font-weight: 400;\" aria-level=\"1\"><b>Retur per post<\/b><span style=\"font-weight: 400;\"><br \/><\/span><span style=\"font-weight: 400;\">Send batteriene til:<\/span><span style=\"font-weight: 400;\"><br \/><\/span><b>ANTSTORE<\/b><b><br \/><\/b><b>Selerweg 41<\/b><b><br \/><\/b><b>D-12169 Berlin<\/b><\/li>\n<\/ul>\n<ol start=\"4\">\n<li><b> merking av batterier som inneholder skadelige stoffer <\/b><b><br \/><\/b><span style=\"font-weight: 400;\">Batterier som inneholder skadelige stoffer er merket med symbolet for en <\/span><b>overkrysset s\u00f8ppelb\u00f8tte<\/b><span style=\"font-weight: 400;\">. Under dette symbolet finner du kjemiske forkortelser for de skadelige stoffene som finnes:<\/span><\/li>\n<\/ol>\n<ul>\n<li style=\"font-weight: 400;\" aria-level=\"1\"><b>Pb <\/b><span style=\"font-weight: 400;\">= batteriet inneholder bly<\/span><\/li>\n<li style=\"font-weight: 400;\" aria-level=\"1\"><b>Cd <\/b><span style=\"font-weight: 400;\">= batteriet inneholder kadmium<\/span><\/li>\n<li style=\"font-weight: 400;\" aria-level=\"1\"><b>Hg <\/b><span style=\"font-weight: 400;\">= batteriet inneholder kvikks\u00f8lv<\/span><\/li>\n<\/ul>\n<ol start=\"5\">\n<li><b> ytterligere informasjon<\/b><\/li>\n<\/ol>\n<ul>\n<li style=\"font-weight: 400;\" aria-level=\"1\"><span style=\"font-weight: 400;\">Du vil finne detaljert informasjon:<\/span>\n<ul>\n<li style=\"font-weight: 400;\" aria-level=\"2\"><span style=\"font-weight: 400;\">I dokumentene som f\u00f8lger med vareleveransen.<\/span><\/li>\n<li style=\"font-weight: 400;\" aria-level=\"2\"><span style=\"font-weight: 400;\">I bruksanvisningen fra den respektive produsenten av enheten.<\/span><\/li>\n<\/ul>\n<\/li>\n<li style=\"font-weight: 400;\" aria-level=\"1\"><span style=\"font-weight: 400;\">Du kan f\u00e5 mer informasjon om batteriloven:<\/span>\n<ul>\n<li style=\"font-weight: 400;\" aria-level=\"2\"><span style=\"font-weight: 400;\">Hos Forbundsdepartementet for milj\u00f8, naturvern og atomsikkerhet <\/span><a href=\"http:\/\/www.bmu.de\/abfallwirtschaft\"><span style=\"font-weight: 400;\">(<\/span><span style=\"font-weight: 400;\">www.bmu.de)<\/span><\/a><\/li>\n<li style=\"font-weight: 400;\" aria-level=\"2\"><span style=\"font-weight: 400;\">Hos det f\u00f8derale milj\u00f8byr\u00e5et <\/span><a href=\"http:\/\/www.uba.de\"><span style=\"font-weight: 400;\">(<\/span><span style=\"font-weight: 400;\">www.uba.de)<\/span><\/a><\/li>\n<\/ul>\n<\/li>\n<\/ul>\n<p><b>Sammendrag<\/b><\/p>\n<ul>\n<li style=\"font-weight: 400;\" aria-level=\"1\"><span style=\"font-weight: 400;\">Batterier h\u00f8rer ikke hjemme i husholdningsavfallet.<\/span><\/li>\n<li style=\"font-weight: 400;\" aria-level=\"1\"><span style=\"font-weight: 400;\">Bruk kommunale innsamlingssteder, containere for brukte batterier eller returmulighetene p\u00e5 ANTSTORE.<\/span><\/li>\n<li style=\"font-weight: 400;\" aria-level=\"1\"><span style=\"font-weight: 400;\">Se etter det overkryssede s\u00f8ppelb\u00f8ttesymbolet og merkingen av forurensende stoffer.<\/span><\/li>\n<\/ul>\n<p><span style=\"font-weight: 400;\">Takk for at du bidrar aktivt til \u00e5 beskytte milj\u00f8et ved \u00e5 kaste batteriene p\u00e5 riktig m\u00e5te!<\/span><\/p>\n<h3><br \/><br \/><br \/><br \/><br \/><br \/><\/h3>\n\n\t\t<\/div>\n\t\t\t\t\t<\/div>\n\n\t\n\n<\/div>","protected":false},"excerpt":{"rendered":"","protected":false},"author":1,"featured_media":0,"parent":0,"menu_order":0,"comment_status":"closed","ping_status":"closed","template":"","meta":{"_acf_changed":false,"content-type":"","_monsterinsights_skip_tracking":false,"_monsterinsights_sitenote_active":false,"_monsterinsights_sitenote_note":"","_monsterinsights_sitenote_category":0,"footnotes":""},"class_list":["post-641","page","type-page","status-publish","hentry"],"acf":[],"aioseo_notices":[],"jetpack_sharing_enabled":true,"_links":{"self":[{"href":"https:\/\/antcube.shop\/nb\/wp-json\/wp\/v2\/pages\/641","targetHints":{"allow":["GET"]}}],"collection":[{"href":"https:\/\/antcube.shop\/nb\/wp-json\/wp\/v2\/pages"}],"about":[{"href":"https:\/\/antcube.shop\/nb\/wp-json\/wp\/v2\/types\/page"}],"author":[{"embeddable":true,"href":"https:\/\/antcube.shop\/nb\/wp-json\/wp\/v2\/users\/1"}],"replies":[{"embeddable":true,"href":"https:\/\/antcube.shop\/nb\/wp-json\/wp\/v2\/comments?post=641"}],"version-history":[{"count":3,"href":"https:\/\/antcube.shop\/nb\/wp-json\/wp\/v2\/pages\/641\/revisions"}],"predecessor-version":[{"id":10643,"href":"https:\/\/antcube.shop\/nb\/wp-json\/wp\/v2\/pages\/641\/revisions\/10643"}],"wp:attachment":[{"href":"https:\/\/antcube.shop\/nb\/wp-json\/wp\/v2\/media?parent=641"}],"curies":[{"name":"wp","href":"https:\/\/api.w.org\/{rel}","templated":true}]}}