{"id":628,"date":"2021-07-30T13:29:33","date_gmt":"2021-07-30T11:29:33","guid":{"rendered":"https:\/\/antcube.shop\/?page_id=628"},"modified":"2025-11-17T11:20:38","modified_gmt":"2025-11-17T10:20:38","slug":"forhandler","status":"publish","type":"page","link":"https:\/\/antcube.shop\/nb\/forhandler\/","title":{"rendered":"Bli forhandler"},"content":{"rendered":"<div id=\"gap-1925529609\" class=\"gap-element clearfix\" style=\"display:block; height:auto;\">\n\t\t\n<style>\n#gap-1925529609 {\n  padding-top: 181px;\n}\n@media (min-width:550px) {\n  #gap-1925529609 {\n    padding-top: 185px;\n  }\n}\n@media (min-width:850px) {\n  #gap-1925529609 {\n    padding-top: 137px;\n  }\n}\n<\/style>\n\t<\/div>\n\t\n\n\n  <div class=\"banner has-hover\" id=\"banner-1823377171\">\n          <div class=\"banner-inner fill\">\n        <div class=\"banner-bg fill\" >\n            <img loading=\"lazy\" decoding=\"async\" width=\"900\" height=\"600\" src=\"https:\/\/i0.wp.com\/antcube.shop\/wp-content\/uploads\/2021\/09\/pexels-thirdman-5684382-scaled.jpg?fit=900%2C600&amp;ssl=1\" class=\"bg attachment-large size-large\" alt=\"\" \/>                        <div class=\"overlay\"><\/div>            \n                    <\/div>\n\t\t\n        <div class=\"banner-layers container\">\n            <div class=\"fill banner-link\"><\/div>            \n\n   <div id=\"text-box-1218931646\" class=\"text-box banner-layer x0 md-x50 lg-x50 y50 md-y85 lg-y35 res-text\">\n                                <div class=\"text-box-content text dark text-shadow-3\">\n              \n              <div class=\"text-inner text-center\">\n                  \n\n\t<div id=\"text-1138952068\" class=\"text\">\n\t\t\n\n<h1><strong>Vi leter etter forhandlere!<\/strong><\/h1>\n<p>Vi leter etter forhandlere og partnere for \u00e5 selge v\u00e5re ANTCUBE-produkter til maurholdere over hele verden. Hvis du \u00f8nsker \u00e5 bli med oss og delta i \u00e5 skape et verdensomspennende fellesskap av maur- og naturelskere<\/p>\n\t\t\n<style>\n#text-1138952068 {\n  font-size: 0.75rem;\n  line-height: 1;\n  text-align: center;\n}\n@media (min-width:550px) {\n  #text-1138952068 {\n    font-size: 0.95rem;\n  }\n}\n@media (min-width:850px) {\n  #text-1138952068 {\n    font-size: 1.25rem;\n  }\n}\n<\/style>\n\t<\/div>\n\t\n\t<div id=\"text-1954151409\" class=\"text\">\n\t\t\n\n<p>Kontakt oss p\u00e5\u00a0<\/p>\n\t\t\n<style>\n#text-1954151409 {\n  font-size: 1.05rem;\n  line-height: 0.75;\n}\n@media (min-width:550px) {\n  #text-1954151409 {\n    font-size: 2.25rem;\n  }\n}\n<\/style>\n\t<\/div>\n\t\n\t<div id=\"text-239932816\" class=\"text\">\n\t\t\n\n<p>sales@antcube.de<\/p>\n\t\t\n<style>\n#text-239932816 {\n  font-size: 0.75rem;\n  line-height: 0.75;\n}\n@media (min-width:550px) {\n  #text-239932816 {\n    font-size: 2.25rem;\n  }\n}\n<\/style>\n\t<\/div>\n\t\n\n              <\/div>\n           <\/div>\n                            \n<style>\n#text-box-1218931646 {\n  width: 100%;\n}\n#text-box-1218931646 .text-box-content {\n  font-size: 100%;\n}\n@media (min-width:550px) {\n  #text-box-1218931646 {\n    width: 87%;\n  }\n}\n<\/style>\n    <\/div>\n \n\n        <\/div>\n      <\/div>\n\n              <div class=\"height-fix is-invisible\"><img loading=\"lazy\" decoding=\"async\" width=\"900\" height=\"600\" src=\"https:\/\/i0.wp.com\/antcube.shop\/wp-content\/uploads\/2021\/09\/pexels-thirdman-5684382-scaled.jpg?fit=900%2C600&amp;ssl=1\" class=\"attachment-large size-large\" alt=\"\" srcset=\"https:\/\/i0.wp.com\/antcube.shop\/wp-content\/uploads\/2021\/09\/pexels-thirdman-5684382-scaled.jpg?w=2560&amp;ssl=1 2560w, https:\/\/i0.wp.com\/antcube.shop\/wp-content\/uploads\/2021\/09\/pexels-thirdman-5684382-scaled.jpg?resize=510%2C340&amp;ssl=1 510w, https:\/\/i0.wp.com\/antcube.shop\/wp-content\/uploads\/2021\/09\/pexels-thirdman-5684382-scaled.jpg?resize=600%2C400&amp;ssl=1 600w, https:\/\/i0.wp.com\/antcube.shop\/wp-content\/uploads\/2021\/09\/pexels-thirdman-5684382-scaled.jpg?resize=1200%2C800&amp;ssl=1 1200w, https:\/\/i0.wp.com\/antcube.shop\/wp-content\/uploads\/2021\/09\/pexels-thirdman-5684382-scaled.jpg?resize=768%2C512&amp;ssl=1 768w, https:\/\/i0.wp.com\/antcube.shop\/wp-content\/uploads\/2021\/09\/pexels-thirdman-5684382-scaled.jpg?resize=1536%2C1024&amp;ssl=1 1536w, https:\/\/i0.wp.com\/antcube.shop\/wp-content\/uploads\/2021\/09\/pexels-thirdman-5684382-scaled.jpg?resize=2048%2C1365&amp;ssl=1 2048w\" sizes=\"auto, (max-width: 900px) 100vw, 900px\" \/><\/div>\n            \n<style>\n#banner-1823377171 .overlay {\n  background-color: rgba(0, 0, 0, 0.174);\n}\n#banner-1823377171 .banner-bg img {\n  object-position: 50% 45%;\n}\n<\/style>\n  <\/div>\n\n\n\t<div id=\"gap-580682891\" class=\"gap-element clearfix\" style=\"display:block; height:auto;\">\n\t\t\n<style>\n#gap-580682891 {\n  padding-top: 30px;\n}\n<\/style>\n\t<\/div>\n\t\n\n<div class=\"row\"  id=\"row-1443262177\">\n\n\n\t<div id=\"col-1073050501\" class=\"col small-12 large-12\"  >\n\t\t\t\t<div class=\"col-inner\"  >\n\t\t\t\n\t\t\t\n\n<div class=\"wp-block-cover alignfull has-nv-site-bg-background-color has-background-dim\">\n<div class=\"wp-block-cover__inner-container\">\n<h2 class=\"has-text-align-center has-neve-text-color-color has-text-color\">Er du interessert i \u00e5 selge v\u00e5re produkter?<\/h2>\n<\/div>\n<\/div>\n<h2 class=\"has-text-align-center has-medium-font-size\">V\u00e5rt m\u00e5l<\/h2>\n<p class=\"has-text-align-center\">Vi leter etter forhandlere og partnere for \u00e5 selge v\u00e5re ANTCUBE-produkter til maurholdere over hele verden. Vi \u00f8nsker \u00e5 bygge et internasjonalt fellesskap av butikkeiere og hobbyister for \u00e5 gj\u00f8re maurhold mer popul\u00e6rt og profesjonelt. Hvis du allerede eier en butikk eller leter etter en ny forretningsmulighet, er du velkommen til \u00e5 kontakte oss.<\/p>\n<h2 class=\"has-text-align-center has-medium-font-size\">Maurhold er en virksomhet i vekst<\/h2>\n<p class=\"has-text-align-center\">Maurhold har blitt sv\u00e6rt popul\u00e6rt de siste \u00e5rene. Vi er vitne til et voksende fellesskap av lidenskapelige maurelskere fra hele verden. I tillegg f\u00e5r vi stadig flere foresp\u00f8rsler fra bedrifter, dyreparker, museer, universiteter, vitenskapelige institusjoner osv.<\/p>\n<h2 class=\"has-text-align-center has-medium-font-size\" style=\"font-size: 23.04px;\">\u00a0<\/h2>\n<p><img data-recalc-dims=\"1\" loading=\"lazy\" decoding=\"async\" class=\"size-medium wp-image-3944 aligncenter\" src=\"https:\/\/i0.wp.com\/antcube.shop\/wp-content\/uploads\/2021\/11\/Palette-Beispiel-mit-Export-600x400.jpg?resize=600%2C400&#038;ssl=1\" alt=\"\" width=\"600\" height=\"400\" srcset=\"https:\/\/i0.wp.com\/antcube.shop\/wp-content\/uploads\/2021\/11\/Palette-Beispiel-mit-Export-scaled.jpg?resize=600%2C400&amp;ssl=1 600w, https:\/\/i0.wp.com\/antcube.shop\/wp-content\/uploads\/2021\/11\/Palette-Beispiel-mit-Export-scaled.jpg?resize=1200%2C800&amp;ssl=1 1200w, https:\/\/i0.wp.com\/antcube.shop\/wp-content\/uploads\/2021\/11\/Palette-Beispiel-mit-Export-scaled.jpg?resize=768%2C512&amp;ssl=1 768w, https:\/\/i0.wp.com\/antcube.shop\/wp-content\/uploads\/2021\/11\/Palette-Beispiel-mit-Export-scaled.jpg?resize=1536%2C1024&amp;ssl=1 1536w, https:\/\/i0.wp.com\/antcube.shop\/wp-content\/uploads\/2021\/11\/Palette-Beispiel-mit-Export-scaled.jpg?resize=2048%2C1365&amp;ssl=1 2048w, https:\/\/i0.wp.com\/antcube.shop\/wp-content\/uploads\/2021\/11\/Palette-Beispiel-mit-Export-scaled.jpg?resize=18%2C12&amp;ssl=1 18w, https:\/\/i0.wp.com\/antcube.shop\/wp-content\/uploads\/2021\/11\/Palette-Beispiel-mit-Export-scaled.jpg?resize=510%2C340&amp;ssl=1 510w\" sizes=\"auto, (max-width: 600px) 100vw, 600px\" \/><\/p>\n<h2 class=\"has-text-align-center has-medium-font-size\">Hvorfor ANTCUBE?<\/h2>\n<p class=\"has-text-align-center\">Vi er en av de st\u00f8rste og lengst eksisterende maurbutikkene i verden. Mer enn 20 \u00e5rs erfaring med \u00e5 holde maur og bygge maurtuer har gjort oss til det vi er i dag. Vi er overbevist om at kvalitet, holdbarhet og b\u00e6rekraft blir viktigere og viktigere. Derfor fokuserer vi p\u00e5 glass som materiale for v\u00e5re formicarium. I motsetning til akryl og plast etterlater glass et mye mindre \u00f8kologisk fotavtrykk. I tillegg jobber vi med fullstendig resirkulerbar emballasje.<\/p>\n<p class=\"has-text-align-center\">Glass har ogs\u00e5 den fordelen at det ikke forringes ved noen temperatur eller fuktighet som er egnet for maurhold. Glassruter blir ikke riper s\u00e5 raskt, deformeres ikke og misfarges ikke. Rengj\u00f8ring og betjening er enkel, utseendet er veldig naturlig og elegant. V\u00e5r r\u00f8mningsbeskyttelse er veldig effektiv, selv med spesielt sm\u00e5 maurarter, og det er uendelige muligheter for tilpasning og utvidelse.<\/p>\n<h2 class=\"has-text-align-center has-medium-font-size\">Hvorfor maurhold?<\/h2>\n<p class=\"has-text-align-center\">Maur er veldig enkle \u00e5 holde, avhengig av arten. Du trenger lite plass og kan mate dem stort sett hva som helst. Maur for\u00e5rsaker nesten ingen lukt, er veldig rene dyr, lager ingen st\u00f8y og produserer nesten ingen kostnader etter anskaffelsen av kolonien og formicariumet. Dessuten trenger de aldri \u00e5 g\u00e5 til veterin\u00e6ren.<\/p>\n<p class=\"has-text-align-center\">Maur er utrolig fascinerende. \u00c5 se en enkelt dronning oppdra sine f\u00f8rste arbeidere over flere \u00e5r og deretter se kolonien vokse til tusenvis av medlemmer gjennom perfekt samarbeid og bruk av ressurser er en unik opplevelse. De er ekstremt sosiale dyr, og noen arter danner forskjellige kaster som arbeidere, soldater, b\u00f8nder eller til og med sykepleiere, og gjett hva, de er alle hunner. Maur er ogs\u00e5 utrolig viktige for milj\u00f8et v\u00e5rt. Ikke bare er de til stede i alle beboelige \u00f8kosystemer i verden, de er ogs\u00e5 mer spesialiserte og allsidige enn noen andre arter. Maur ligner ogs\u00e5 p\u00e5 oss i m\u00e5ten de lever p\u00e5. Arbeidsdelingen, det \u00e5 leve sammen i store kolonier p\u00e5 begrenset plass og bruken av ulike niv\u00e5er i n\u00e6ringskjeden i alle \u00f8kosystemer gj\u00f8r dem s\u00e5 vellykkede, akkurat som oss mennesker. Den eneste forskjellen er at vi ikke p\u00e5 langt n\u00e6r er like effektive, og maurene har eksistert i mer enn 130 millioner \u00e5r, mens menneskene bare har eksistert i rundt 300 000 \u00e5r.<\/p>\n\n\t\t<\/div>\n\t\t\t\t\t<\/div>\n\n\t\n\n<\/div>\n<div class=\"row\"  id=\"row-1396530517\">\n\n\n\t<div id=\"col-1444684431\" class=\"col medium-6 large-6\"  >\n\t\t\t\t<div class=\"col-inner\" style=\"background-color:#61ca9f;\" >\n\t\t\t\n\t\t\t\n\n<div class=\"container section-title-container\" ><h3 class=\"section-title section-title-normal\"><b aria-hidden=\"true\"><\/b><span class=\"section-title-main\" ><i class=\"icon-envelop\" aria-hidden=\"true\"><\/i>Kontakt oss<\/span><b aria-hidden=\"true\"><\/b><\/h3><\/div>\n\n\t<div id=\"text-3627137188\" class=\"text\">\n\t\t\n\n<\/p>\n<ul>\n<li><strong>E-post<\/strong>: sales@antcube.de<\/li>\n<li><strong>Telefon<\/strong>: +49 30 439703870<\/li>\n<\/ul>\n<p><strong>Arbeidstid <\/strong>(UTC\/GMT +1):<\/p>\n<ul>\n<li>Tirsdag til fredag fra 10:00 - 18:00<\/li>\n<\/ul>\n\n\t\t\n<style>\n#text-3627137188 {\n  font-size: 0.75rem;\n}\n@media (min-width:550px) {\n  #text-3627137188 {\n    font-size: 1.5rem;\n  }\n}\n<\/style>\n\t<\/div>\n\t\n\t<div id=\"gap-357542134\" class=\"gap-element clearfix\" style=\"display:block; height:auto;\">\n\t\t\n<style>\n#gap-357542134 {\n  padding-top: 60px;\n}\n<\/style>\n\t<\/div>\n\t\n\n\t<div class=\"img has-hover x md-x lg-x y md-y lg-y\" id=\"image_855490393\">\n\t\t\t\t\t\t\t\t<div class=\"img-inner dark\" >\n\t\t\t<img data-recalc-dims=\"1\" loading=\"lazy\" decoding=\"async\" width=\"900\" height=\"900\" src=\"https:\/\/i0.wp.com\/antcube.shop\/wp-content\/uploads\/2021\/09\/Firmeneingang.jpg?resize=900%2C900&#038;ssl=1\" class=\"attachment-original size-original\" alt=\"ANTSTORE inngang\" srcset=\"https:\/\/i0.wp.com\/antcube.shop\/wp-content\/uploads\/2021\/09\/Firmeneingang.jpg?w=900&amp;ssl=1 900w, https:\/\/i0.wp.com\/antcube.shop\/wp-content\/uploads\/2021\/09\/Firmeneingang.jpg?resize=247%2C247&amp;ssl=1 247w, https:\/\/i0.wp.com\/antcube.shop\/wp-content\/uploads\/2021\/09\/Firmeneingang.jpg?resize=100%2C100&amp;ssl=1 100w, https:\/\/i0.wp.com\/antcube.shop\/wp-content\/uploads\/2021\/09\/Firmeneingang.jpg?resize=510%2C510&amp;ssl=1 510w, https:\/\/i0.wp.com\/antcube.shop\/wp-content\/uploads\/2021\/09\/Firmeneingang.jpg?resize=400%2C400&amp;ssl=1 400w, https:\/\/i0.wp.com\/antcube.shop\/wp-content\/uploads\/2021\/09\/Firmeneingang.jpg?resize=800%2C800&amp;ssl=1 800w, https:\/\/i0.wp.com\/antcube.shop\/wp-content\/uploads\/2021\/09\/Firmeneingang.jpg?resize=280%2C280&amp;ssl=1 280w, https:\/\/i0.wp.com\/antcube.shop\/wp-content\/uploads\/2021\/09\/Firmeneingang.jpg?resize=768%2C768&amp;ssl=1 768w\" sizes=\"auto, (max-width: 900px) 100vw, 900px\" \/>\t\t\t\t\t\t\n\t\t\t\t\t<\/div>\n\t\t\t\t\t\t\t\t\n<style>\n#image_855490393 {\n  width: 100%;\n}\n<\/style>\n\t<\/div>\n\t\n\n\n\t\t<\/div>\n\t\t\t\t\t<\/div>\n\n\t\n\n\t<div id=\"col-797614661\" class=\"col medium-6 large-6\"  >\n\t\t\t\t<div class=\"col-inner\"  >\n\t\t\t\n\t\t\t\n\n<div class=\"container section-title-container\" ><h3 class=\"section-title section-title-normal\"><b aria-hidden=\"true\"><\/b><span class=\"section-title-main\" >Bes\u00f8k v\u00e5r butikk<\/span><b aria-hidden=\"true\"><\/b><\/h3><\/div>\n\n\t<div id=\"text-728625933\" class=\"text\">\n\t\t\n\n<p><strong>Adresse:<\/strong><\/p>\n<ul>\n<li>Street: Selerweg 41<\/li>\n<li>Postnummer: D - 12169<\/li>\n<li>By: Berlin<\/li>\n<li>Land: Tyskland<\/li>\n<li>Bydel: Steglitz-Zehlendorf<\/li>\n<\/ul>\n<p><strong>\u00c5pningstider<\/strong> (UTC\/GMT +1)<\/p>\n<ul>\n<li>Tirsdag til fredag 13:00 - 18:00<\/li>\n<\/ul>\n<p><strong>COVID-19 MERKNAD:<\/strong> V\u00e5r butikk er <strong>stengt siden mars 2020<\/strong> eller enn\u00e5 ikke tilgjengelig for bes\u00f8kende. Du kan imidlertid bestille og betale for produktene v\u00e5re p\u00e5 nettet og deretter enten hente alt p\u00e5 inngangsd\u00f8ren v\u00e5r, eller vi sender produktene med pakkeservice hjem til deg. St\u00f8tteteamet v\u00e5rt er fortsatt tilgjengelig for foresp\u00f8rsler via e-post eller telefon! Vi vil holde deg oppdatert.<\/p>\n<p><iframe loading=\"lazy\" style=\"border: 0;\" src=\"https:\/\/www.google.com\/maps\/embed?pb=!1m18!1m12!1m3!1d2431.3708399886823!2d13.335121715997175!3d52.454311048847416!2m3!1f0!2f0!3f0!3m2!1i1024!2i768!4f13.1!3m3!1m2!1s0x47a85a9242e5bc07%3A0xc44ee1d5a0728440!2sANTSTORE!5e0!3m2!1sde!2sde!4v1632470583913!5m2!1sde!2sde\" width=\"600\" height=\"450\" allowfullscreen=\"allowfullscreen\"><\/iframe><\/p>\n\t\t\n<style>\n#text-728625933 {\n  font-size: 0.75rem;\n}\n<\/style>\n\t<\/div>\n\t\n\n\t\t<\/div>\n\t\t\t\t\t<\/div>\n\n\t\n\n<\/div>","protected":false},"excerpt":{"rendered":"","protected":false},"author":1,"featured_media":0,"parent":0,"menu_order":0,"comment_status":"closed","ping_status":"closed","template":"","meta":{"_acf_changed":false,"content-type":"","_monsterinsights_skip_tracking":false,"_monsterinsights_sitenote_active":false,"_monsterinsights_sitenote_note":"","_monsterinsights_sitenote_category":0,"footnotes":""},"class_list":["post-628","page","type-page","status-publish","hentry"],"acf":[],"aioseo_notices":[],"jetpack_sharing_enabled":true,"_links":{"self":[{"href":"https:\/\/antcube.shop\/nb\/wp-json\/wp\/v2\/pages\/628","targetHints":{"allow":["GET"]}}],"collection":[{"href":"https:\/\/antcube.shop\/nb\/wp-json\/wp\/v2\/pages"}],"about":[{"href":"https:\/\/antcube.shop\/nb\/wp-json\/wp\/v2\/types\/page"}],"author":[{"embeddable":true,"href":"https:\/\/antcube.shop\/nb\/wp-json\/wp\/v2\/users\/1"}],"replies":[{"embeddable":true,"href":"https:\/\/antcube.shop\/nb\/wp-json\/wp\/v2\/comments?post=628"}],"version-history":[{"count":10,"href":"https:\/\/antcube.shop\/nb\/wp-json\/wp\/v2\/pages\/628\/revisions"}],"predecessor-version":[{"id":12738,"href":"https:\/\/antcube.shop\/nb\/wp-json\/wp\/v2\/pages\/628\/revisions\/12738"}],"wp:attachment":[{"href":"https:\/\/antcube.shop\/nb\/wp-json\/wp\/v2\/media?parent=628"}],"curies":[{"name":"wp","href":"https:\/\/api.w.org\/{rel}","templated":true}]}}