{"id":4440,"date":"2022-07-21T17:15:31","date_gmt":"2022-07-21T15:15:31","guid":{"rendered":"https:\/\/antcube.shop\/?page_id=4440"},"modified":"2026-04-17T10:53:28","modified_gmt":"2026-04-17T08:53:28","slug":"influencer-onsket","status":"publish","type":"page","link":"https:\/\/antcube.shop\/nb\/influencer-onsket\/","title":{"rendered":"Influencer s\u00f8kes"},"content":{"rendered":"<div class=\"banner has-hover\" id=\"banner-1886681356\">\n          <div class=\"banner-inner fill\">\n        <div class=\"banner-bg fill\" >\n            <img loading=\"lazy\" decoding=\"async\" width=\"900\" height=\"600\" src=\"https:\/\/i0.wp.com\/antcube.shop\/wp-content\/uploads\/2022\/07\/kenny-eliason-nZJBt4gQlKI-unsplash-scaled.jpg?fit=900%2C600&amp;ssl=1\" class=\"bg attachment-large size-large\" alt=\"\" \/>                        <div class=\"overlay\"><\/div>            \n                    <\/div>\n\t\t\n        <div class=\"banner-layers container\">\n            <div class=\"fill banner-link\"><\/div>            \n\n   <div id=\"text-box-153130809\" class=\"text-box banner-layer x50 md-x50 lg-x50 y20 md-y20 lg-y20 res-text\">\n                                <div class=\"text-box-content text\">\n              \n              <div class=\"text-inner text-left\">\n                  \n\n\t<div id=\"text-2474642824\" class=\"text\">\n\t\t\n\n<h2 class=\"uppercase\"><strong>Internasjonale influensere og merkevareambassad\u00f8rer s\u00f8kes<\/strong><\/h2>\n<p>\u00a0<\/p>\n<p>\u00a0<\/p>\n\t\t\n<style>\n#text-2474642824 {\n  text-align: center;\n}\n<\/style>\n\t<\/div>\n\t\n\n              <\/div>\n           <\/div>\n                            \n<style>\n#text-box-153130809 {\n  width: 60%;\n}\n#text-box-153130809 .text-box-content {\n  font-size: 100%;\n}\n@media (min-width:550px) {\n  #text-box-153130809 {\n    width: 100%;\n  }\n}\n<\/style>\n    <\/div>\n \n   <div id=\"text-box-433831726\" class=\"text-box banner-layer x50 md-x50 lg-x50 y100 md-y100 lg-y100 res-text\">\n                                <div class=\"text-box-content text dark text-shadow-1\">\n              \n              <div class=\"text-inner text-center\">\n                  \n\n\t<div id=\"text-835858762\" class=\"text\">\n\t\t\n\n<p>Uansett om du allerede er i Ants eller pr\u00f8ver \u00e5 finne et nytt nisjeprosjekt for \u00e5 \u00f8ke Instagram-, YouTube- eller TikTok-kontoen din - VI VIL HA DEG!<\/p>\n<p>Vi leter etter lidenskapelige og profesjonelle influencere som \u00f8nsker \u00e5 samarbeide med oss p\u00e5 et enkelt prosjekt eller p\u00e5 regelmessig basis for \u00e5 markedsf\u00f8re produktene v\u00e5re. Uansett hvilket land du kommer fra eller hvilket spr\u00e5k du snakker! Hvis du er interessert, kan du kontakte oss via e-post p\u00e5 <a href=\"mailto:medien@ants.de\">medien@ants.de\u00a0<\/a><\/p>\n\n\t\t\n<style>\n#text-835858762 {\n  font-size: 1.3rem;\n  color: rgb(0,0,0);\n}\n#text-835858762 > * {\n  color: rgb(0,0,0);\n}\n<\/style>\n\t<\/div>\n\t\n\n              <\/div>\n           <\/div>\n                            \n<style>\n#text-box-433831726 {\n  width: 94%;\n}\n#text-box-433831726 .text-box-content {\n  font-size: 100%;\n}\n<\/style>\n    <\/div>\n \n\n        <\/div>\n      <\/div>\n\n            \n<style>\n#banner-1886681356 {\n  padding-top: 1000px;\n  background-color: rgb(255, 255, 255);\n}\n#banner-1886681356 .overlay {\n  background-color: rgba(190, 190, 190, 0.2);\n}\n#banner-1886681356 .banner-bg img {\n  object-position: 56% 97%;\n}\n<\/style>\n  <\/div>","protected":false},"excerpt":{"rendered":"","protected":false},"author":1,"featured_media":0,"parent":0,"menu_order":0,"comment_status":"closed","ping_status":"closed","template":"","meta":{"_acf_changed":false,"content-type":"","_monsterinsights_skip_tracking":false,"_monsterinsights_sitenote_active":false,"_monsterinsights_sitenote_note":"","_monsterinsights_sitenote_category":0,"footnotes":""},"class_list":["post-4440","page","type-page","status-publish","hentry"],"acf":[],"aioseo_notices":[],"jetpack_sharing_enabled":true,"_links":{"self":[{"href":"https:\/\/antcube.shop\/nb\/wp-json\/wp\/v2\/pages\/4440","targetHints":{"allow":["GET"]}}],"collection":[{"href":"https:\/\/antcube.shop\/nb\/wp-json\/wp\/v2\/pages"}],"about":[{"href":"https:\/\/antcube.shop\/nb\/wp-json\/wp\/v2\/types\/page"}],"author":[{"embeddable":true,"href":"https:\/\/antcube.shop\/nb\/wp-json\/wp\/v2\/users\/1"}],"replies":[{"embeddable":true,"href":"https:\/\/antcube.shop\/nb\/wp-json\/wp\/v2\/comments?post=4440"}],"version-history":[{"count":10,"href":"https:\/\/antcube.shop\/nb\/wp-json\/wp\/v2\/pages\/4440\/revisions"}],"predecessor-version":[{"id":13418,"href":"https:\/\/antcube.shop\/nb\/wp-json\/wp\/v2\/pages\/4440\/revisions\/13418"}],"wp:attachment":[{"href":"https:\/\/antcube.shop\/nb\/wp-json\/wp\/v2\/media?parent=4440"}],"curies":[{"name":"wp","href":"https:\/\/api.w.org\/{rel}","templated":true}]}}