{"id":2479,"date":"2021-09-30T10:43:05","date_gmt":"2021-09-30T08:43:05","guid":{"rendered":"https:\/\/antcube.shop\/?page_id=2479"},"modified":"2023-12-14T13:31:40","modified_gmt":"2023-12-14T12:31:40","slug":"trinn-4","status":"publish","type":"page","link":"https:\/\/antcube.shop\/nb\/myr-finner\/mellomliggende\/trinn-4\/","title":{"rendered":"Trinn 4"},"content":{"rendered":"<div id=\"gap-583794140\" class=\"gap-element clearfix\" style=\"display:block; height:auto;\">\n\t\t\n<style>\n#gap-583794140 {\n  padding-top: 200px;\n}\n@media (min-width:850px) {\n  #gap-583794140 {\n    padding-top: 175px;\n  }\n}\n<\/style>\n\t<\/div>\n\t\n\n<div class=\"row\"  id=\"row-108790686\">\n\n\n\t<div id=\"col-1789874891\" class=\"col small-12 large-12\"  >\n\t\t\t\t<div class=\"col-inner\"  >\n\t\t\t\n\t\t\t\n\n\t<div id=\"text-2106368090\" class=\"text\">\n\t\t\n\n<h3>Maur for erfarne maurholdere<\/h3>\n<p>Ettersom maur lever i sv\u00e6rt forskjellige habitater med sv\u00e6rt forskjellige klimatiske forhold, m\u00e5 du s\u00f8rge for at du kan s\u00f8rge for riktig temperatur og fuktighet.<\/p>\n<p>For \u00e5 holde riktig luftfuktighet trenger du bare \u00e5 fukte maurfarmen din, for eksempel med en sprayflaske. N\u00e5r det gjelder \u00e5 holde riktig temperatur, blir det imidlertid litt mer komplisert. Du trenger enten en varmelampe, en varmematte eller en varmekabel, eller s\u00e5 m\u00e5 du varme opp rommet der maurene er til riktig temperatur.<\/p>\n<p>Likevel er det mange arter du kan holde i romtemperatur. Selv om det er 1-3 C\u00b0 under den anbefalte temperaturen er det vanligvis ikke problematisk.\u00a0<\/p>\n\t\t\n<style>\n#text-2106368090 {\n  text-align: center;\n}\n<\/style>\n\t<\/div>\n\t\n\n\t\t<\/div>\n\t\t\t\t\t<\/div>\n\n\t\n\n<\/div>\n\t<div id=\"text-4273482726\" class=\"text\">\n\t\t\n\n<p><strong>Sp\u00f8rsm\u00e5l: Leter du etter en maurart du kan holde i romtemperatur?<\/strong><\/p>\n\t\t\n<style>\n#text-4273482726 {\n  font-size: 1.8rem;\n  text-align: center;\n}\n<\/style>\n\t<\/div>\n\t\n<div class=\"row\"  id=\"row-1576547945\">\n\n\n\t<div id=\"col-1376850588\" class=\"col medium-6 small-12 large-6\"  >\n\t\t\t\t<div class=\"col-inner\"  >\n\t\t\t\n\t\t\t\n\n<a href=\"https:\/\/antcube.shop\/ant-finder\/intermediate\/step-4\/step-7\/\" class=\"button secondary expand\" >\n\t\t<span>Ja, jeg vil oppbevare dem i romtemperatur.<\/span>\n\t<\/a>\n\n\n\n\t\t<\/div>\n\t\t\t\t\t<\/div>\n\n\t\n\n\t<div id=\"col-1707849147\" class=\"col medium-6 small-12 large-6\"  >\n\t\t\t\t<div class=\"col-inner\"  >\n\t\t\t\n\t\t\t\n\n<a href=\"https:\/\/antcube.shop\/ant-finder\/intermediate\/step-4\/step-8\/\" class=\"button secondary expand\" >\n\t\t<span>Nei, jeg skal s\u00f8rge for den n\u00f8dvendige temperaturen<\/span>\n\t<\/a>\n\n\n\n\t\t<\/div>\n\t\t\t\t\t<\/div>\n\n\t\n\n<\/div>","protected":false},"excerpt":{"rendered":"","protected":false},"author":1,"featured_media":0,"parent":2468,"menu_order":0,"comment_status":"closed","ping_status":"closed","template":"","meta":{"_acf_changed":false,"content-type":"","_monsterinsights_skip_tracking":false,"_monsterinsights_sitenote_active":false,"_monsterinsights_sitenote_note":"","_monsterinsights_sitenote_category":0,"footnotes":""},"class_list":["post-2479","page","type-page","status-publish","hentry"],"acf":[],"aioseo_notices":[],"jetpack_sharing_enabled":true,"_links":{"self":[{"href":"https:\/\/antcube.shop\/nb\/wp-json\/wp\/v2\/pages\/2479","targetHints":{"allow":["GET"]}}],"collection":[{"href":"https:\/\/antcube.shop\/nb\/wp-json\/wp\/v2\/pages"}],"about":[{"href":"https:\/\/antcube.shop\/nb\/wp-json\/wp\/v2\/types\/page"}],"author":[{"embeddable":true,"href":"https:\/\/antcube.shop\/nb\/wp-json\/wp\/v2\/users\/1"}],"replies":[{"embeddable":true,"href":"https:\/\/antcube.shop\/nb\/wp-json\/wp\/v2\/comments?post=2479"}],"version-history":[{"count":10,"href":"https:\/\/antcube.shop\/nb\/wp-json\/wp\/v2\/pages\/2479\/revisions"}],"predecessor-version":[{"id":6793,"href":"https:\/\/antcube.shop\/nb\/wp-json\/wp\/v2\/pages\/2479\/revisions\/6793"}],"up":[{"embeddable":true,"href":"https:\/\/antcube.shop\/nb\/wp-json\/wp\/v2\/pages\/2468"}],"wp:attachment":[{"href":"https:\/\/antcube.shop\/nb\/wp-json\/wp\/v2\/media?parent=2479"}],"curies":[{"name":"wp","href":"https:\/\/api.w.org\/{rel}","templated":true}]}}