{"id":2466,"date":"2021-09-30T10:03:30","date_gmt":"2021-09-30T08:03:30","guid":{"rendered":"https:\/\/antcube.shop\/?page_id=2466"},"modified":"2023-12-15T12:57:01","modified_gmt":"2023-12-15T11:57:01","slug":"nybegynner","status":"publish","type":"page","link":"https:\/\/antcube.shop\/nb\/myr-finner\/nybegynner\/","title":{"rendered":"nybegynner"},"content":{"rendered":"<div id=\"gap-300244657\" class=\"gap-element clearfix\" style=\"display:block; height:auto;\">\n\t\t\n<style>\n#gap-300244657 {\n  padding-top: 201px;\n}\n@media (min-width:850px) {\n  #gap-300244657 {\n    padding-top: 175px;\n  }\n}\n<\/style>\n\t<\/div>\n\t\n\n<div class=\"row\"  id=\"row-1940597007\">\n\n\n\t<div id=\"col-866797155\" class=\"col small-12 large-12\"  >\n\t\t\t\t<div class=\"col-inner\"  >\n\t\t\t\n\t\t\t\n\n\t<div id=\"text-435269086\" class=\"text\">\n\t\t\n\n<h1>Maur for nybegynnere<\/h1>\n<p>Mange maurarter fra kaldere str\u00f8k har behov for \u00e5 g\u00e5 i dvale. Dette varierer avhengig av artenes opprinnelse. Maur som g\u00e5r i dvale i naturen, b\u00f8r gj\u00f8re det samme i hjemmet ditt. Hvis du ikke gir dyrene deres naturlige pause, kan koloniens vekst avta, eller dronningen kan d\u00f8 veldig tidlig.\u00a0<\/p>\n<p>Noen maur g\u00e5r i dvale i bare tre m\u00e5neder, mens andre trenger en periode p\u00e5 fire til fem m\u00e5neder (vanligvis mellom november og mars). Ogs\u00e5 temperaturen som noen arter trenger for \u00e5 g\u00e5 i dvale, varierer. For eksempel trenger nordeuropeiske arter temperaturer mellom 5 \u00b0C og 8 \u00b0C, mens s\u00f8reuropeiske arter trenger temperaturer rundt 15 \u00b0C. De nordeuropeiske artene stanser aktiviteten helt under dvalen, mens de s\u00f8reuropeiske artene fortsatt er litt aktive.<\/p>\n\t\t\n<style>\n#text-435269086 {\n  text-align: center;\n}\n<\/style>\n\t<\/div>\n\t\n\n\t\t<\/div>\n\t\t\t\t\t<\/div>\n\n\t\n\n<\/div>\n\t<div id=\"gap-1751458701\" class=\"gap-element clearfix\" style=\"display:block; height:auto;\">\n\t\t\n<style>\n#gap-1751458701 {\n  padding-top: 30px;\n}\n<\/style>\n\t<\/div>\n\t\n\n\t<div id=\"text-3594469914\" class=\"text\">\n\t\t\n\n<p><strong>Sp\u00f8rsm\u00e5l: Leter du etter en maurart med eller uten dvale?<\/strong><\/p>\n\t\t\n<style>\n#text-3594469914 {\n  font-size: 1.8rem;\n  text-align: center;\n}\n<\/style>\n\t<\/div>\n\t\n<div class=\"row\" style=\"max-width:650px\" id=\"row-867574853\">\n\n\n\t<div id=\"col-797792597\" class=\"col medium-6 small-12 large-6 col-divided\"  >\n\t\t\t\t<div class=\"col-inner text-center\"  >\n\t\t\t\n\t\t\t\n\n<a href=\"https:\/\/antcube.shop\/ant-finder\/beginner\/step-1\/\" class=\"button secondary expand\" >\n\t\t<span>Maur som trenger dvale<\/span>\n\t<\/a>\n\n\n\n\t\t<\/div>\n\t\t\t\t\t<\/div>\n\n\t\n\n\t<div id=\"col-914714821\" class=\"col medium-6 small-12 large-6\"  >\n\t\t\t\t<div class=\"col-inner text-center\"  >\n\t\t\t\n\t\t\t\n\n<a href=\"https:\/\/antcube.shop\/ant-finder\/beginner\/step-2\/\" class=\"button secondary expand\" >\n\t\t<span>Ingen dvalemodus<\/span>\n\t<\/a>\n\n\n\n\t\t<\/div>\n\t\t\t\t\t<\/div>\n\n\t\n\n<\/div>","protected":false},"excerpt":{"rendered":"","protected":false},"author":1,"featured_media":0,"parent":721,"menu_order":0,"comment_status":"closed","ping_status":"closed","template":"","meta":{"_acf_changed":false,"content-type":"","_monsterinsights_skip_tracking":false,"_monsterinsights_sitenote_active":false,"_monsterinsights_sitenote_note":"","_monsterinsights_sitenote_category":0,"footnotes":""},"class_list":["post-2466","page","type-page","status-publish","hentry"],"acf":[],"aioseo_notices":[],"jetpack_sharing_enabled":true,"_links":{"self":[{"href":"https:\/\/antcube.shop\/nb\/wp-json\/wp\/v2\/pages\/2466","targetHints":{"allow":["GET"]}}],"collection":[{"href":"https:\/\/antcube.shop\/nb\/wp-json\/wp\/v2\/pages"}],"about":[{"href":"https:\/\/antcube.shop\/nb\/wp-json\/wp\/v2\/types\/page"}],"author":[{"embeddable":true,"href":"https:\/\/antcube.shop\/nb\/wp-json\/wp\/v2\/users\/1"}],"replies":[{"embeddable":true,"href":"https:\/\/antcube.shop\/nb\/wp-json\/wp\/v2\/comments?post=2466"}],"version-history":[{"count":10,"href":"https:\/\/antcube.shop\/nb\/wp-json\/wp\/v2\/pages\/2466\/revisions"}],"predecessor-version":[{"id":6873,"href":"https:\/\/antcube.shop\/nb\/wp-json\/wp\/v2\/pages\/2466\/revisions\/6873"}],"up":[{"embeddable":true,"href":"https:\/\/antcube.shop\/nb\/wp-json\/wp\/v2\/pages\/721"}],"wp:attachment":[{"href":"https:\/\/antcube.shop\/nb\/wp-json\/wp\/v2\/media?parent=2466"}],"curies":[{"name":"wp","href":"https:\/\/api.w.org\/{rel}","templated":true}]}}