{"id":102,"date":"2013-08-11T19:22:53","date_gmt":"2013-08-11T19:22:53","guid":{"rendered":"http:\/\/localhost:8888\/test\/?page_id=532"},"modified":"2025-02-17T15:02:29","modified_gmt":"2025-02-17T14:02:29","slug":"kontakt","status":"publish","type":"page","link":"https:\/\/antcube.shop\/nb\/kontakt\/","title":{"rendered":"Kontakt"},"content":{"rendered":"<div id=\"gap-386068444\" class=\"gap-element clearfix\" style=\"display:block; height:auto;\">\n\t\t\n<style>\n#gap-386068444 {\n  padding-top: 30px;\n}\n<\/style>\n\t<\/div>\n\t\n\n<div class=\"row\"  id=\"row-1112033491\">\n\n\n\t<div id=\"col-905680956\" class=\"col medium-6 large-6\"  >\n\t\t\t\t<div class=\"col-inner\"  >\n\t\t\t\n\t\t\t\n\n<div class=\"container section-title-container\" ><h3 class=\"section-title section-title-normal\"><b aria-hidden=\"true\"><\/b><span class=\"section-title-main\" >Ofte stilte sp\u00f8rsm\u00e5l<\/span><b aria-hidden=\"true\"><\/b><\/h3><\/div>\n\n<p class=\"lead\">Vennligst les v\u00e5r <a href=\"https:\/\/antcube.shop\/faq-shop\/\">OFTE STILTE SP\u00d8RSM\u00c5L<\/a> f\u00f8r du sender oss en melding.<\/p>\n<div class=\"accordion\">\n\n\t<div id=\"accordion-1288677003\" class=\"accordion-item\">\n\t\t<a id=\"accordion-1288677003-label\" class=\"accordion-title plain\" href=\"#accordion-item-you-do-not-know-what-ant-species-to-keep-or-which-formicarium-you-should-use?\" aria-expanded=\"false\" aria-controls=\"accordion-1288677003-content\">\n\t\t\t<button class=\"toggle\" aria-label=\"Toggle\"><i class=\"icon-angle-down\" aria-hidden=\"true\"><\/i><\/button>\n\t\t\t<span>Du vet ikke hvilken maurart du skal holde eller hvilket Formicarium du skal bruke?<\/span>\n\t\t<\/a>\n\t\t<div id=\"accordion-1288677003-content\" class=\"accordion-inner\" aria-labelledby=\"accordion-1288677003-label\">\n\t\t\t\n\n<p>Pr\u00f8v \"Ant Finder\" eller \"Formicarium Finder\" - v\u00e5r nettbaserte kundeservice.<\/p>\n<p><a href=\"https:\/\/antcube.shop\/ant-finder\/\">Finn din maurart<\/a><\/p>\n<p><a href=\"https:\/\/antcube.shop\/formicarium-finder\/\">Finn ditt Formicarium<\/a><\/p>\n\n\t\t<\/div>\n\t<\/div>\n\t\n\t<div id=\"accordion-2540784343\" class=\"accordion-item\">\n\t\t<a id=\"accordion-2540784343-label\" class=\"accordion-title plain\" href=\"#accordion-item-what-are-the-delivery-times-and-charges-for-orders-from-the-online-shop?\" aria-expanded=\"false\" aria-controls=\"accordion-2540784343-content\">\n\t\t\t<button class=\"toggle\" aria-label=\"Toggle\"><i class=\"icon-angle-down\" aria-hidden=\"true\"><\/i><\/button>\n\t\t\t<span>Hva er leveringstidene og kostnadene for bestillinger fra nettbutikken?<\/span>\n\t\t<\/a>\n\t\t<div id=\"accordion-2540784343-content\" class=\"accordion-inner\" aria-labelledby=\"accordion-2540784343-label\">\n\t\t\t\n\n<p>Du finner informasjon om forventede leveringstider her:<\/p>\n<p><a href=\"https:\/\/antcube.shop\/delivery-times\/\">Leveringstider<\/a><\/p>\n<p>Hvis du vil vite mer om estimerte fraktkostnader og leveringsrestriksjoner, kan du se her:<\/p>\n<p><a href=\"https:\/\/antcube.shop\/shipping-costs-delivery-restrictions\/\">Fraktkostnader\/ leveringsrestriksjoner<\/a><\/p>\n\n\t\t<\/div>\n\t<\/div>\n\t\n\t<div id=\"accordion-3844769525\" class=\"accordion-item\">\n\t\t<a id=\"accordion-3844769525-label\" class=\"accordion-title plain\" href=\"#accordion-item-you-have-questions-about-returns-or-refunds?\" aria-expanded=\"false\" aria-controls=\"accordion-3844769525-content\">\n\t\t\t<button class=\"toggle\" aria-label=\"Toggle\"><i class=\"icon-angle-down\" aria-hidden=\"true\"><\/i><\/button>\n\t\t\t<span>Har du sp\u00f8rsm\u00e5l om retur eller refusjon?<\/span>\n\t\t<\/a>\n\t\t<div id=\"accordion-3844769525-content\" class=\"accordion-inner\" aria-labelledby=\"accordion-3844769525-label\">\n\t\t\t\n\n<p><a href=\"https:\/\/antcube.shop\/refund-policy\/\">Retningslinjer for refusjon<\/a><\/p>\n<p><a href=\"https:\/\/antcube.shop\/terms-and-conditions\/\">Vilk\u00e5r og betingelser<\/a><\/p>\n\n\t\t<\/div>\n\t<\/div>\n\t\n\t<div id=\"accordion-3521771067\" class=\"accordion-item\">\n\t\t<a id=\"accordion-3521771067-label\" class=\"accordion-title plain\" href=\"#accordion-item-which-payment-methods-are-accepted-in-the-online-shop?\" aria-expanded=\"false\" aria-controls=\"accordion-3521771067-content\">\n\t\t\t<button class=\"toggle\" aria-label=\"Toggle\"><i class=\"icon-angle-down\" aria-hidden=\"true\"><\/i><\/button>\n\t\t\t<span>Hvilke betalingsm\u00e5ter aksepteres i nettbutikken?<\/span>\n\t\t<\/a>\n\t\t<div id=\"accordion-3521771067-content\" class=\"accordion-inner\" aria-labelledby=\"accordion-3521771067-label\">\n\t\t\t\n\n<p>Du finner en oversikt over v\u00e5re godkjente betalingsm\u00e5ter her:<\/p>\n<p><a href=\"https:\/\/antcube.shop\/payment-methods\/\">Betalingsm\u00e5ter<\/a><\/p>\n\n\t\t<\/div>\n\t<\/div>\n\t\n\t<div id=\"accordion-3146650650\" class=\"accordion-item\">\n\t\t<a id=\"accordion-3146650650-label\" class=\"accordion-title plain\" href=\"#accordion-item-you-are-looking-for-user-manuals-for-your-starter-set?\" aria-expanded=\"false\" aria-controls=\"accordion-3146650650-content\">\n\t\t\t<button class=\"toggle\" aria-label=\"Toggle\"><i class=\"icon-angle-down\" aria-hidden=\"true\"><\/i><\/button>\n\t\t\t<span>Leter du etter brukerh\u00e5ndb\u00f8ker for ditt startsett?<\/span>\n\t\t<\/a>\n\t\t<div id=\"accordion-3146650650-content\" class=\"accordion-inner\" aria-labelledby=\"accordion-3146650650-label\">\n\t\t\t\n\n<p>Finn PDF-brukerh\u00e5ndb\u00f8ker til utskrift eller nedlasting her:<\/p>\n<p><a href=\"https:\/\/antcube.shop\/download\/\">Last ned<\/a><\/p>\n\n\t\t<\/div>\n\t<\/div>\n\t\n\t<div id=\"accordion-2756140938\" class=\"accordion-item\">\n\t\t<a id=\"accordion-2756140938-label\" class=\"accordion-title plain\" href=\"#accordion-item-you-need-more-information-about-certain-ant-species-or-ant-keeping-in-general?\" aria-expanded=\"false\" aria-controls=\"accordion-2756140938-content\">\n\t\t\t<button class=\"toggle\" aria-label=\"Toggle\"><i class=\"icon-angle-down\" aria-hidden=\"true\"><\/i><\/button>\n\t\t\t<span>Trenger du mer informasjon om bestemte maurarter eller maurhold generelt?<\/span>\n\t\t<\/a>\n\t\t<div id=\"accordion-2756140938-content\" class=\"accordion-inner\" aria-labelledby=\"accordion-2756140938-label\">\n\t\t\t\n\n<p>Her finner du ofte stilte sp\u00f8rsm\u00e5l om maur og maurhold:<\/p>\n<p><a href=\"https:\/\/antcube.shop\/faq-ants\/\">Ofte stilte sp\u00f8rsm\u00e5l om maur<\/a><\/p>\n<p><a href=\"https:\/\/antcube.shop\/catching-queen-ants\/\">Hvordan fange maurdronningen din<\/a><\/p>\n<p><a href=\"https:\/\/antcube.shop\/ant-species\/\">L\u00e6r mer om maur<\/a><\/p>\n<p><a href=\"https:\/\/antcube.shop\/social-media\/\">Sjekk YouTube-kanalene v\u00e5re, der kan du finne nyttige tips og informasjon.<\/a><\/p>\n\n\t\t<\/div>\n\t<\/div>\n\t\n\t<div id=\"accordion-4229444174\" class=\"accordion-item\">\n\t\t<a id=\"accordion-4229444174-label\" class=\"accordion-title plain\" href=\"#accordion-item-you-have-questions-about-our-products?\" aria-expanded=\"false\" aria-controls=\"accordion-4229444174-content\">\n\t\t\t<button class=\"toggle\" aria-label=\"Toggle\"><i class=\"icon-angle-down\" aria-hidden=\"true\"><\/i><\/button>\n\t\t\t<span>Har du sp\u00f8rsm\u00e5l om v\u00e5re produkter?<\/span>\n\t\t<\/a>\n\t\t<div id=\"accordion-4229444174-content\" class=\"accordion-inner\" aria-labelledby=\"accordion-4229444174-label\">\n\t\t\t\n\n<p>Hvis du har sp\u00f8rsm\u00e5l om produktene v\u00e5re, kan du f\u00f8rst ta en titt i den respektive produktbeskrivelsen i butikken v\u00e5r.<\/p>\n<p>Ellers kan du finne mer informasjon her:<\/p>\n<p><a href=\"https:\/\/antcube.shop\/product-information\/\">Produktinformasjon<\/a><\/p>\n\n\t\t<\/div>\n\t<\/div>\n\t\n\n<\/div>\n\t<div id=\"gap-1019782187\" class=\"gap-element clearfix\" style=\"display:block; height:auto;\">\n\t\t\n<style>\n#gap-1019782187 {\n  padding-top: 60px;\n}\n<\/style>\n\t<\/div>\n\t\n\n\t<div class=\"img has-hover x md-x lg-x y md-y lg-y\" id=\"image_996909143\">\n\t\t\t\t\t\t\t\t<div class=\"img-inner dark\" >\n\t\t\t<img data-recalc-dims=\"1\" loading=\"lazy\" decoding=\"async\" width=\"900\" height=\"900\" src=\"https:\/\/i0.wp.com\/antcube.shop\/wp-content\/uploads\/2021\/09\/Firmeneingang.jpg?resize=900%2C900&#038;ssl=1\" class=\"attachment-original size-original\" alt=\"ANTSTORE inngang\" srcset=\"https:\/\/i0.wp.com\/antcube.shop\/wp-content\/uploads\/2021\/09\/Firmeneingang.jpg?w=900&amp;ssl=1 900w, https:\/\/i0.wp.com\/antcube.shop\/wp-content\/uploads\/2021\/09\/Firmeneingang.jpg?resize=247%2C247&amp;ssl=1 247w, https:\/\/i0.wp.com\/antcube.shop\/wp-content\/uploads\/2021\/09\/Firmeneingang.jpg?resize=100%2C100&amp;ssl=1 100w, https:\/\/i0.wp.com\/antcube.shop\/wp-content\/uploads\/2021\/09\/Firmeneingang.jpg?resize=510%2C510&amp;ssl=1 510w, https:\/\/i0.wp.com\/antcube.shop\/wp-content\/uploads\/2021\/09\/Firmeneingang.jpg?resize=400%2C400&amp;ssl=1 400w, https:\/\/i0.wp.com\/antcube.shop\/wp-content\/uploads\/2021\/09\/Firmeneingang.jpg?resize=800%2C800&amp;ssl=1 800w, https:\/\/i0.wp.com\/antcube.shop\/wp-content\/uploads\/2021\/09\/Firmeneingang.jpg?resize=280%2C280&amp;ssl=1 280w, https:\/\/i0.wp.com\/antcube.shop\/wp-content\/uploads\/2021\/09\/Firmeneingang.jpg?resize=768%2C768&amp;ssl=1 768w\" sizes=\"auto, (max-width: 900px) 100vw, 900px\" \/>\t\t\t\t\t\t\n\t\t\t\t\t<\/div>\n\t\t\t\t\t\t\t\t\n<style>\n#image_996909143 {\n  width: 100%;\n}\n<\/style>\n\t<\/div>\n\t\n\n\n\t\t<\/div>\n\t\t\t\t\t<\/div>\n\n\t\n\n\t<div id=\"col-659098306\" class=\"col medium-6 large-6\"  >\n\t\t\t\t<div class=\"col-inner\"  >\n\t\t\t\n\t\t\t\n\n<div class=\"container section-title-container\" ><h3 class=\"section-title section-title-normal\"><b aria-hidden=\"true\"><\/b><span class=\"section-title-main\" >Kontakt oss<\/span><b aria-hidden=\"true\"><\/b><\/h3><\/div>\n\n<ul>\n<li><strong>E-post<\/strong>: contact@antcube.de<\/li>\n<li><strong>Telefon<\/strong>: <a href=\"tel:+49 30 439703870\">+49 30 439703870<\/a><\/li>\n<\/ul>\n<p><strong>Arbeidstid <\/strong>(UTC\/GMT +1):<\/p>\n<ul>\n<li>Tirsdag til fredag fra kl. 10:00 - 12:00 og 13:00 - 18:00<\/li>\n<\/ul>\n<div class=\"container section-title-container\" ><h3 class=\"section-title section-title-normal\"><b aria-hidden=\"true\"><\/b><span class=\"section-title-main\" >Bes\u00f8k v\u00e5r butikk<\/span><b aria-hidden=\"true\"><\/b><\/h3><\/div>\n\n<p><strong>Adresse:<\/strong><\/p>\n<ul>\n<li>Street: Selerweg 41<\/li>\n<li>Postnummer: D - 12169<\/li>\n<li>By: Berlin<\/li>\n<li>Land: Tyskland<\/li>\n<li>Bydel: Steglitz-Zehlendorf<\/li>\n<\/ul>\n<p><strong>\u00c5pningstider<\/strong> (UTC\/GMT +1)<\/p>\n<ul>\n<li>Tirsdag til fredag 13:00 - 18:00<\/li>\n<\/ul>\n<p><iframe loading=\"lazy\" style=\"border: 0;\" src=\"https:\/\/www.google.com\/maps\/embed?pb=!1m18!1m12!1m3!1d2431.3708399886823!2d13.335121715997175!3d52.454311048847416!2m3!1f0!2f0!3f0!3m2!1i1024!2i768!4f13.1!3m3!1m2!1s0x47a85a9242e5bc07%3A0xc44ee1d5a0728440!2sANTSTORE!5e0!3m2!1sde!2sde!4v1632470583913!5m2!1sde!2sde\" width=\"600\" height=\"450\" allowfullscreen=\"allowfullscreen\"><\/iframe><\/p>\n\n\t\t<\/div>\n\t\t\t\t\t<\/div>\n\n\t\n\n<\/div>","protected":false},"excerpt":{"rendered":"","protected":false},"author":1,"featured_media":27,"parent":0,"menu_order":0,"comment_status":"closed","ping_status":"closed","template":"page-blank.php","meta":{"_acf_changed":false,"content-type":"","_monsterinsights_skip_tracking":false,"_monsterinsights_sitenote_active":false,"_monsterinsights_sitenote_note":"","_monsterinsights_sitenote_category":0,"footnotes":""},"class_list":["post-102","page","type-page","status-publish","has-post-thumbnail","hentry"],"acf":[],"aioseo_notices":[],"jetpack_sharing_enabled":true,"_links":{"self":[{"href":"https:\/\/antcube.shop\/nb\/wp-json\/wp\/v2\/pages\/102","targetHints":{"allow":["GET"]}}],"collection":[{"href":"https:\/\/antcube.shop\/nb\/wp-json\/wp\/v2\/pages"}],"about":[{"href":"https:\/\/antcube.shop\/nb\/wp-json\/wp\/v2\/types\/page"}],"author":[{"embeddable":true,"href":"https:\/\/antcube.shop\/nb\/wp-json\/wp\/v2\/users\/1"}],"replies":[{"embeddable":true,"href":"https:\/\/antcube.shop\/nb\/wp-json\/wp\/v2\/comments?post=102"}],"version-history":[{"count":10,"href":"https:\/\/antcube.shop\/nb\/wp-json\/wp\/v2\/pages\/102\/revisions"}],"predecessor-version":[{"id":11083,"href":"https:\/\/antcube.shop\/nb\/wp-json\/wp\/v2\/pages\/102\/revisions\/11083"}],"wp:featuredmedia":[{"embeddable":true,"href":"https:\/\/antcube.shop\/nb\/wp-json\/wp\/v2\/media\/27"}],"wp:attachment":[{"href":"https:\/\/antcube.shop\/nb\/wp-json\/wp\/v2\/media?parent=102"}],"curies":[{"name":"wp","href":"https:\/\/api.w.org\/{rel}","templated":true}]}}