{"id":9887,"date":"2024-10-08T15:19:57","date_gmt":"2024-10-08T13:19:57","guid":{"rendered":"https:\/\/antcube.shop\/en\/product\/ameisenarena-rahmen-60x30-5cm\/"},"modified":"2026-04-07T19:55:36","modified_gmt":"2026-04-07T17:55:36","slug":"skudru-arenas-ramis-60x30-5cm","status":"publish","type":"product","link":"https:\/\/antcube.shop\/lv\/products\/skudru-arenas-ramis-60x30-5cm\/","title":{"rendered":"Skudru ar\u0113nas r\u0101mis 60\u00d730 - 5cm"},"content":{"rendered":"<p><strong>Izm\u0113ri (LxWxH):<\/strong> 60x30x0,4 cm<br \/>\n5 cm plats<\/p>\n<p><span data-text-color=\"alert\"><strong>UZMAN\u012aBU: Piem\u0113rots tikai m\u016bsu stikla+re\u017e\u0123a v\u0101kiem 60\u00d730!<\/strong><\/span><\/p>\n<p><strong>Materi\u0101ls:<\/strong> Peldo\u0161ais stikls<\/p>\n<p><strong>Kr\u0101sa:<\/strong> krist\u0101ldzidrs \/ caursp\u012bd\u012bgs<\/p>\n<p><strong>Saturs:<\/strong><br \/>\n1x skudru ar\u0113nas r\u0101mis<\/p>\n<p><strong>Apraksts:<\/strong><br \/>\nStikla r\u0101mis skudru novietnei k\u0101 aizsardz\u012bba pret izb\u0113g\u0161anu<\/p>\n<p><strong>Pieteikums:<\/strong><br \/>\nSkudru ar\u0113nas r\u0101mis ir no stikla izgatavots r\u0101mis, kas novietots uz skudru ar\u0113nas virspuses un apak\u0161pus\u0113 apr\u012bkots ar aizsardz\u012bbu pret izk\u013c\u016b\u0161anu (e\u013c\u013ca, pulveris vai laka), lai nov\u0113rstu skudru izlau\u0161anos.<\/p>\n<p><strong>Piez\u012bme:<\/strong><br \/>\nT\u0101 k\u0101 izstr\u0101d\u0101jums ir izgatavots no stikla un t\u0101p\u0113c ir trausls, ar to j\u0101r\u012bkojas \u013coti uzman\u012bgi. Stikls ir sagriezts atbilsto\u0161i izm\u0113ram saska\u0146\u0101 ar DIN 1249 ar pielaidi +\/- 1 mm. \u012apa\u0161i maz\u0101m skudru sug\u0101m ir nepiecie\u0161ama papildu aizsardz\u012bba pret izsitumiem.<\/p>","protected":false},"excerpt":{"rendered":"<p>Izm\u0113ri (Dx\u0160xV): 60x30x0,4 cm 5cm plats UZMAN\u012aBU: Piem\u0113rots tikai m\u016bsu stikla+re\u017e\u0123a v\u0101kiem 60x30! Materi\u0101ls: Materi\u0101ls: pludi\u0146stikls Kr\u0101sa: krist\u0101ldzidra \/ caursp\u012bd\u012bga Sast\u0101vs: Sast\u0101vs: 1x skudru ar\u0113nas r\u0101mis Apraksts: Stikla r\u0101mis skudru ar\u0113nai k\u0101 aizsardz\u012bba pret izb\u0113g\u0161anu: R\u0101mis skudru man\u0113\u017eai ir r\u0101mis no stikla, kas tiek novietots uz skudru man\u0113\u017eas.","protected":false},"featured_media":10125,"comment_status":"open","ping_status":"closed","template":"","meta":{"_acf_changed":false,"content-type":"","_monsterinsights_skip_tracking":false,"_monsterinsights_sitenote_active":false,"_monsterinsights_sitenote_note":"","_monsterinsights_sitenote_category":0},"product_brand":[484],"product_cat":[91,93],"product_tag":[],"class_list":{"0":"post-9887","1":"product","2":"type-product","3":"status-publish","4":"has-post-thumbnail","6":"product_brand-antcube","7":"product_cat-formicarium-modules","8":"product_cat-arena-frame","10":"first","11":"instock","12":"taxable","13":"shipping-taxable","14":"purchasable","15":"product-type-simple"},"acf":[],"aioseo_notices":[],"jetpack_sharing_enabled":true,"_links":{"self":[{"href":"https:\/\/antcube.shop\/lv\/wp-json\/wp\/v2\/product\/9887","targetHints":{"allow":["GET"]}}],"collection":[{"href":"https:\/\/antcube.shop\/lv\/wp-json\/wp\/v2\/product"}],"about":[{"href":"https:\/\/antcube.shop\/lv\/wp-json\/wp\/v2\/types\/product"}],"replies":[{"embeddable":true,"href":"https:\/\/antcube.shop\/lv\/wp-json\/wp\/v2\/comments?post=9887"}],"wp:featuredmedia":[{"embeddable":true,"href":"https:\/\/antcube.shop\/lv\/wp-json\/wp\/v2\/media\/10125"}],"wp:attachment":[{"href":"https:\/\/antcube.shop\/lv\/wp-json\/wp\/v2\/media?parent=9887"}],"wp:term":[{"taxonomy":"product_brand","embeddable":true,"href":"https:\/\/antcube.shop\/lv\/wp-json\/wp\/v2\/product_brand?post=9887"},{"taxonomy":"product_cat","embeddable":true,"href":"https:\/\/antcube.shop\/lv\/wp-json\/wp\/v2\/product_cat?post=9887"},{"taxonomy":"product_tag","embeddable":true,"href":"https:\/\/antcube.shop\/lv\/wp-json\/wp\/v2\/product_tag?post=9887"}],"curies":[{"name":"wp","href":"https:\/\/api.w.org\/{rel}","templated":true}]}}