{"id":9882,"date":"2024-10-08T15:17:26","date_gmt":"2024-10-08T13:17:26","guid":{"rendered":"https:\/\/antcube.shop\/en\/product\/abdeckung-edelstahlgitter-60x30\/"},"modified":"2026-02-16T10:00:29","modified_gmt":"2026-02-16T09:00:29","slug":"nerusejosa-terauda-rezga-vaks-60x30","status":"publish","type":"product","link":"https:\/\/antcube.shop\/lv\/products\/nerusejosa-terauda-rezga-vaks-60x30\/","title":{"rendered":"Ner\u016bs\u0113jo\u0161\u0101 t\u0113rauda re\u017e\u0123a v\u0101ks 60\u00d730"},"content":{"rendered":"<p>Skudru un Drosofilai dro\u0161s stikls + ner\u016bs\u0113jo\u0161\u0101 t\u0113rauda sieta v\u0101ks. Pat vismaz\u0101k\u0101s sugas nevar izk\u013c\u016bt cauri smalkajam ner\u016bs\u0113jo\u0161\u0101 t\u0113rauda sieti\u0146am, un pat lapu griez\u0113jas skudras nevar to p\u0101rgriezt.<\/p>\n<p><strong>Izm\u0113ri (LxWxH):<\/strong> 60x30x0,4 cm<br \/>\n17,5 \u00d7 47,5 cm ventil\u0101cijas laukums<\/p>\n<p><strong>Materi\u0101ls:<\/strong> pludi\u0146stikls, ner\u016bs\u0113jo\u0161\u0101 t\u0113rauda re\u017e\u0123is<\/p>\n<p><strong>Kr\u0101sa:<\/strong> krist\u0101ldzidrs \/ caursp\u012bd\u012bgs<\/p>\n<p><strong>Saturs:<\/strong><br \/>\n1x ner\u016bs\u0113jo\u0161\u0101 t\u0113rauda re\u017e\u0123a v\u0101ks 60\u00d730<br \/>\n1x stiprin\u0101juma punkti \u00e0 4 gab.<\/p>\n<p><strong>Apraksts:<\/strong><br \/>\nStikla p\u0101rsegs skudru novietnei k\u0101 aizsardz\u012bba pret izb\u0113g\u0161anu.<\/p>\n<p><strong>Pieteikums:<\/strong><br \/>\nSkudru novietnes p\u0101rsegs tiek novietots uz skudru novietnes un kalpo ar\u012b klimata regul\u0113\u0161anai.<\/p>\n<p><strong>Piez\u012bme:<\/strong><br \/>\nT\u0101 k\u0101 izstr\u0101d\u0101jums ir izgatavots no stikla un t\u0101p\u0113c ir trausls, ar to j\u0101r\u012bkojas \u013coti uzman\u012bgi.<\/p>","protected":false},"excerpt":{"rendered":"<p>Skudru un Drosofilai dro\u0161s stikls + ner\u016bs\u0113jo\u0161\u0101 t\u0113rauda sieta v\u0101ks. Pat vismaz\u0101k\u0101s sugas nevar izk\u013c\u016bt cauri smalkajam ner\u016bs\u0113jo\u0161\u0101 t\u0113rauda sieti\u0146am, un pat lapu griez\u0113jas skudras nevar to p\u0101rgriezt. Izm\u0113ri (DxPxV): 30x30x0,4 cm 17,5x17,5 cm ventil\u0101cijas laukums Materi\u0101ls: pludi\u0146stikls, ner\u016bs\u0113jo\u0161\u0101 t\u0113rauda re\u017e\u0123is Kr\u0101sa: krist\u0101ldzidra \/ caursp\u012bd\u012bga Sast\u0101vs: Sast\u0101vs: 1x v\u0101ks, ner\u016bs\u0113jo\u0161\u0101 t\u0113rauda re\u017e\u0123is","protected":false},"featured_media":9888,"comment_status":"open","ping_status":"closed","template":"","meta":{"_acf_changed":false,"content-type":"","_monsterinsights_skip_tracking":false,"_monsterinsights_sitenote_active":false,"_monsterinsights_sitenote_note":"","_monsterinsights_sitenote_category":0},"product_brand":[484],"product_cat":[257,91,92],"product_tag":[],"class_list":{"0":"post-9882","1":"product","2":"type-product","3":"status-publish","4":"has-post-thumbnail","6":"product_brand-antcube","7":"product_cat-new-innovatve-products","8":"product_cat-formicarium-modules","9":"product_cat-arena-cover","11":"first","12":"instock","13":"taxable","14":"shipping-taxable","15":"purchasable","16":"product-type-simple"},"acf":[],"aioseo_notices":[],"jetpack_sharing_enabled":true,"_links":{"self":[{"href":"https:\/\/antcube.shop\/lv\/wp-json\/wp\/v2\/product\/9882","targetHints":{"allow":["GET"]}}],"collection":[{"href":"https:\/\/antcube.shop\/lv\/wp-json\/wp\/v2\/product"}],"about":[{"href":"https:\/\/antcube.shop\/lv\/wp-json\/wp\/v2\/types\/product"}],"replies":[{"embeddable":true,"href":"https:\/\/antcube.shop\/lv\/wp-json\/wp\/v2\/comments?post=9882"}],"wp:featuredmedia":[{"embeddable":true,"href":"https:\/\/antcube.shop\/lv\/wp-json\/wp\/v2\/media\/9888"}],"wp:attachment":[{"href":"https:\/\/antcube.shop\/lv\/wp-json\/wp\/v2\/media?parent=9882"}],"wp:term":[{"taxonomy":"product_brand","embeddable":true,"href":"https:\/\/antcube.shop\/lv\/wp-json\/wp\/v2\/product_brand?post=9882"},{"taxonomy":"product_cat","embeddable":true,"href":"https:\/\/antcube.shop\/lv\/wp-json\/wp\/v2\/product_cat?post=9882"},{"taxonomy":"product_tag","embeddable":true,"href":"https:\/\/antcube.shop\/lv\/wp-json\/wp\/v2\/product_tag?post=9882"}],"curies":[{"name":"wp","href":"https:\/\/api.w.org\/{rel}","templated":true}]}}