{"id":9879,"date":"2024-10-08T15:14:33","date_gmt":"2024-10-08T13:14:33","guid":{"rendered":"https:\/\/antcube.shop\/en\/product\/plantcube-vivarium-cube-biochorion-biotop\/"},"modified":"2026-03-19T15:48:51","modified_gmt":"2026-03-19T14:48:51","slug":"plantcube-vivarija-biochorion-komplekts","status":"publish","type":"product","link":"https:\/\/antcube.shop\/lv\/products\/plantcube-vivarija-biochorion-komplekts\/","title":{"rendered":"PLANTCUBE - Viv\u0101rijs 30x30x30 Biochorion komplekts"},"content":{"rendered":"<h1><strong>IEG\u016aSTIET GABALI\u0145U DABAS SAV\u0100S M\u0100J\u0100S<\/strong><\/h1>\n<p>Saska\u0146\u0101 ar \"Krogerus\" biokorions ir \"vieta biotop\u0101, kur regul\u0101ri sastopams dz\u012bvnieks, jo t\u0101 nodro\u0161ina vissvar\u012bg\u0101kos, nepiecie\u0161am\u0101kos dz\u012bves apst\u0101k\u013cus\".<\/p>\n<p><strong>Saturs:<\/strong><br \/>\n1x PLANTCUBE Viv\u0101rijs 30x30x30 Biochorion<br \/>\n1x p\u0101rsegs hibr\u012bds 30\u00d730 (2x caurums 50 mm)<br \/>\n1x spilventi\u0146\u0161 30\u00d730<br \/>\n4x Grid insert acrylic &#8211; 50 mm with sealing ring<br \/>\n2x aizb\u0101\u017e\u0146i 10 mm caurumam<br \/>\n1x stiprin\u0101juma spilventi\u0146i v\u0101kam (4 gab.)<\/p>\n<p>Stikla tvertnes kubs 30x30x30 cm ar 2x s\u0101nu 50 mm caurumu un 2x s\u0101nu 10 mm caurumu<\/p>\n<p>50 mm caurums (centra punkts) ir 15 cm augstum\u0101. Cauruma apak\u0161\u0113j\u0101 mala ir ~12,5 cm.<\/p>\n<p><strong>Izm\u0113ri:<\/strong> 300 x 300 x 300 mm; 4 mm stikla biezums<\/p>\n<p><strong>Materi\u0101ls:<\/strong> float stikls<\/p>\n<p><strong>S\u0101nu atveres:<\/strong><br \/>\n2x caurums 50 mm<br \/>\n2x caurums 10 mm<\/p>\n<p>Ar m\u016bsu PLANTCUBE Vivarium j\u016bs varat izveidot savu dz\u012bvojamo m\u0101kslas darbu savai viesistabai. PLANTCUBE var tur\u0113t ar\u012b mazus dz\u012bvniekus, t\u0101p\u0113c j\u016bsu rado\u0161umam nav robe\u017eu.<\/p>\n<h2><strong>Piel\u0101gojiet savu PLANTCUBE atbilsto\u0161i sav\u0101m vai savu augu un dz\u012bvnieku vajadz\u012bb\u0101m:<\/strong><\/h2>\n<p>Divi 10 mm caurumi s\u0101nos, kas atrodas 2 cm augstum\u0101 (centr\u0101) no apak\u0161as, ir paredz\u0113ti liek\u0101 \u016bdens novad\u012b\u0161anai. Piem\u0113ram, \u016bdens novad\u012b\u0161anai var izmantot m\u016bsu caursp\u012bd\u012bgo 10\/06 mm \u0161\u013c\u016bteni. Divus 50 mm caurumus var aizv\u0113rt, izmantojot komplekt\u0101 iek\u013cautos aizb\u0101\u017e\u0146us, vai ar\u012b tie var kalpot k\u0101 papildu ventil\u0101cija, ja tie ir apr\u012bkoti ar re\u017e\u0123a ielikt\u0146iem. \u0160eit var pat savienot divas iek\u0101rtas, izmantojot akrila caurul\u012bti. \u0160\u0101d\u0101 veid\u0101, ja j\u016bs turat dz\u012bvniekus sav\u0101 viv\u0101rij\u0101, tie var br\u012bvi p\u0101rvietoties no vienas iek\u0101rtas uz otru.<\/p>\n<p>Viv\u0101rija v\u0101ku var elast\u012bgi piel\u0101got, izmantojot m\u016bsu piem\u0113rotus r\u0101mjus, re\u017e\u0123u ielikt\u0146us vai spraud\u0146us, lampas un gaisa kondicionierus. M\u016bsu v\u0101kus var apr\u012bkot ar diviem 50 mm caurumiem ar aizb\u0101\u017e\u0146iem vai re\u017e\u0123a ielikt\u0146iem, lai pan\u0101ktu v\u0113lamo mitrumu vai sp\u0113c\u012bg\u0101ku ventil\u0101ciju. Turkl\u0101t tie\u0161i 50 mm caurumos var pievienot ar\u012b lampu ligzdas, ventilatorus vai miglot\u0101jus.<\/p>\n<p>M\u016bsu r\u0101mji ir nepiecie\u0161ami tikai tad, ja tur skudras. Tie papildus nostiprina viv\u0101riju (ja tie ir p\u0101rkl\u0101ti ar l\u012bdzekli, kas nov\u0113r\u0161 izb\u0113g\u0161anu), lai nov\u0113rstu dz\u012bvnieku izb\u0113g\u0161anu un galvenok\u0101rt vienk\u0101r\u0161otu uztur\u0113\u0161anu atv\u0113rt\u0101 viv\u0101rij\u0101. Turkl\u0101t, izmantojot r\u0101mi, p\u0113c v\u0113l\u0113\u0161an\u0101s v\u0101ku var neno\u0146emt.<\/p>\n<h2><strong>K\u0101 p\u0101rv\u0113rst savu PLANTCUBE par bioakt\u012bvu ekosist\u0113mu?:<\/strong><\/h2>\n<h3><strong>Izveidojiet dren\u0101\u017eas sl\u0101ni:<\/strong><\/h3>\n<p>Lai atbalst\u012btu augus, vispirms izveidojiet dren\u0101\u017eas sl\u0101ni sava viv\u0101rija iek\u0161pus\u0113. M\u0113s iesak\u0101m izmantot 2-3 cm m\u0101la granulas (4-8 mm), jo t\u0101s ir vieglas. Pirms ievieto\u0161anas noteikti nomazg\u0101jiet t\u0101s zem teko\u0161a \u016bdens, lai no\u0146emtu putek\u013cus.<\/p>\n<p>M\u0101la granulu virspus\u0113 varat ievietot dren\u0101\u017eas dren\u0101\u017eas audumu, lai atdal\u012btu dren\u0101\u017eu no substr\u0101ta.<\/p>\n<h3><strong>K\u0101dus augus un augsni izmantot:<\/strong><\/h3>\n<p>Tas viss ir atkar\u012bgs no t\u0101, k\u0101du \"ekosist\u0113mu\" v\u0113laties izveidot. Ja v\u0113laties izveidot tuksne\u0161a vai diezgan sausu viv\u0101riju, jums b\u016bs vajadz\u012bgi augi, kas labi aug \u0161aj\u0101 klimat\u0101, un j\u0101izmanto atbilsto\u0161a augsne, kur\u0101 tiem pat\u012bk augt. Protams, tas pats attiecas ar\u012b uz tropu viv\u0101riju. M\u0113\u0123iniet izmantot augus no l\u012bdz\u012bgiem re\u0123ioniem un\/vai l\u012bdz\u012bga klimata, lai tie visi labi augtu viena veida augsn\u0113 un klimat\u0101. Lab\u0101 augu veikal\u0101 vienm\u0113r j\u0101b\u016bt inform\u0101cijai par atbilsto\u0161u klimatu un augsni, kas piem\u0113rota p\u0101rdodamajiem augiem.<\/p>\n<p><strong>Svar\u012bgi:<\/strong> Ja v\u0113laties tur\u0113t augus un dz\u012bvniekus kop\u0101, nekad nelietojiet augus, par kuriem nezin\u0101t, vai tie nav sask\u0101ru\u0161ies ar m\u0113slojumu vai pestic\u012bdiem. Izmantojiet tikai t\u0101dus augus, kas ieg\u016bti ter\u0101rijos vai taml\u012bdz\u012bgos veikalos, kuros nav pestic\u012bdu un m\u0113slo\u0161anas l\u012bdzek\u013cu. Pret\u0113j\u0101 gad\u012bjum\u0101 tie var izrais\u012bt dz\u012bvnieku n\u0101vi.<\/p>\n<h3><strong>Ieviest \"t\u012br\u012b\u0161anas komandu\", lai padar\u012btu savu Viv\u0101riju biolo\u0123iski akt\u012bvu<\/strong><\/h3>\n<h4><strong>Kas ir bioakt\u012bvs?<\/strong> Kas ir bioakt\u012bvs? Tas ir vistuv\u0101k pa\u0161pietiekamam iestat\u012bjumam. Viss ir saist\u012bts ar atbilsto\u0161a augsnes mais\u012bjuma un organisko materi\u0101lu pievieno\u0161anu, lai veidotos mikroflora, k\u0101 ar\u012b nepiecie\u0161am\u0101 mikrofauna, kas veido bar\u012bbas vielu ciklu j\u016bsu viv\u0101rij\u0101.<\/h4>\n<p>M\u016bsu padoms: vienm\u0113r pievienojiet mazus dz\u012bvnieci\u0146us, piem\u0113ram, pavasar\u012b\u0161us un izopodus. T\u0101s ir ne tikai labs \"nebeidzams\" bar\u012bbas avots, bet ar\u012b labs bar\u012bbas avots, ja v\u0113laties sav\u0101 viv\u0101rij\u0101 tur\u0113t citus dz\u012bvniekus. T\u0101s \u012bpa\u0161i barojas ar pel\u0113juma s\u0113n\u012bt\u0113m, kas var veidoties augsta mitruma d\u0113\u013c, un bag\u0101tina augsni ar bar\u012bbas viel\u0101m, kas savuk\u0101rt \u013cauj augiem vesel\u012bgi augt.<\/p>\n<p>Pievienojiet augsn\u0113 kokogles, kas pal\u012bdz mikrobiem to koloniz\u0113t. S\u016bnas un kor\u0137a miza vai balta sapuvu\u0161a koksne papildus lapu pakai\u0161iem ne tikai izskat\u0101s dabiski j\u016bsu iek\u0101rt\u0101, bet ar\u012b pabaro j\u016bsu \"t\u012br\u012b\u0161anas komandu\", nodro\u0161ina t\u0101m sl\u0113ptuves un vairo\u0161an\u0101s vietas, k\u0101 ar\u012b ir viegli sadal\u0101mas par bar\u012bbas viel\u0101m j\u016bsu augiem.<\/p>\n<h3><strong>Dab\u0101 viss ir saist\u012bts ar l\u012bdzsvaru<\/strong><\/h3>\n<p>Tom\u0113r nav ieteicams izmantot noteiktas izopodu sugas, nepievienojot neko, kas tos med\u012b, jo izopodu popul\u0101cija bez pl\u0113s\u0113jiem, piem\u0113ram, skudr\u0101m, labpr\u0101t izk\u013c\u016bst \u0101rpus kontroles, un tad augi j\u016bsu viv\u0101rij\u0101 \u0101tri k\u013c\u016bst par nev\u0113lamu bar\u012bbas avotu. Dab\u0101 viss ir saist\u012bts ar l\u012bdzsvaru.<\/p>\n<p><strong>Papildu inform\u0101cija:<\/strong><br \/>\nStikls ir griezts saska\u0146\u0101 ar DIN 1249 ar +\/- 1 mm pielaidi. \u012apa\u0161i maz\u0101m skudru sug\u0101m ir nepiecie\u0161ama papildu aizsardz\u012bba pret izlau\u0161anos.<\/p>\n<div class=\"row\"  id=\"row-1576267996\">\n\n\t<div id=\"col-358336712\" class=\"col small-12 large-12\"  >\n\t\t\t\t<div class=\"col-inner\"  >\n\t\t\t\n\t\t\t\n\t<div id=\"text-3365843684\" class=\"text\">\n\t\t\n<h2>Zem\u0101k atrad\u012bsiet da\u017eus veikalus, kurus varam ieteikt, un papildu inform\u0101ciju par to, k\u0101 izveidot unik\u0101lu un bioakt\u012bvu PLANTCUBE:<\/h2>\n\t\t\n<style>\n#text-3365843684 {\n  font-size: 1rem;\n  text-align: center;\n}\n<\/style>\n\t<\/div>\n\t\n\t<div id=\"gap-1049594003\" class=\"gap-element clearfix\" style=\"display:block; height:auto;\">\n\t\t\n<style>\n#gap-1049594003 {\n  padding-top: 40px;\n}\n<\/style>\n\t<\/div>\n\t\n\t\t<\/div>\n\t\t\t\t\n<style>\n#col-358336712 > .col-inner {\n  padding: 30px 0px 0px 0px;\n}\n<\/style>\n\t<\/div>\n\n\t\n\n\t<div id=\"col-268083404\" class=\"col medium-6 small-12 large-6\"  >\n\t\t\t\t<div class=\"col-inner\"  >\n\t\t\t\n\t\t\t\n\n\t<section class=\"section\" id=\"section_126957942\">\n\t\t<div class=\"section-bg fill\" >\n\t\t\t<img data-recalc-dims=\"1\" loading=\"lazy\" decoding=\"async\" width=\"1020\" height=\"574\" src=\"https:\/\/i0.wp.com\/antcube.shop\/wp-content\/uploads\/2024\/10\/2560x1440_youtube-Banner-2.png?resize=1020%2C574&#038;ssl=1\" class=\"bg attachment- size-\" alt=\"\" \/>\t\t\t\t\t\t\n\t\t\t\n\n\t\t<\/div>\n\n\t\t\n\n\t\t<div class=\"section-content relative\">\n\t\t\t\n<div class=\"row align-center\"  id=\"row-1498995684\">\n\n\t<div id=\"col-754950804\" class=\"col medium-10 small-12 large-10\"  >\n\t\t\t\t<div class=\"col-inner text-center\"  >\n\t\t\t\n\t\t\t\n<h2 class=\"uppercase\">Soli-pa-solim ce\u013cvedis m\u016bsu emu\u0101r\u0101<\/h2>\n<a href=\"https:\/\/antcube.shop\/en\/2024\/10\/22\/how-to-create-your-bioactive-vivarium\/\" class=\"button primary\" >\n\t\t<span>BLOG<\/span>\n\t<\/a>\n\n\t\t<\/div>\n\t\t\t\t\n<style>\n#col-754950804 > .col-inner {\n  margin: -150px 0px 0px 0px;\n}\n@media (min-width:550px) {\n  #col-754950804 > .col-inner {\n    margin: -200px 0px 0px 0px;\n  }\n}\n<\/style>\n\t<\/div>\n\n\t\n<\/div>\n\t\t<\/div>\n\n\t\t\n<style>\n#section_126957942 {\n  padding-top: 60px;\n  padding-bottom: 60px;\n  min-height: 300px;\n  background-color: rgb(255,255,255);\n}\n#section_126957942 .section-bg img {\n  object-position: 50% 0%;\n}\n<\/style>\n\t<\/section>\n\t\n\t\t<\/div>\n\t\t\t\t\t<\/div>\n\n\t\n\n\t<div id=\"col-496116734\" class=\"col medium-6 small-12 large-6\"  >\n\t\t\t\t<div class=\"col-inner\"  >\n\t\t\t\n\t\t\t\n\n\t<section class=\"section\" id=\"section_1205173896\">\n\t\t<div class=\"section-bg fill\" >\n\t\t\t<img data-recalc-dims=\"1\" loading=\"lazy\" decoding=\"async\" width=\"1020\" height=\"680\" src=\"https:\/\/i0.wp.com\/antcube.shop\/wp-content\/uploads\/2024\/10\/Collage_FULL-HD_-2-scaled.jpg?resize=1020%2C680&#038;ssl=1\" class=\"bg attachment-original size-original\" alt=\"\" \/>\t\t\t\t\t\t\n\t\t\t\n\n\t\t<\/div>\n\n\t\t\n\n\t\t<div class=\"section-content relative\">\n\t\t\t\n<div class=\"row align-center\"  id=\"row-1762251397\">\n\n\t<div id=\"col-752543337\" class=\"col medium-10 small-12 large-10\"  >\n\t\t\t\t<div class=\"col-inner text-center\"  >\n\t\t\t\n\t\t\t\n<h2 class=\"uppercase\">Papildu inform\u0101cija par plantcube<\/h2>\n<a href=\"https:\/\/antcube.shop\/en\/plantcube\/\" class=\"button primary\" >\n\t\t<span>plantcube<\/span>\n\t<\/a>\n\n\t\t<\/div>\n\t\t\t\t\n<style>\n#col-752543337 > .col-inner {\n  margin: -150px 0px 0px 0px;\n}\n@media (min-width:550px) {\n  #col-752543337 > .col-inner {\n    margin: -200px 0px 0px 0px;\n  }\n}\n<\/style>\n\t<\/div>\n\n\t\n<\/div>\n\t\t<\/div>\n\n\t\t\n<style>\n#section_1205173896 {\n  padding-top: 60px;\n  padding-bottom: 60px;\n  min-height: 300px;\n}\n#section_1205173896 .section-bg img {\n  object-position: 51% 0%;\n}\n<\/style>\n\t<\/section>\n\t\n\t\t<\/div>\n\t\t\t\t\t<\/div>\n\n\t\n<\/div>","protected":false},"excerpt":{"rendered":"<p>\u0160is komplekts sast\u0101v no 12 da\u013c\u0101m<\/p>","protected":false},"featured_media":9914,"comment_status":"open","ping_status":"closed","template":"","meta":{"_acf_changed":false,"content-type":"","_monsterinsights_skip_tracking":false,"_monsterinsights_sitenote_active":false,"_monsterinsights_sitenote_note":"","_monsterinsights_sitenote_category":0},"product_brand":[483],"product_cat":[257,341],"product_tag":[],"class_list":{"0":"post-9879","1":"product","2":"type-product","3":"status-publish","4":"has-post-thumbnail","6":"product_brand-plantcube","7":"product_cat-new-innovatve-products","8":"product_cat-vivariums","10":"first","11":"instock","12":"taxable","13":"shipping-taxable","14":"purchasable","15":"product-type-simple"},"acf":[],"aioseo_notices":[],"jetpack_sharing_enabled":true,"_links":{"self":[{"href":"https:\/\/antcube.shop\/lv\/wp-json\/wp\/v2\/product\/9879","targetHints":{"allow":["GET"]}}],"collection":[{"href":"https:\/\/antcube.shop\/lv\/wp-json\/wp\/v2\/product"}],"about":[{"href":"https:\/\/antcube.shop\/lv\/wp-json\/wp\/v2\/types\/product"}],"replies":[{"embeddable":true,"href":"https:\/\/antcube.shop\/lv\/wp-json\/wp\/v2\/comments?post=9879"}],"wp:featuredmedia":[{"embeddable":true,"href":"https:\/\/antcube.shop\/lv\/wp-json\/wp\/v2\/media\/9914"}],"wp:attachment":[{"href":"https:\/\/antcube.shop\/lv\/wp-json\/wp\/v2\/media?parent=9879"}],"wp:term":[{"taxonomy":"product_brand","embeddable":true,"href":"https:\/\/antcube.shop\/lv\/wp-json\/wp\/v2\/product_brand?post=9879"},{"taxonomy":"product_cat","embeddable":true,"href":"https:\/\/antcube.shop\/lv\/wp-json\/wp\/v2\/product_cat?post=9879"},{"taxonomy":"product_tag","embeddable":true,"href":"https:\/\/antcube.shop\/lv\/wp-json\/wp\/v2\/product_tag?post=9879"}],"curies":[{"name":"wp","href":"https:\/\/api.w.org\/{rel}","templated":true}]}}