{"id":9352,"date":"2024-09-17T16:29:08","date_gmt":"2024-09-17T14:29:08","guid":{"rendered":"https:\/\/antcube.shop\/en\/product\/tranke-cube-klein\/"},"modified":"2026-04-13T09:28:37","modified_gmt":"2026-04-13T07:28:37","slug":"tranke-cube-klein","status":"publish","type":"product","link":"https:\/\/antcube.shop\/lv\/products\/tranke-cube-klein\/","title":{"rendered":"Dzeramais pods Cube mazs"},"content":{"rendered":"<p><strong>Izm\u0113ri:<\/strong> 23x15x18 mm, 2 ml<\/p>\n<p><strong>Kr\u0101sa:<\/strong> krist\u0101ldzidrs<\/p>\n<p><strong>Materi\u0101ls:<\/strong> PMMA<\/p>\n<p><strong>Apraksts:<\/strong> Tas \u013cauj skudr\u0101m nodro\u0161in\u0101t sev pietiekamu mitruma daudzumu formik\u0101rij\u0101. \u016adens virsmas spraigums ne\u013cauj dzirdin\u0101t\u0101jam nopl\u016bst.<\/p>\n<p><strong>Uzman\u012bbu:<\/strong><br \/>\nMazu skudru sugu gad\u012bjum\u0101 pirms izejas uz dzirdin\u0101tavu dro\u0161\u012bbas labad j\u0101novieto s\u016bklis, re\u017e\u0123is vai smalkas smiltis. Pret\u0113j\u0101 gad\u012bjum\u0101 atsevi\u0161\u0137i str\u0101dnieki var iek\u013c\u016bt dzirdin\u0101tav\u0101. Lieliski der 24 mm liels s\u016bklis.<\/p>","protected":false},"excerpt":{"rendered":"<p><strong>Izm\u0113ri:<\/strong> 23x15x18 mm, 2 ml<\/p>","protected":false},"featured_media":9443,"comment_status":"open","ping_status":"closed","template":"","meta":{"_acf_changed":false,"content-type":"","_monsterinsights_skip_tracking":false,"_monsterinsights_sitenote_active":false,"_monsterinsights_sitenote_note":"","_monsterinsights_sitenote_category":0},"product_brand":[],"product_cat":[115,117],"product_tag":[],"class_list":{"0":"post-9352","1":"product","2":"type-product","3":"status-publish","4":"has-post-thumbnail","6":"product_cat-food-and-feeding","7":"product_cat-drinkers-for-ants","9":"first","10":"instock","11":"taxable","12":"shipping-taxable","13":"purchasable","14":"product-type-simple"},"acf":[],"aioseo_notices":[],"jetpack_sharing_enabled":true,"_links":{"self":[{"href":"https:\/\/antcube.shop\/lv\/wp-json\/wp\/v2\/product\/9352","targetHints":{"allow":["GET"]}}],"collection":[{"href":"https:\/\/antcube.shop\/lv\/wp-json\/wp\/v2\/product"}],"about":[{"href":"https:\/\/antcube.shop\/lv\/wp-json\/wp\/v2\/types\/product"}],"replies":[{"embeddable":true,"href":"https:\/\/antcube.shop\/lv\/wp-json\/wp\/v2\/comments?post=9352"}],"wp:featuredmedia":[{"embeddable":true,"href":"https:\/\/antcube.shop\/lv\/wp-json\/wp\/v2\/media\/9443"}],"wp:attachment":[{"href":"https:\/\/antcube.shop\/lv\/wp-json\/wp\/v2\/media?parent=9352"}],"wp:term":[{"taxonomy":"product_brand","embeddable":true,"href":"https:\/\/antcube.shop\/lv\/wp-json\/wp\/v2\/product_brand?post=9352"},{"taxonomy":"product_cat","embeddable":true,"href":"https:\/\/antcube.shop\/lv\/wp-json\/wp\/v2\/product_cat?post=9352"},{"taxonomy":"product_tag","embeddable":true,"href":"https:\/\/antcube.shop\/lv\/wp-json\/wp\/v2\/product_tag?post=9352"}],"curies":[{"name":"wp","href":"https:\/\/api.w.org\/{rel}","templated":true}]}}