{"id":9350,"date":"2024-09-17T16:28:05","date_gmt":"2024-09-17T14:28:05","guid":{"rendered":"https:\/\/antcube.shop\/en\/product\/futternapf-6cm\/"},"modified":"2026-03-06T17:46:20","modified_gmt":"2026-03-06T16:46:20","slug":"partikas-trauks-6cm","status":"publish","type":"product","link":"https:\/\/antcube.shop\/lv\/products\/partikas-trauks-6cm\/","title":{"rendered":"P\u0101rtikas trauks - 6 cm"},"content":{"rendered":"<p><strong>Izm\u0113ri:<\/strong> 6 x 1,5 x 4,5 cm<\/p>\n<p><strong>Materi\u0101ls:<\/strong><br \/>\nPoliestera sve\u0137i, p\u0101rtikai dro\u0161s materi\u0101ls<\/p>\n<p><strong>Apraksts:<\/strong><br \/>\n\u0160aj\u0101s akme\u0146u l\u0101d\u012bt\u0113s skudr\u0101m var pied\u0101v\u0101t p\u0101rtiku vai \u016bdens \u017eeleju. Pateicoties gludajai iek\u0161pusei, t\u0101s ir viegli t\u012br\u0101mas. Akme\u0146u palikt\u0146i ir izgatavoti no iztur\u012bgiem sint\u0113tiskiem sve\u0137iem, un skudras tos nevar izn\u012bcin\u0101t.<\/p>","protected":false},"excerpt":{"rendered":"<p><strong>Izm\u0113ri:\u00a0<\/strong> 6 x 1,5 x 4,5 cm<\/p>","protected":false},"featured_media":9447,"comment_status":"open","ping_status":"closed","template":"","meta":{"_acf_changed":false,"content-type":"","_monsterinsights_skip_tracking":false,"_monsterinsights_sitenote_active":false,"_monsterinsights_sitenote_note":"","_monsterinsights_sitenote_category":0},"product_brand":[],"product_cat":[115,118],"product_tag":[],"class_list":{"0":"post-9350","1":"product","2":"type-product","3":"status-publish","4":"has-post-thumbnail","6":"product_cat-food-and-feeding","7":"product_cat-feeding-bowls","9":"first","10":"instock","11":"taxable","12":"shipping-taxable","13":"purchasable","14":"product-type-simple"},"acf":[],"aioseo_notices":[],"jetpack_sharing_enabled":true,"_links":{"self":[{"href":"https:\/\/antcube.shop\/lv\/wp-json\/wp\/v2\/product\/9350","targetHints":{"allow":["GET"]}}],"collection":[{"href":"https:\/\/antcube.shop\/lv\/wp-json\/wp\/v2\/product"}],"about":[{"href":"https:\/\/antcube.shop\/lv\/wp-json\/wp\/v2\/types\/product"}],"replies":[{"embeddable":true,"href":"https:\/\/antcube.shop\/lv\/wp-json\/wp\/v2\/comments?post=9350"}],"wp:featuredmedia":[{"embeddable":true,"href":"https:\/\/antcube.shop\/lv\/wp-json\/wp\/v2\/media\/9447"}],"wp:attachment":[{"href":"https:\/\/antcube.shop\/lv\/wp-json\/wp\/v2\/media?parent=9350"}],"wp:term":[{"taxonomy":"product_brand","embeddable":true,"href":"https:\/\/antcube.shop\/lv\/wp-json\/wp\/v2\/product_brand?post=9350"},{"taxonomy":"product_cat","embeddable":true,"href":"https:\/\/antcube.shop\/lv\/wp-json\/wp\/v2\/product_cat?post=9350"},{"taxonomy":"product_tag","embeddable":true,"href":"https:\/\/antcube.shop\/lv\/wp-json\/wp\/v2\/product_tag?post=9350"}],"curies":[{"name":"wp","href":"https:\/\/api.w.org\/{rel}","templated":true}]}}