{"id":9348,"date":"2024-09-17T16:27:06","date_gmt":"2024-09-17T14:27:06","guid":{"rendered":"https:\/\/antcube.shop\/en\/product\/antcube-popcorn-nest-30x30-l\/"},"modified":"2026-02-09T17:52:54","modified_gmt":"2026-02-09T16:52:54","slug":"antcube-popkorna-ligzda-30x30-l","status":"publish","type":"product","link":"https:\/\/antcube.shop\/lv\/products\/antcube-popkorna-ligzda-30x30-l\/","title":{"rendered":"ANTCUBE - Popkorna ligzda 30\u00d730 - L"},"content":{"rendered":"<p><strong>Izm\u0113ri:<\/strong> 283x237x19 mm<\/p>\n<p><strong>Materi\u0101ls:<\/strong> Popkorns, pres\u0113ts ar saharozi un olbaltumviel\u0101m<\/p>\n<p><strong>Der tikai<\/strong> m\u016bsu L izm\u0113ra skudru ferm\u0101s<\/p>\n<p><strong>Apraksts:<\/strong> \u0160\u012b popkorna ligzda ar saliekam\u0101m ej\u0101m un kamer\u0101m ir ide\u0101li piem\u0113rota k\u0101 kl\u0113ts, piem\u0113ram, Messor skudr\u0101m, bet ar\u012b cit\u0101m skudru sug\u0101m, kas v\u0101c graudus. Tai ir caurums piek\u013cuvei ligzdai. Popkorna ligzda uzs\u016bc mitrumu, t\u0101p\u0113c var sarauties.<strong> t\u0101 vienm\u0113r j\u0101uzglab\u0101 sausa.<\/strong> Messor barbarus \u013coti labi pie\u0146em m\u016bsu ANTCUBE popkorna ligzdu k\u0101 kl\u0113ti\u0146u. Laika gait\u0101 skudras s\u0101k papla\u0161in\u0101t popkorna ligzdu un iz\u0113d ligzdas materi\u0101lu.<\/p>\n<p>Popkorna ligzdu dr\u012bkst izmantot tikai t\u0101d\u0101m skudru sug\u0101m, kur\u0101m ligzdas zon\u0101 nepiecie\u0161ams \u013coti maz vai nemaz mitruma.<\/p>","protected":false},"excerpt":{"rendered":"<p>Izm\u0113rs: <strong>L<\/strong><\/p>","protected":false},"featured_media":9459,"comment_status":"open","ping_status":"closed","template":"","meta":{"_acf_changed":false,"content-type":"","_monsterinsights_skip_tracking":false,"_monsterinsights_sitenote_active":false,"_monsterinsights_sitenote_note":"","_monsterinsights_sitenote_category":0},"product_brand":[484],"product_cat":[257,344,87],"product_tag":[],"class_list":{"0":"post-9348","1":"product","2":"type-product","3":"status-publish","4":"has-post-thumbnail","6":"product_brand-antcube","7":"product_cat-new-innovatve-products","8":"product_cat-popcorn","9":"product_cat-nest-insets","11":"first","12":"instock","13":"taxable","14":"shipping-taxable","15":"purchasable","16":"product-type-simple"},"acf":[],"aioseo_notices":[],"jetpack_sharing_enabled":true,"_links":{"self":[{"href":"https:\/\/antcube.shop\/lv\/wp-json\/wp\/v2\/product\/9348","targetHints":{"allow":["GET"]}}],"collection":[{"href":"https:\/\/antcube.shop\/lv\/wp-json\/wp\/v2\/product"}],"about":[{"href":"https:\/\/antcube.shop\/lv\/wp-json\/wp\/v2\/types\/product"}],"replies":[{"embeddable":true,"href":"https:\/\/antcube.shop\/lv\/wp-json\/wp\/v2\/comments?post=9348"}],"wp:featuredmedia":[{"embeddable":true,"href":"https:\/\/antcube.shop\/lv\/wp-json\/wp\/v2\/media\/9459"}],"wp:attachment":[{"href":"https:\/\/antcube.shop\/lv\/wp-json\/wp\/v2\/media?parent=9348"}],"wp:term":[{"taxonomy":"product_brand","embeddable":true,"href":"https:\/\/antcube.shop\/lv\/wp-json\/wp\/v2\/product_brand?post=9348"},{"taxonomy":"product_cat","embeddable":true,"href":"https:\/\/antcube.shop\/lv\/wp-json\/wp\/v2\/product_cat?post=9348"},{"taxonomy":"product_tag","embeddable":true,"href":"https:\/\/antcube.shop\/lv\/wp-json\/wp\/v2\/product_tag?post=9348"}],"curies":[{"name":"wp","href":"https:\/\/api.w.org\/{rel}","templated":true}]}}