{"id":9346,"date":"2024-09-17T16:26:01","date_gmt":"2024-09-17T14:26:01","guid":{"rendered":"https:\/\/antcube.shop\/en\/product\/ameisenarena-abdeckung-30x15\/"},"modified":"2026-04-01T13:28:20","modified_gmt":"2026-04-01T11:28:20","slug":"ameisenarena-abdeckung-30x15","status":"publish","type":"product","link":"https:\/\/antcube.shop\/lv\/products\/ameisenarena-abdeckung-30x15\/","title":{"rendered":"Skudru ar\u0113nas segums 30\u00d715"},"content":{"rendered":"<p><strong>Izm\u0113ri (LxWxH):<\/strong> 30x15x0,4 cm<\/p>\n<p><strong>Materi\u0101ls:<\/strong> float stikls<\/p>\n<p><strong>Kr\u0101sa:<\/strong> krist\u0101ldzidrs \/ caursp\u012bd\u012bgs<\/p>\n<p><strong>Saturs:<\/strong><br \/>\n1x skudru ar\u0113nas v\u0101ks<br \/>\n1x stiprin\u0101juma punkti \u00e0 4 gab.<\/p>\n<p><strong>Apraksts:<\/strong><br \/>\nStikla p\u0101rsegs skudru novietnei k\u0101 aizsardz\u012bba pret izb\u0113g\u0161anu. Piem\u0113rots m\u016bsu sienas skudru novietn\u0113m.<\/p>\n<p><strong>Pieteikums:<\/strong><br \/>\nStikla skudru novietnes v\u0101ks tiek novietots uz skudru novietnes un tiek izmantots ar\u012b klimata regul\u0113\u0161anai.<br \/>\n50 mm atver\u0113s var ievietot da\u017e\u0101dus klimata kontroles modu\u013cus, piem\u0113ram, ventil\u0101cijas re\u017e\u0123us, apgaismojumu vai mitrin\u0101\u0161anu.<br \/>\nLai ne\u013cautu skudr\u0101m izlauzties caur atver\u0113m, to apak\u0161\u0113j\u0101 pus\u0113 ap caurumiem uzkl\u0101jiet aizsardz\u012bbas l\u012bdzekli (e\u013c\u013cu, pulveri vai laku).<\/p>\n<p><strong>Piez\u012bme:<\/strong><br \/>\nT\u0101 k\u0101 izstr\u0101d\u0101jums ir izgatavots no stikla un t\u0101p\u0113c ir trausls, ar to j\u0101r\u012bkojas \u013coti uzman\u012bgi.<\/p>","protected":false},"excerpt":{"rendered":"<p>Izm\u0113ri (DxPxV): 30x15x0,4 cm Materi\u0101ls: pludi\u0146stikls Kr\u0101sa: krist\u0101ldzidra \/ caursp\u012bd\u012bga Saturs: Komplekt\u0101: 1x antenas v\u0101ks 1x stiprin\u0101juma punkti \u00e0 4 gab. Apraksts: Stikla v\u0101ks skudru novietnei k\u0101 aizsardz\u012bba pret izb\u0113g\u0161anu. Piem\u0113rots m\u016bsu sienas skudru ar\u0113n\u0101m. Pielietojums: Stikla skudru novietnes p\u0101rsegs tiek novietots uz skudru novietnes un tiek izmantots ar\u012b","protected":false},"featured_media":9465,"comment_status":"open","ping_status":"closed","template":"","meta":{"_acf_changed":false,"content-type":"","_monsterinsights_skip_tracking":false,"_monsterinsights_sitenote_active":false,"_monsterinsights_sitenote_note":"","_monsterinsights_sitenote_category":0},"product_brand":[484],"product_cat":[91,92],"product_tag":[],"class_list":{"0":"post-9346","1":"product","2":"type-product","3":"status-publish","4":"has-post-thumbnail","6":"product_brand-antcube","7":"product_cat-formicarium-modules","8":"product_cat-arena-cover","10":"first","11":"instock","12":"taxable","13":"shipping-taxable","14":"purchasable","15":"product-type-simple"},"acf":[],"aioseo_notices":[],"jetpack_sharing_enabled":true,"_links":{"self":[{"href":"https:\/\/antcube.shop\/lv\/wp-json\/wp\/v2\/product\/9346","targetHints":{"allow":["GET"]}}],"collection":[{"href":"https:\/\/antcube.shop\/lv\/wp-json\/wp\/v2\/product"}],"about":[{"href":"https:\/\/antcube.shop\/lv\/wp-json\/wp\/v2\/types\/product"}],"replies":[{"embeddable":true,"href":"https:\/\/antcube.shop\/lv\/wp-json\/wp\/v2\/comments?post=9346"}],"wp:featuredmedia":[{"embeddable":true,"href":"https:\/\/antcube.shop\/lv\/wp-json\/wp\/v2\/media\/9465"}],"wp:attachment":[{"href":"https:\/\/antcube.shop\/lv\/wp-json\/wp\/v2\/media?parent=9346"}],"wp:term":[{"taxonomy":"product_brand","embeddable":true,"href":"https:\/\/antcube.shop\/lv\/wp-json\/wp\/v2\/product_brand?post=9346"},{"taxonomy":"product_cat","embeddable":true,"href":"https:\/\/antcube.shop\/lv\/wp-json\/wp\/v2\/product_cat?post=9346"},{"taxonomy":"product_tag","embeddable":true,"href":"https:\/\/antcube.shop\/lv\/wp-json\/wp\/v2\/product_tag?post=9346"}],"curies":[{"name":"wp","href":"https:\/\/api.w.org\/{rel}","templated":true}]}}