{"id":9330,"date":"2024-09-17T16:18:59","date_gmt":"2024-09-17T14:18:59","guid":{"rendered":"https:\/\/antcube.shop\/en\/product\/alpha-ants-mini-scheibenmagnet-eckig\/"},"modified":"2026-03-31T18:19:04","modified_gmt":"2026-03-31T16:19:04","slug":"alfa-skudras-mini-scheibenmagnet-eckig","status":"publish","type":"product","link":"https:\/\/antcube.shop\/lv\/products\/alfa-skudras-mini-scheibenmagnet-eckig\/","title":{"rendered":"Alpha Ants mini disku magn\u0113ts - kvadr\u0101tveida"},"content":{"rendered":"<p><strong>Apraksts:<\/strong> Vai j\u016bs zin\u0101t, k\u0101da ir probl\u0113ma: j\u016bsu skudras atkal ir saboj\u0101ju\u0161as ligzdas stiklus vai aizb\u0113ru\u0161as tos ar smilt\u012bm? Ar \u0161o nelielo mini disku magn\u0113tu j\u016bs varat izt\u012br\u012bt akv\u0101rija ejas un kameras.<\/p>\n<p>Tie ir \u012bpa\u0161i sp\u0113c\u012bgi augstas kvalit\u0101tes magn\u0113ti. Varat izmantot virzo\u0161o magn\u0113tu, lai p\u0101rvietotu mazo t\u012br\u012b\u0161anas magn\u0113tu pa formik\u0101riju un not\u012br\u012btu net\u012bros stiklus no iek\u0161puses.<\/p>\n<p><strong>Piez\u012bme:<\/strong> Nepie\u013caujiet magn\u0113tu sadursmi (triecienu), jo tie ir trausli.<\/p>\n<p><strong>Saturs:<\/strong> 2 \u012bpa\u0161i sp\u0113c\u012bgi disku magn\u0113ti (10x10x4 mm un 3x2x2 mm)<\/p>","protected":false},"excerpt":{"rendered":"<p>Apraksts: Vai j\u016bs zin\u0101t, k\u0101da ir probl\u0113ma: j\u016bsu skudras atkal ir saboj\u0101ju\u0161as ligzdas stiklus vai aizb\u0113ru\u0161as tos ar smilt\u012bm? Ar \u0161o nelielo mini disku magn\u0113tu j\u016bs varat izt\u012br\u012bt akv\u0101rija ejas un kameras. \u0160ie ir \u012bpa\u0161i sp\u0113c\u012bgi kvalitat\u012bvi magn\u0113ti. J\u016bs varat izmantot virzo\u0161o magn\u0113tu, lai p\u0101rvietotu","protected":false},"featured_media":9804,"comment_status":"open","ping_status":"closed","template":"","meta":{"_acf_changed":false,"content-type":"","_monsterinsights_skip_tracking":false,"_monsterinsights_sitenote_active":false,"_monsterinsights_sitenote_note":"","_monsterinsights_sitenote_category":0},"product_brand":[],"product_cat":[237],"product_tag":[],"class_list":{"0":"post-9330","1":"product","2":"type-product","3":"status-publish","4":"has-post-thumbnail","6":"product_cat-tools","8":"first","9":"instock","10":"taxable","11":"shipping-taxable","12":"purchasable","13":"product-type-simple"},"acf":[],"aioseo_notices":[],"jetpack_sharing_enabled":true,"_links":{"self":[{"href":"https:\/\/antcube.shop\/lv\/wp-json\/wp\/v2\/product\/9330","targetHints":{"allow":["GET"]}}],"collection":[{"href":"https:\/\/antcube.shop\/lv\/wp-json\/wp\/v2\/product"}],"about":[{"href":"https:\/\/antcube.shop\/lv\/wp-json\/wp\/v2\/types\/product"}],"replies":[{"embeddable":true,"href":"https:\/\/antcube.shop\/lv\/wp-json\/wp\/v2\/comments?post=9330"}],"wp:featuredmedia":[{"embeddable":true,"href":"https:\/\/antcube.shop\/lv\/wp-json\/wp\/v2\/media\/9804"}],"wp:attachment":[{"href":"https:\/\/antcube.shop\/lv\/wp-json\/wp\/v2\/media?parent=9330"}],"wp:term":[{"taxonomy":"product_brand","embeddable":true,"href":"https:\/\/antcube.shop\/lv\/wp-json\/wp\/v2\/product_brand?post=9330"},{"taxonomy":"product_cat","embeddable":true,"href":"https:\/\/antcube.shop\/lv\/wp-json\/wp\/v2\/product_cat?post=9330"},{"taxonomy":"product_tag","embeddable":true,"href":"https:\/\/antcube.shop\/lv\/wp-json\/wp\/v2\/product_tag?post=9330"}],"curies":[{"name":"wp","href":"https:\/\/api.w.org\/{rel}","templated":true}]}}