{"id":9322,"date":"2024-09-17T16:15:47","date_gmt":"2024-09-17T14:15:47","guid":{"rendered":"https:\/\/antcube.shop\/en\/product\/formicarienunterlage-60x6cm\/"},"modified":"2026-04-07T13:04:47","modified_gmt":"2026-04-07T11:04:47","slug":"formikarija-spilventins-60x6cm","status":"publish","type":"product","link":"https:\/\/antcube.shop\/lv\/products\/formikarija-spilventins-60x6cm\/","title":{"rendered":"Formik\u0101rija spilventi\u0146\u0161 - 60x6cm"},"content":{"rendered":"<p><strong>Izm\u0113ri:<\/strong> 590 x 60 x 4 mm<\/p>\n<p><strong>Materi\u0101ls:<\/strong> PE putas<\/p>\n<p><strong>Kr\u0101sa:<\/strong> pel\u0113ks<\/p>\n<p><strong>Saturs:<\/strong> 1 gab.<\/p>\n<p><strong>Apraksts:<\/strong><br \/>\nFormicarium pakl\u0101ja spilventi\u0146\u0161 ir izgatavots no m\u012bkst\u0101m put\u0101m.<br \/>\nTas pasarg\u0101 formik\u0101riju, k\u0101 ar\u012b m\u0113beli, uz kuras formik\u0101rijs st\u0101v, no skr\u0101p\u0113jumiem.<br \/>\nSpilvens kalpo ar\u012b k\u0101 siltumizol\u0101cija, kas kompens\u0113 maz\u0101ko nel\u012bdzenumu, k\u0101 ar\u012b aizsarg\u0101 pret vibr\u0101cij\u0101m.<\/p>","protected":false},"excerpt":{"rendered":"<p>Izm\u0113ri: 590 x 60 x 4 mm Materi\u0101ls: Materi\u0101ls: PE putas Kr\u0101sa: pel\u0113ka Sast\u0101vs: Sast\u0101vs: 1 gab. Apraksts: Komplekt\u0101: 1 gab., 1 gab., 1 gab. Tas pasarg\u0101 formik\u0101riju, k\u0101 ar\u012b m\u0113beles, uz kur\u0101m formik\u0101rijs st\u0101v, no skr\u0101p\u0113jumiem. Pakl\u0101ja spilventi\u0146\u0161 kalpo ar\u012b k\u0101 siltumizol\u0101cija, kas kompens\u0113 vismaz\u0101k\u0101s nel\u012bdzenumus un","protected":false},"featured_media":9823,"comment_status":"open","ping_status":"closed","template":"","meta":{"_acf_changed":false,"content-type":"","_monsterinsights_skip_tracking":false,"_monsterinsights_sitenote_active":false,"_monsterinsights_sitenote_note":"","_monsterinsights_sitenote_category":0},"product_brand":[484],"product_cat":[119,239],"product_tag":[],"class_list":{"0":"post-9322","1":"product","2":"type-product","3":"status-publish","4":"has-post-thumbnail","6":"product_brand-antcube","7":"product_cat-formicarium-components","8":"product_cat-useful-additions","10":"first","11":"instock","12":"taxable","13":"shipping-taxable","14":"purchasable","15":"product-type-simple"},"acf":[],"aioseo_notices":[],"jetpack_sharing_enabled":true,"_links":{"self":[{"href":"https:\/\/antcube.shop\/lv\/wp-json\/wp\/v2\/product\/9322","targetHints":{"allow":["GET"]}}],"collection":[{"href":"https:\/\/antcube.shop\/lv\/wp-json\/wp\/v2\/product"}],"about":[{"href":"https:\/\/antcube.shop\/lv\/wp-json\/wp\/v2\/types\/product"}],"replies":[{"embeddable":true,"href":"https:\/\/antcube.shop\/lv\/wp-json\/wp\/v2\/comments?post=9322"}],"wp:featuredmedia":[{"embeddable":true,"href":"https:\/\/antcube.shop\/lv\/wp-json\/wp\/v2\/media\/9823"}],"wp:attachment":[{"href":"https:\/\/antcube.shop\/lv\/wp-json\/wp\/v2\/media?parent=9322"}],"wp:term":[{"taxonomy":"product_brand","embeddable":true,"href":"https:\/\/antcube.shop\/lv\/wp-json\/wp\/v2\/product_brand?post=9322"},{"taxonomy":"product_cat","embeddable":true,"href":"https:\/\/antcube.shop\/lv\/wp-json\/wp\/v2\/product_cat?post=9322"},{"taxonomy":"product_tag","embeddable":true,"href":"https:\/\/antcube.shop\/lv\/wp-json\/wp\/v2\/product_tag?post=9322"}],"curies":[{"name":"wp","href":"https:\/\/api.w.org\/{rel}","templated":true}]}}