{"id":9320,"date":"2024-09-17T16:15:03","date_gmt":"2024-09-17T14:15:03","guid":{"rendered":"https:\/\/antcube.shop\/en\/product\/formicarienunterlage-20x10cm\/"},"modified":"2026-03-31T12:29:27","modified_gmt":"2026-03-31T10:29:27","slug":"formikarija-spilventins-20x10cm","status":"publish","type":"product","link":"https:\/\/antcube.shop\/lv\/products\/formikarija-spilventins-20x10cm\/","title":{"rendered":"Formik\u0101rija spilventi\u0146\u0161 - 20x10cm"},"content":{"rendered":"<p><strong>Izm\u0113ri:<\/strong> 200 x 100 x 4 mm<\/p>\n<p><strong>Materi\u0101ls:<\/strong> PE putas<\/p>\n<p><strong>Kr\u0101sa:<\/strong> pel\u0113ks<\/p>\n<p><strong>Saturs:<\/strong> 1 gab.<\/p>\n<p><strong>Apraksts:<\/strong><br \/>\nFormik\u0101rija spilventi\u0146\u0161 ir izgatavots no m\u012bkst\u0101m put\u0101m.<br \/>\nTas pasarg\u0101 formik\u0101riju, k\u0101 ar\u012b m\u0113beli, uz kuras formik\u0101rijs st\u0101v, no skr\u0101p\u0113jumiem.<br \/>\nSpilvens kalpo ar\u012b k\u0101 siltumizol\u0101cija, kas kompens\u0113 maz\u0101ko nel\u012bdzenumu, k\u0101 ar\u012b aizsarg\u0101 pret vibr\u0101cij\u0101m.<\/p>","protected":false},"excerpt":{"rendered":"<p>Izm\u0113ri: 200 x 100 x 4 mm Materi\u0101ls: Materi\u0101ls: PE putas Kr\u0101sa: pel\u0113ka Sast\u0101vs: Sast\u0101vs: 1 gab. Apraksts: Formikarija spilventi\u0146\u0161 ir izgatavots no m\u012bkst\u0101m put\u0101m. Tas pasarg\u0101 formik\u0101riju, k\u0101 ar\u012b m\u0113beles, uz kur\u0101m formik\u0101rijs st\u0101v, no skr\u0101p\u0113jumiem. Spilvens kalpo ar\u012b k\u0101 siltumizol\u0101cija, kas kompens\u0113 maz\u0101ko nel\u012bdzenumu, k\u0101 ar\u012b aizsarg\u0101","protected":false},"featured_media":9589,"comment_status":"open","ping_status":"closed","template":"","meta":{"_acf_changed":false,"content-type":"","_monsterinsights_skip_tracking":false,"_monsterinsights_sitenote_active":false,"_monsterinsights_sitenote_note":"","_monsterinsights_sitenote_category":0},"product_brand":[484],"product_cat":[119,239],"product_tag":[],"class_list":{"0":"post-9320","1":"product","2":"type-product","3":"status-publish","4":"has-post-thumbnail","6":"product_brand-antcube","7":"product_cat-formicarium-components","8":"product_cat-useful-additions","10":"first","11":"instock","12":"taxable","13":"shipping-taxable","14":"purchasable","15":"product-type-simple"},"acf":[],"aioseo_notices":[],"jetpack_sharing_enabled":true,"_links":{"self":[{"href":"https:\/\/antcube.shop\/lv\/wp-json\/wp\/v2\/product\/9320","targetHints":{"allow":["GET"]}}],"collection":[{"href":"https:\/\/antcube.shop\/lv\/wp-json\/wp\/v2\/product"}],"about":[{"href":"https:\/\/antcube.shop\/lv\/wp-json\/wp\/v2\/types\/product"}],"replies":[{"embeddable":true,"href":"https:\/\/antcube.shop\/lv\/wp-json\/wp\/v2\/comments?post=9320"}],"wp:featuredmedia":[{"embeddable":true,"href":"https:\/\/antcube.shop\/lv\/wp-json\/wp\/v2\/media\/9589"}],"wp:attachment":[{"href":"https:\/\/antcube.shop\/lv\/wp-json\/wp\/v2\/media?parent=9320"}],"wp:term":[{"taxonomy":"product_brand","embeddable":true,"href":"https:\/\/antcube.shop\/lv\/wp-json\/wp\/v2\/product_brand?post=9320"},{"taxonomy":"product_cat","embeddable":true,"href":"https:\/\/antcube.shop\/lv\/wp-json\/wp\/v2\/product_cat?post=9320"},{"taxonomy":"product_tag","embeddable":true,"href":"https:\/\/antcube.shop\/lv\/wp-json\/wp\/v2\/product_tag?post=9320"}],"curies":[{"name":"wp","href":"https:\/\/api.w.org\/{rel}","templated":true}]}}