{"id":9318,"date":"2024-09-17T16:14:20","date_gmt":"2024-09-17T14:14:20","guid":{"rendered":"https:\/\/antcube.shop\/en\/product\/antcube-rote-folie-20x10-filter\/"},"modified":"2026-04-02T09:54:33","modified_gmt":"2026-04-02T07:54:33","slug":"antcube-sarkana-folija-20x10-filtrs","status":"publish","type":"product","link":"https:\/\/antcube.shop\/lv\/products\/antcube-sarkana-folija-20x10-filtrs\/","title":{"rendered":"ANTCUBE - Sarkana folija 20\u00d710 - Filtrs"},"content":{"rendered":"<p><strong>Izm\u0113ri:<\/strong> 19x6cm<\/p>\n<p><strong>Materi\u0101ls:<\/strong> PVC<\/p>\n<p><strong>Apraksts:<\/strong> Sarkan\u0101 caursp\u012bd\u012bg\u0101 pl\u0113ve tiek izmantota, lai rad\u012btu skudr\u0101m pazemes saj\u016btu. T\u0101p\u0113c m\u0113s iesak\u0101m \u0161o produktu vismaz da\u013c\u0113ji izmantot ligzdas zon\u0101. Neskatoties uz to, skudras ligzd\u0101 joproj\u0101m ir viegli paman\u0101mas. Prec\u012bzi piegriezta p\u0113c ANTCUBE \"Skudru ferma 60x30cm S\/M\/L - st\u0101vus\" izm\u0113ra.<\/p>\n<p>\u0160ai filtra pl\u0113vei ir lab\u0101ks gaismas filtra efekts nek\u0101 parastajai p\u0101rkl\u0101juma pl\u0113vei. Iztur\u012bga pret temperat\u016bru l\u012bdz 180\u00b0C<\/p>\n<p>Filtra pl\u0113ve ar vieglu, vienm\u0113r\u012bgu spiedienu pati piegu\u013c pie fermas vai ligzdas zonas. K\u0101 alternat\u012bvu var izmantot caursp\u012bd\u012bgu l\u012bmlenti. Vienk\u0101r\u0161i piestipriniet to ar div\u0101m neliel\u0101m sloksn\u0113m aug\u0161\u0113jos st\u016bros, lai v\u0113l\u0101k pl\u0113vi var\u0113tu pacelt un lab\u0101k p\u0101rredz\u0113t ligzdas laukumu.<\/p>","protected":false},"excerpt":{"rendered":"<p>Izm\u0113ri: Izm\u0113ri: 19x6cm Materi\u0101ls: Materi\u0101ls: PVC Apraksts: Sarkan\u0101 caursp\u012bd\u012bg\u0101 pl\u0113ve tiek izmantota, lai skudr\u0101m rad\u012btu pazemes saj\u016btu. T\u0101p\u0113c m\u0113s iesak\u0101m izmantot \u0161o produktu vismaz da\u013c\u0113ji ligzdas zon\u0101. Neskatoties uz to, skudras joproj\u0101m var viegli nov\u0113rot ligzd\u0101. Prec\u012bzi piegriezta, lai atbilstu ANTCUBE \"Skudru ferma 20x10cm S\/M\/L - st\u0101vus\". \u0160is filtrs","protected":false},"featured_media":9826,"comment_status":"open","ping_status":"closed","template":"","meta":{"_acf_changed":false,"content-type":"","_monsterinsights_skip_tracking":false,"_monsterinsights_sitenote_active":false,"_monsterinsights_sitenote_note":"","_monsterinsights_sitenote_category":0},"product_brand":[484],"product_cat":[119,239],"product_tag":[],"class_list":{"0":"post-9318","1":"product","2":"type-product","3":"status-publish","4":"has-post-thumbnail","6":"product_brand-antcube","7":"product_cat-formicarium-components","8":"product_cat-useful-additions","10":"first","11":"instock","12":"taxable","13":"shipping-taxable","14":"purchasable","15":"product-type-simple"},"acf":[],"aioseo_notices":[],"jetpack_sharing_enabled":true,"_links":{"self":[{"href":"https:\/\/antcube.shop\/lv\/wp-json\/wp\/v2\/product\/9318","targetHints":{"allow":["GET"]}}],"collection":[{"href":"https:\/\/antcube.shop\/lv\/wp-json\/wp\/v2\/product"}],"about":[{"href":"https:\/\/antcube.shop\/lv\/wp-json\/wp\/v2\/types\/product"}],"replies":[{"embeddable":true,"href":"https:\/\/antcube.shop\/lv\/wp-json\/wp\/v2\/comments?post=9318"}],"wp:featuredmedia":[{"embeddable":true,"href":"https:\/\/antcube.shop\/lv\/wp-json\/wp\/v2\/media\/9826"}],"wp:attachment":[{"href":"https:\/\/antcube.shop\/lv\/wp-json\/wp\/v2\/media?parent=9318"}],"wp:term":[{"taxonomy":"product_brand","embeddable":true,"href":"https:\/\/antcube.shop\/lv\/wp-json\/wp\/v2\/product_brand?post=9318"},{"taxonomy":"product_cat","embeddable":true,"href":"https:\/\/antcube.shop\/lv\/wp-json\/wp\/v2\/product_cat?post=9318"},{"taxonomy":"product_tag","embeddable":true,"href":"https:\/\/antcube.shop\/lv\/wp-json\/wp\/v2\/product_tag?post=9318"}],"curies":[{"name":"wp","href":"https:\/\/api.w.org\/{rel}","templated":true}]}}