{"id":9317,"date":"2024-09-17T16:13:59","date_gmt":"2024-09-17T14:13:59","guid":{"rendered":"https:\/\/antcube.shop\/en\/product\/ameisen-ausbruchsschutz-set\/"},"modified":"2026-04-05T12:30:32","modified_gmt":"2026-04-05T10:30:32","slug":"skudru-uzliesmojumu-aizsardzibas-komplekts","status":"publish","type":"product","link":"https:\/\/antcube.shop\/lv\/products\/skudru-uzliesmojumu-aizsardzibas-komplekts\/","title":{"rendered":"Skudru uzliesmojuma aizsardz\u012bbas komplekts"},"content":{"rendered":"<p><strong>Saturs:<\/strong><br \/>\n1x e\u013c\u013ca aizsardz\u012bbai pret skudru uzliesmojumiem 10ml (uz petrolejas b\u0101zes)<br \/>\n1x p\u016bderis aizsardz\u012bbai pret skudru uzliesmojumiem 10ml (uz talka b\u0101zes)<br \/>\n1x laka aizsardz\u012bbai pret uzliesmojumiem 10ml (uz PTFE b\u0101zes)<br \/>\n3x speci\u0101la putu birste uzkl\u0101\u0161anai uz uzliesmojumu aizsardz\u012bbas materi\u0101la<br \/>\n3x sajauk\u0161anas trauks doz\u0113\u0161anai vai sajauk\u0161anai.<\/p>\n<p><strong>Apraksts:<\/strong> M\u0113s esam apkopoju\u0161i nelielu visefekt\u012bv\u0101ko materi\u0101lu kopumu aizsardz\u012bbai pret uzliesmojumiem, lai j\u016bs var\u0113tu p\u0101rbaud\u012bt, kura aizsardz\u012bba pret uzliesmojumiem ir vispiem\u0113rot\u0101k\u0101 tie\u0161i j\u016bsu kolonijai.<\/p>\n<p><a href=\"https:\/\/www.antstore.net\/shop\/images\/documents\/ant%20escape%20protection%20lacquer%20EN.pdf\">Dro\u0161\u012bbas datu lapa kr\u0101sai aizsardz\u012bbai pret skudru uzliesmojumu (ang\u013cu valod\u0101), (PDF 0,2 MB)<\/a><br \/>\n(Satur: dro\u0161\u012bbas instrukcijas)<\/p>\n<p><a href=\"https:\/\/www.antstore.net\/shop\/images\/documents\/ant_escape_protection_oil_en.pdf\">Aizsardz\u012bbas e\u013c\u013cas pret skudru uzliesmojumiem dro\u0161\u012bbas datu lapa (ang\u013cu valod\u0101) , (PDF 0,1 MB)<\/a><br \/>\n(Satur: dro\u0161\u012bbas instrukcijas)<\/p>","protected":false},"excerpt":{"rendered":"<p>Saturs: Sast\u0101vda\u013cas: 1x e\u013c\u013ca aizsardz\u012bbai pret skudru uzliesmojumiem 10ml (uz petrolejas b\u0101zes) 1x pulveris aizsardz\u012bbai pret skudru uzliesmojumiem 10ml (uz talka b\u0101zes) 1x laka aizsardz\u012bbai pret skudru uzliesmojumiem 10ml (uz PTFE b\u0101zes) 3x speci\u0101la putu birste materi\u0101la aizsardz\u012bbai pret uzliesmojumiem 3x mais\u012b\u0161anas trauks doz\u0113\u0161anai vai mais\u012b\u0161anai. Apraksts: M\u0113s esam izveidoju\u0161i nelielu visefekt\u012bv\u0101ko pret uzliesmojumu aizsardz\u012bbas l\u012bdzek\u013cu komplektu.","protected":false},"featured_media":9591,"comment_status":"open","ping_status":"closed","template":"","meta":{"_acf_changed":false,"content-type":"","_monsterinsights_skip_tracking":false,"_monsterinsights_sitenote_active":false,"_monsterinsights_sitenote_note":"","_monsterinsights_sitenote_category":0},"product_brand":[484],"product_cat":[237],"product_tag":[],"class_list":{"0":"post-9317","1":"product","2":"type-product","3":"status-publish","4":"has-post-thumbnail","6":"product_brand-antcube","7":"product_cat-tools","9":"first","10":"instock","11":"taxable","12":"shipping-taxable","13":"purchasable","14":"product-type-simple"},"acf":[],"aioseo_notices":[],"jetpack_sharing_enabled":true,"_links":{"self":[{"href":"https:\/\/antcube.shop\/lv\/wp-json\/wp\/v2\/product\/9317","targetHints":{"allow":["GET"]}}],"collection":[{"href":"https:\/\/antcube.shop\/lv\/wp-json\/wp\/v2\/product"}],"about":[{"href":"https:\/\/antcube.shop\/lv\/wp-json\/wp\/v2\/types\/product"}],"replies":[{"embeddable":true,"href":"https:\/\/antcube.shop\/lv\/wp-json\/wp\/v2\/comments?post=9317"}],"wp:featuredmedia":[{"embeddable":true,"href":"https:\/\/antcube.shop\/lv\/wp-json\/wp\/v2\/media\/9591"}],"wp:attachment":[{"href":"https:\/\/antcube.shop\/lv\/wp-json\/wp\/v2\/media?parent=9317"}],"wp:term":[{"taxonomy":"product_brand","embeddable":true,"href":"https:\/\/antcube.shop\/lv\/wp-json\/wp\/v2\/product_brand?post=9317"},{"taxonomy":"product_cat","embeddable":true,"href":"https:\/\/antcube.shop\/lv\/wp-json\/wp\/v2\/product_cat?post=9317"},{"taxonomy":"product_tag","embeddable":true,"href":"https:\/\/antcube.shop\/lv\/wp-json\/wp\/v2\/product_tag?post=9317"}],"curies":[{"name":"wp","href":"https:\/\/api.w.org\/{rel}","templated":true}]}}