{"id":9316,"date":"2024-09-17T16:13:38","date_gmt":"2024-09-17T14:13:38","guid":{"rendered":"https:\/\/antcube.shop\/en\/product\/ameisen-ausbruchsschutz-lack-10ml\/"},"modified":"2026-04-02T09:54:50","modified_gmt":"2026-04-02T07:54:50","slug":"ameisen-ausbruchsschutz-trukst-10ml","status":"publish","type":"product","link":"https:\/\/antcube.shop\/lv\/products\/ameisen-ausbruchsschutz-trukst-10ml\/","title":{"rendered":"L\u012bdzeklis aizsardz\u012bbai pret skudru uzliesmojumu 10ml"},"content":{"rendered":"<p><strong>Saturs:<\/strong> 10 ml (pietiek neat\u0161\u0137aid\u012bta apm\u0113ram 10 metriem 20 mm platas sloksnes)<\/p>\n<p><strong>Kr\u0101sa:<\/strong> pienaini balts<\/p>\n<p><strong>Materi\u0101ls:<\/strong> Uz PTFE b\u0101zes<\/p>\n<p><strong>Apraksts:<\/strong> Laka ir ide\u0101la aizsardz\u012bba pret izlau\u0161anos skudr\u0101m; plastmasas veids, ko bie\u017ei izmanto ar\u012b k\u0101 pretl\u012bm\u0113jo\u0161u l\u012bdzekli - ar\u012b zin\u0101tnieki H\u00f6lldobler un Wilson to iesaka k\u0101 aizsardz\u012bbu pret izlau\u0161anos skudru audz\u0113\u0161an\u0101. Skudras neuzturas uz uzkl\u0101taj\u0101 pl\u0113v\u0113 un izsl\u012bd. P\u0101rkl\u0101jums ir ilgnotur\u012bgs, t\u0101p\u0113c tas nav j\u0101atjauno tik bie\u017ei k\u0101 citas alternat\u012bvas.<\/p>\n<p><strong>Priek\u0161roc\u012bbas:<\/strong><br \/>\n- Ja uzkl\u0101j t\u012bri, atjauno\u0161ana nav nepiecie\u0161ama.<br \/>\n- Ide\u0101li piem\u0113rots stikla virsm\u0101m.<\/p>\n<p><strong>Tr\u016bkumi:<\/strong><br \/>\n- Nav piem\u0113rots formik\u0101rij\u0101m ar augstu mitruma l\u012bmeni, jo laka ir \u016bden\u012b \u0161\u0137\u012bsto\u0161a.<br \/>\n- Laka nav tik piem\u0113rota plastmasas virsm\u0101m, jo t\u0101s ir pa\u0161e\u013c\u013cojo\u0161as.<br \/>\n- Lakas uzkl\u0101\u0161ana ir j\u0101veic iepriek\u0161, jo \"lakota\" virsma nedr\u012bkst k\u013c\u016bt raupja vai saskr\u0101p\u0113ta.<\/p>\n<p><strong>Pieteikums:<\/strong> Pirms lieto\u0161anas labi sakratiet. Laku var lietot t\u0101du, k\u0101da t\u0101 ir komplekt\u0101, vai at\u0161\u0137aid\u012btu ar \u016bdeni, bet ne vair\u0101k k\u0101 1:10. To var uzkl\u0101t ar otu vai vienk\u0101r\u0161i uzman\u012bgi uzlaist uz apstr\u0101d\u0101jam\u0101m virsm\u0101m. Pl\u0113ves platumam pie malas j\u0101b\u016bt apm\u0113ram 3 reizes plat\u0101kam par skudru garumu. Visvienk\u0101r\u0161\u0101kais veids, k\u0101 to izdar\u012bt, ir mask\u0113t laukumu ar l\u012bmlenti un uzkl\u0101t kr\u0101su gu\u013cot uz tvertnes s\u0101niem. Vienas puses \u017e\u016b\u0161anas laiks ir aptuveni 45 min\u016btes, ta\u010du tas var nedaudz at\u0161\u0137irties atkar\u012bb\u0101 no uzkl\u0101\u0161anas biezuma.<\/p>\n<p><strong>Svar\u012bga piez\u012bme:<\/strong> Izvair\u012bties no saskares ar ac\u012bm. Saskaroties ar ac\u012bm, nekav\u0113joties izskalot ar lielu \u016bdens daudzumu un konsult\u0113ties ar \u0101rstu. Lieto\u0161anas laik\u0101 nesm\u0113\u0137\u0113t. Lietojiet tikai labi v\u0113din\u0101m\u0101s telp\u0101s. Uzglab\u0101t b\u0113rniem nepieejam\u0101 viet\u0101! Kr\u0101sa var neatgriezeniski main\u012bt savu konsistenci pie negat\u012bv\u0101m temperat\u016br\u0101m. T\u0101p\u0113c m\u0113s pieg\u0101d\u0101jam tikai pie temperat\u016bras virs 0\u00b0C!<\/p>\n<p><a href=\"https:\/\/www.antstore.net\/shop\/images\/documents\/ant%20escape%20protection%20lacquer%20EN.pdf\">Aizsardz\u012bbas kr\u0101sas pret skudru uzliesmojumiem dro\u0161\u012bbas datu lapa (ang\u013cu valod\u0101) , (PDF 0,2 MB)<\/a><br \/>\n(Satur: dro\u0161\u012bbas instrukcijas)<\/p>\n<p>&nbsp;<\/p>","protected":false},"excerpt":{"rendered":"<p>Saturs: Sast\u0101vs: 10 ml (pietiek neat\u0161\u0137aid\u012btam apm\u0113ram 10 metriem 20 mm platas sloksnes) Kr\u0101sa: pienaini balta Materi\u0101ls: Materi\u0101ls: uz PTFE b\u0101zes Apraksts: Laka ir ide\u0101la aizsardz\u012bba pret skudru izlau\u0161anos; plastmasas veids, ko bie\u017ei izmanto ar\u012b k\u0101 pretl\u012bm\u0113jo\u0161u l\u012bdzekli - ar\u012b zin\u0101tnieki H\u00f6lldobler un Wilson to ieteiku\u0161i k\u0101 aizsardz\u012bbu pret izlau\u0161anos skudr\u0101m.","protected":false},"featured_media":9592,"comment_status":"open","ping_status":"closed","template":"","meta":{"_acf_changed":false,"content-type":"","_monsterinsights_skip_tracking":false,"_monsterinsights_sitenote_active":false,"_monsterinsights_sitenote_note":"","_monsterinsights_sitenote_category":0},"product_brand":[484],"product_cat":[237],"product_tag":[],"class_list":{"0":"post-9316","1":"product","2":"type-product","3":"status-publish","4":"has-post-thumbnail","6":"product_brand-antcube","7":"product_cat-tools","9":"first","10":"instock","11":"taxable","12":"shipping-taxable","13":"purchasable","14":"product-type-simple"},"acf":[],"aioseo_notices":[],"jetpack_sharing_enabled":true,"_links":{"self":[{"href":"https:\/\/antcube.shop\/lv\/wp-json\/wp\/v2\/product\/9316","targetHints":{"allow":["GET"]}}],"collection":[{"href":"https:\/\/antcube.shop\/lv\/wp-json\/wp\/v2\/product"}],"about":[{"href":"https:\/\/antcube.shop\/lv\/wp-json\/wp\/v2\/types\/product"}],"replies":[{"embeddable":true,"href":"https:\/\/antcube.shop\/lv\/wp-json\/wp\/v2\/comments?post=9316"}],"wp:featuredmedia":[{"embeddable":true,"href":"https:\/\/antcube.shop\/lv\/wp-json\/wp\/v2\/media\/9592"}],"wp:attachment":[{"href":"https:\/\/antcube.shop\/lv\/wp-json\/wp\/v2\/media?parent=9316"}],"wp:term":[{"taxonomy":"product_brand","embeddable":true,"href":"https:\/\/antcube.shop\/lv\/wp-json\/wp\/v2\/product_brand?post=9316"},{"taxonomy":"product_cat","embeddable":true,"href":"https:\/\/antcube.shop\/lv\/wp-json\/wp\/v2\/product_cat?post=9316"},{"taxonomy":"product_tag","embeddable":true,"href":"https:\/\/antcube.shop\/lv\/wp-json\/wp\/v2\/product_tag?post=9316"}],"curies":[{"name":"wp","href":"https:\/\/api.w.org\/{rel}","templated":true}]}}