{"id":9315,"date":"2024-09-17T16:13:12","date_gmt":"2024-09-17T14:13:12","guid":{"rendered":"https:\/\/antcube.shop\/en\/product\/ameisen-ausbruchsschutz-pulver-10ml\/"},"modified":"2026-04-13T09:34:21","modified_gmt":"2026-04-13T07:34:21","slug":"pulveris-aizsardzibai-pret-skudru-izbegsanu-10ml","status":"publish","type":"product","link":"https:\/\/antcube.shop\/lv\/products\/pulveris-aizsardzibai-pret-skudru-izbegsanu-10ml\/","title":{"rendered":"Aizsardz\u012bbas pulveris pret skudru izb\u0113g\u0161anu 10ml"},"content":{"rendered":"<p><strong>Saturs:<\/strong> 8g\/10ml (pietiek apm\u0113ram vienam metram 2 cm platas sloksnes).<\/p>\n<p><strong>Kr\u0101sa:<\/strong> balta, mat\u0113ta<\/p>\n<p><strong>Materi\u0101ls:<\/strong> uz talka b\u0101zes<\/p>\n<p><strong>Apraksts:<\/strong> Pulveris nov\u0113r\u0161 skudru izlau\u0161anos, sajaucot pulveri ar \u016bdeni un uzkl\u0101jot to ar oti\u0146u apm\u0113ram 1 cm zem formik\u0101rija iek\u0161\u0113j\u0101s malas. \u016adens iztvaiko, un paliek smalka talka pulvera k\u0101rti\u0146a.<\/p>\n<p><strong>Priek\u0161roc\u012bbas:<\/strong> \u013coti efekt\u012bvs, ilgnotur\u012bgs<\/p>\n<p><strong>Tr\u016bkumi:<\/strong> Pulvera sl\u0101nis var atdal\u012bties, ja formik\u0101riju sakrata. Sal\u012bdzinot ar uzliesmojumu aizsardz\u012bbas e\u013c\u013cu vai laku, ir nepiecie\u0161ams sal\u012bdzino\u0161i liels daudzums.<\/p>\n<p><strong>Pieteikums:<\/strong> Pl\u0113ve j\u0101pieliek pie malas apm\u0113ram 3 reizes plat\u0101k par skudru garumu.<\/p>","protected":false},"excerpt":{"rendered":"<p>Saturs: Sast\u0101vs: 8g\/10ml (pietiek apm\u0113ram vienam metram 2 cm platas sloksnes) Kr\u0101sa: balta, mat\u0113ta Materi\u0101ls: uz talka b\u0101zes Apraksts: Pulveris nov\u0113r\u0161 skudru izlau\u0161anos, sajaucot pulveri ar \u016bdeni un uzkl\u0101jot to ar oti\u0146u apm\u0113ram 1 cm zem formik\u0101rija iek\u0161\u0113j\u0101s malas. \u016adens iztvaiko, un smalka k\u0101rti\u0146a","protected":false},"featured_media":9596,"comment_status":"open","ping_status":"closed","template":"","meta":{"_acf_changed":false,"content-type":"","_monsterinsights_skip_tracking":false,"_monsterinsights_sitenote_active":false,"_monsterinsights_sitenote_note":"","_monsterinsights_sitenote_category":0},"product_brand":[],"product_cat":[237],"product_tag":[],"class_list":{"0":"post-9315","1":"product","2":"type-product","3":"status-publish","4":"has-post-thumbnail","6":"product_cat-tools","8":"first","9":"instock","10":"taxable","11":"shipping-taxable","12":"purchasable","13":"product-type-simple"},"acf":[],"aioseo_notices":[],"jetpack_sharing_enabled":true,"_links":{"self":[{"href":"https:\/\/antcube.shop\/lv\/wp-json\/wp\/v2\/product\/9315","targetHints":{"allow":["GET"]}}],"collection":[{"href":"https:\/\/antcube.shop\/lv\/wp-json\/wp\/v2\/product"}],"about":[{"href":"https:\/\/antcube.shop\/lv\/wp-json\/wp\/v2\/types\/product"}],"replies":[{"embeddable":true,"href":"https:\/\/antcube.shop\/lv\/wp-json\/wp\/v2\/comments?post=9315"}],"wp:featuredmedia":[{"embeddable":true,"href":"https:\/\/antcube.shop\/lv\/wp-json\/wp\/v2\/media\/9596"}],"wp:attachment":[{"href":"https:\/\/antcube.shop\/lv\/wp-json\/wp\/v2\/media?parent=9315"}],"wp:term":[{"taxonomy":"product_brand","embeddable":true,"href":"https:\/\/antcube.shop\/lv\/wp-json\/wp\/v2\/product_brand?post=9315"},{"taxonomy":"product_cat","embeddable":true,"href":"https:\/\/antcube.shop\/lv\/wp-json\/wp\/v2\/product_cat?post=9315"},{"taxonomy":"product_tag","embeddable":true,"href":"https:\/\/antcube.shop\/lv\/wp-json\/wp\/v2\/product_tag?post=9315"}],"curies":[{"name":"wp","href":"https:\/\/api.w.org\/{rel}","templated":true}]}}