{"id":9314,"date":"2024-09-17T16:12:51","date_gmt":"2024-09-17T14:12:51","guid":{"rendered":"https:\/\/antcube.shop\/en\/product\/gitterkappe-fein-fur-gittereinsatz-acryl-50mm\/"},"modified":"2026-02-23T10:53:58","modified_gmt":"2026-02-23T09:53:58","slug":"smalks-rezga-vacins-akrila-rezga-ieliktnim-50-mm","status":"publish","type":"product","link":"https:\/\/antcube.shop\/lv\/products\/smalks-rezga-vacins-akrila-rezga-ieliktnim-50-mm\/","title":{"rendered":"Smalks re\u017e\u0123a v\u0101ci\u0146\u0161 - akrila re\u017e\u0123a ieliktnim 50 mm"},"content":{"rendered":"<p><strong>Daudzums:<\/strong> 1 gab.<\/p>\n<p><strong>Izm\u0113ri:<\/strong> 51x12 mm<\/p>\n<p><strong>Kr\u0101sa:<\/strong> caursp\u012bd\u012bgs<\/p>\n<p><strong>Materi\u0101ls:<\/strong> plastmasa<\/p>\n<p><strong>Apraksts:<\/strong> \u0160is v\u0101ci\u0146\u0161 ar \u013coti smalku re\u017e\u0123i (0,2-0,3 mm) \"Re\u017e\u0123a ieliktnim akrila 50 mm - caursp\u012bd\u012bgs\" un \"Skudru ar\u0113nai - ventilators\" nov\u0113r\u0161 mazu skudru izk\u013c\u016b\u0161anu caur re\u017e\u0123a ielikt\u0146a pla\u0161aj\u0101m ventil\u0101cijas atver\u0113m. Aizsl\u0113gu piestiprina pie ielikt\u0146a no apak\u0161as.<\/p>\n<p><strong>Piez\u012bme:<\/strong> L\u016bdzu, \u0146emiet v\u0113r\u0101, ka \u0161o objektu var izmantot tikai kop\u0101 ar \u0161o objektu: 005044 \"005044 Akrila re\u017e\u0123a ieliktnis 50 mm - caursp\u012bd\u012bgs\" vai \"Ant arena ventilators\"!<\/p>","protected":false},"excerpt":{"rendered":"<p>Daudzums: Izm\u0113ri: 1 gab: 51x12mm Kr\u0101sa: caursp\u012bd\u012bga Materi\u0101ls: plastmasa Apraksts: \u0160is v\u0101ci\u0146\u0161 ar \u013coti smalku re\u017e\u0123i (0,2-0,3 mm) \"re\u017e\u0123a ieliktnim akrila 50 mm - caursp\u012bd\u012bgs\" un \"Skudru ar\u0113nai - ventilatoram\" nov\u0113r\u0161 mazu skudru izk\u013c\u016b\u0161anu caur re\u017e\u0123a ielikt\u0146a pla\u0161aj\u0101m ventil\u0101cijas atver\u0113m. Aizsargv\u0101ci\u0146\u0161 ir piestiprin\u0101ts pie ielikt\u0146a no","protected":false},"featured_media":9832,"comment_status":"open","ping_status":"closed","template":"","meta":{"_acf_changed":false,"content-type":"","_monsterinsights_skip_tracking":false,"_monsterinsights_sitenote_active":false,"_monsterinsights_sitenote_note":"","_monsterinsights_sitenote_category":0},"product_brand":[485],"product_cat":[119,238],"product_tag":[],"class_list":{"0":"post-9314","1":"product","2":"type-product","3":"status-publish","4":"has-post-thumbnail","6":"product_brand-antstore","7":"product_cat-formicarium-components","8":"product_cat-grid-caps-plugs-and-inserts","10":"first","11":"instock","12":"taxable","13":"shipping-taxable","14":"purchasable","15":"product-type-simple"},"acf":[],"aioseo_notices":[],"jetpack_sharing_enabled":true,"_links":{"self":[{"href":"https:\/\/antcube.shop\/lv\/wp-json\/wp\/v2\/product\/9314","targetHints":{"allow":["GET"]}}],"collection":[{"href":"https:\/\/antcube.shop\/lv\/wp-json\/wp\/v2\/product"}],"about":[{"href":"https:\/\/antcube.shop\/lv\/wp-json\/wp\/v2\/types\/product"}],"replies":[{"embeddable":true,"href":"https:\/\/antcube.shop\/lv\/wp-json\/wp\/v2\/comments?post=9314"}],"wp:featuredmedia":[{"embeddable":true,"href":"https:\/\/antcube.shop\/lv\/wp-json\/wp\/v2\/media\/9832"}],"wp:attachment":[{"href":"https:\/\/antcube.shop\/lv\/wp-json\/wp\/v2\/media?parent=9314"}],"wp:term":[{"taxonomy":"product_brand","embeddable":true,"href":"https:\/\/antcube.shop\/lv\/wp-json\/wp\/v2\/product_brand?post=9314"},{"taxonomy":"product_cat","embeddable":true,"href":"https:\/\/antcube.shop\/lv\/wp-json\/wp\/v2\/product_cat?post=9314"},{"taxonomy":"product_tag","embeddable":true,"href":"https:\/\/antcube.shop\/lv\/wp-json\/wp\/v2\/product_tag?post=9314"}],"curies":[{"name":"wp","href":"https:\/\/api.w.org\/{rel}","templated":true}]}}