{"id":9310,"date":"2024-09-17T16:11:08","date_gmt":"2024-09-17T14:11:08","guid":{"rendered":"https:\/\/antcube.shop\/en\/product\/gitterkappe-32mm-edelstahl\/"},"modified":"2026-03-23T10:48:04","modified_gmt":"2026-03-23T09:48:04","slug":"rezga-vacins-32-mm-nerusejosais-terauds","status":"publish","type":"product","link":"https:\/\/antcube.shop\/lv\/products\/rezga-vacins-32-mm-nerusejosais-terauds\/","title":{"rendered":"Re\u017e\u0123a v\u0101ci\u0146\u0161 - 32 mm - Ner\u016bs\u0113jo\u0161ais t\u0113rauds"},"content":{"rendered":"<p><strong>Daudzums:<\/strong> 1 gab.<\/p>\n<p><strong>Izm\u0113ri:<\/strong> 32 mm (iek\u0161\u0113jais diametrs), 40 \u00d7 8 mm (\u0101r\u0113jie izm\u0113ri)<\/p>\n<p><strong>Kr\u0101sa:<\/strong> caursp\u012bd\u012bgs<\/p>\n<p><strong>Materi\u0101ls:<\/strong> ner\u016bs\u0113jo\u0161ais t\u0113rauds, akrila stikls<\/p>\n<p><strong>Apraksts:<\/strong><br \/>\n\u0160o re\u017e\u0123a v\u0101ci\u0146u ar \u013coti smalku ner\u016bs\u0113jo\u0161\u0101 t\u0113rauda re\u017e\u0123i (0,2 mm) var piestiprin\u0101t pie kontaktligzdas, caurules vai \u0161\u013c\u016btenes gala, un tas nodro\u0161ina labu formik\u0101rija ventil\u0101ciju bez skudru izk\u013c\u016b\u0161anas. Gan ner\u016bs\u0113jo\u0161\u0101 t\u0113rauda re\u017e\u0123is, gan akrila stikla r\u0101mis ir caursp\u012bd\u012bgs.<\/p>\n<p><strong>Piez\u012bme:<\/strong> Piem\u0113rots ar\u012b \u013coti kod\u012bg\u0101m sug\u0101m, piem\u0113ram, lapkoku skudr\u0101m!<\/p>","protected":false},"excerpt":{"rendered":"<p>Daudzums: Izm\u0113ri: 1 gab: Kr\u0101sa: caursp\u012bd\u012bga Materi\u0101ls: ner\u016bs\u0113jo\u0161ais t\u0113rauds, akrila stikls Apraksts: \u0160o re\u017e\u0123a v\u0101ci\u0146u ar \u013coti smalku ner\u016bs\u0113jo\u0161\u0101 t\u0113rauda re\u017e\u0123i (0,2 mm) var piestiprin\u0101t pie kontaktligzdas, caurules vai \u0161\u013c\u016btenes gala, un tas nodro\u0161ina labu formik\u0101rija ventil\u0101ciju bez skudru izk\u013c\u016b\u0161anas. Gan ner\u016bs\u0113jo\u0161\u0101 t\u0113rauda","protected":false},"featured_media":9840,"comment_status":"open","ping_status":"closed","template":"","meta":{"_acf_changed":false,"content-type":"","_monsterinsights_skip_tracking":false,"_monsterinsights_sitenote_active":false,"_monsterinsights_sitenote_note":"","_monsterinsights_sitenote_category":0},"product_brand":[485],"product_cat":[119,238],"product_tag":[],"class_list":{"0":"post-9310","1":"product","2":"type-product","3":"status-publish","4":"has-post-thumbnail","6":"product_brand-antstore","7":"product_cat-formicarium-components","8":"product_cat-grid-caps-plugs-and-inserts","10":"first","11":"instock","12":"taxable","13":"shipping-taxable","14":"purchasable","15":"product-type-simple"},"acf":[],"aioseo_notices":[],"jetpack_sharing_enabled":true,"_links":{"self":[{"href":"https:\/\/antcube.shop\/lv\/wp-json\/wp\/v2\/product\/9310","targetHints":{"allow":["GET"]}}],"collection":[{"href":"https:\/\/antcube.shop\/lv\/wp-json\/wp\/v2\/product"}],"about":[{"href":"https:\/\/antcube.shop\/lv\/wp-json\/wp\/v2\/types\/product"}],"replies":[{"embeddable":true,"href":"https:\/\/antcube.shop\/lv\/wp-json\/wp\/v2\/comments?post=9310"}],"wp:featuredmedia":[{"embeddable":true,"href":"https:\/\/antcube.shop\/lv\/wp-json\/wp\/v2\/media\/9840"}],"wp:attachment":[{"href":"https:\/\/antcube.shop\/lv\/wp-json\/wp\/v2\/media?parent=9310"}],"wp:term":[{"taxonomy":"product_brand","embeddable":true,"href":"https:\/\/antcube.shop\/lv\/wp-json\/wp\/v2\/product_brand?post=9310"},{"taxonomy":"product_cat","embeddable":true,"href":"https:\/\/antcube.shop\/lv\/wp-json\/wp\/v2\/product_cat?post=9310"},{"taxonomy":"product_tag","embeddable":true,"href":"https:\/\/antcube.shop\/lv\/wp-json\/wp\/v2\/product_tag?post=9310"}],"curies":[{"name":"wp","href":"https:\/\/api.w.org\/{rel}","templated":true}]}}