{"id":9309,"date":"2024-09-17T16:10:44","date_gmt":"2024-09-17T14:10:44","guid":{"rendered":"https:\/\/antcube.shop\/en\/product\/einsteckeinsatz-fein-fur-gittereinsatz-acryl-50-mm\/"},"modified":"2026-03-24T16:45:14","modified_gmt":"2026-03-24T15:45:14","slug":"einsteckeinsatz-fein-fur-gittereinsatz-acryl-50-mm","status":"publish","type":"product","link":"https:\/\/antcube.shop\/lv\/products\/einsteckeinsatz-fein-fur-gittereinsatz-acryl-50-mm\/","title":{"rendered":"Smalks ieliktnis - akrila re\u017e\u0123a ieliktnim 50 mm"},"content":{"rendered":"<p><strong>Daudzums:<\/strong> 1 gab.<\/p>\n<p><strong>Izm\u0113ri:<\/strong> 50x10 mm<\/p>\n<p><strong>Kr\u0101sa:<\/strong> caursp\u012bd\u012bgs<\/p>\n<p><strong>Materi\u0101ls:<\/strong> plastmasa<\/p>\n<p><strong>Apraksts:<\/strong><br \/>\n\u0160is ieliktnis ar \u013coti smalk\u0101m ac\u012bm (0,2-0,3 mm) \"acu ieliktnim akrila 50 mm - caursp\u012bd\u012bgs\" ne\u013cauj maz\u0101m skudr\u0101m izk\u013c\u016bt caur plataj\u0101m acu ielikt\u0146a ventil\u0101cijas spraug\u0101m. Ieliktni ievieto sieta ieliktn\u012b no apak\u0161as.<\/p>\n<p>Piem\u0113rots ar\u012b \u013coti kod\u012bg\u0101m sug\u0101m, piem\u0113ram, lapkoku skudr\u0101m!<\/p>\n<p><strong>Piez\u012bme:<\/strong> L\u016bdzu, \u0146emiet v\u0113r\u0101, ka \u0161o objektu var izmantot tikai kop\u0101 ar \u0161o objektu: \"005044 Akrila re\u017e\u0123a ieliktnis 50 mm - caursp\u012bd\u012bgs\"!<\/p>","protected":false},"excerpt":{"rendered":"<p>Daudzums: Izm\u0113ri: 1 gab: 50x10mm Kr\u0101sa: caursp\u012bd\u012bga Materi\u0101ls: plastmasa Apraksts: \u0160is ieliktnis ar \u013coti smalku sietu (0,2-0,3 mm) \"acrylic 50 mm - caursp\u012bd\u012bgs\" ne\u013cauj maz\u0101m skudr\u0101m izk\u013c\u016bt caur plataj\u0101m ventil\u0101cijas spraug\u0101m. Ieliktni ievieto sieta ieliktn\u012b no apak\u0161as. Piem\u0113rots ar\u012b \u013coti","protected":false},"featured_media":9842,"comment_status":"open","ping_status":"closed","template":"","meta":{"_acf_changed":false,"content-type":"","_monsterinsights_skip_tracking":false,"_monsterinsights_sitenote_active":false,"_monsterinsights_sitenote_note":"","_monsterinsights_sitenote_category":0},"product_brand":[],"product_cat":[119,238],"product_tag":[],"class_list":{"0":"post-9309","1":"product","2":"type-product","3":"status-publish","4":"has-post-thumbnail","6":"product_cat-formicarium-components","7":"product_cat-grid-caps-plugs-and-inserts","9":"first","10":"outofstock","11":"taxable","12":"shipping-taxable","13":"purchasable","14":"product-type-simple"},"acf":[],"aioseo_notices":[],"jetpack_sharing_enabled":true,"_links":{"self":[{"href":"https:\/\/antcube.shop\/lv\/wp-json\/wp\/v2\/product\/9309","targetHints":{"allow":["GET"]}}],"collection":[{"href":"https:\/\/antcube.shop\/lv\/wp-json\/wp\/v2\/product"}],"about":[{"href":"https:\/\/antcube.shop\/lv\/wp-json\/wp\/v2\/types\/product"}],"replies":[{"embeddable":true,"href":"https:\/\/antcube.shop\/lv\/wp-json\/wp\/v2\/comments?post=9309"}],"wp:featuredmedia":[{"embeddable":true,"href":"https:\/\/antcube.shop\/lv\/wp-json\/wp\/v2\/media\/9842"}],"wp:attachment":[{"href":"https:\/\/antcube.shop\/lv\/wp-json\/wp\/v2\/media?parent=9309"}],"wp:term":[{"taxonomy":"product_brand","embeddable":true,"href":"https:\/\/antcube.shop\/lv\/wp-json\/wp\/v2\/product_brand?post=9309"},{"taxonomy":"product_cat","embeddable":true,"href":"https:\/\/antcube.shop\/lv\/wp-json\/wp\/v2\/product_cat?post=9309"},{"taxonomy":"product_tag","embeddable":true,"href":"https:\/\/antcube.shop\/lv\/wp-json\/wp\/v2\/product_tag?post=9309"}],"curies":[{"name":"wp","href":"https:\/\/api.w.org\/{rel}","templated":true}]}}