{"id":9308,"date":"2024-09-17T16:10:24","date_gmt":"2024-09-17T14:10:24","guid":{"rendered":"https:\/\/antcube.shop\/en\/product\/dosierfilter-16mm\/"},"modified":"2026-04-13T09:32:28","modified_gmt":"2026-04-13T07:32:28","slug":"dozesanas-filtrs-16-mm","status":"publish","type":"product","link":"https:\/\/antcube.shop\/lv\/products\/dozesanas-filtrs-16-mm\/","title":{"rendered":"Doz\u0113\u0161anas filtrs 16 mm"},"content":{"rendered":"<p><strong>Izm\u0113ri:<\/strong> 20 mm gar\u0161, 14 mm diametrs 16 mm ligzdas caurul\u0113m.<\/p>\n<p><strong>Saturs:<\/strong><br \/>\n1x doz\u0113\u0161anas filtrs<\/p>\n<p><strong>Materi\u0101ls:<\/strong> Filtr\u0113\u0161anas vide<\/p>\n<p><strong>Apraksts:<\/strong> Doz\u0113\u0161anas filtrs atdala skudras no \u016bdens tvertnes ligzdas caurul\u0113. Tom\u0113r kapil\u0101ro sp\u0113ku ietekm\u0113 caur filtru caurpl\u016bst pietiekami daudz mitruma, lai apg\u0101d\u0101tu skudras.<\/p>\n<p><strong>Kr\u0101sas:<\/strong> balta<\/p>","protected":false},"excerpt":{"rendered":"<p>Izm\u0113ri: diametrs 14 mm 16 mm ligzdas caurul\u012bt\u0113m Saturs: Sast\u0101vs: 1x doz\u0113\u0161anas filtrs Materi\u0101ls: Materi\u0101ls: filtrs Apraksts: Doz\u0113\u0161anas filtrs atdala skudras no \u016bdens tvertnes ligzdas caurul\u0113. Tom\u0113r kapil\u0101ro sp\u0113ku ietekm\u0113 caur filtru var izpl\u016bst pietiekami daudz mitruma, lai apg\u0101d\u0101tu skudras. Kr\u0101sas: balta<\/p>","protected":false},"featured_media":9847,"comment_status":"open","ping_status":"closed","template":"","meta":{"_acf_changed":false,"content-type":"","_monsterinsights_skip_tracking":false,"_monsterinsights_sitenote_active":false,"_monsterinsights_sitenote_note":"","_monsterinsights_sitenote_category":0},"product_brand":[],"product_cat":[237],"product_tag":[],"class_list":{"0":"post-9308","1":"product","2":"type-product","3":"status-publish","4":"has-post-thumbnail","6":"product_cat-tools","8":"first","9":"instock","10":"taxable","11":"shipping-taxable","12":"purchasable","13":"product-type-simple"},"acf":[],"aioseo_notices":[],"jetpack_sharing_enabled":true,"_links":{"self":[{"href":"https:\/\/antcube.shop\/lv\/wp-json\/wp\/v2\/product\/9308","targetHints":{"allow":["GET"]}}],"collection":[{"href":"https:\/\/antcube.shop\/lv\/wp-json\/wp\/v2\/product"}],"about":[{"href":"https:\/\/antcube.shop\/lv\/wp-json\/wp\/v2\/types\/product"}],"replies":[{"embeddable":true,"href":"https:\/\/antcube.shop\/lv\/wp-json\/wp\/v2\/comments?post=9308"}],"wp:featuredmedia":[{"embeddable":true,"href":"https:\/\/antcube.shop\/lv\/wp-json\/wp\/v2\/media\/9847"}],"wp:attachment":[{"href":"https:\/\/antcube.shop\/lv\/wp-json\/wp\/v2\/media?parent=9308"}],"wp:term":[{"taxonomy":"product_brand","embeddable":true,"href":"https:\/\/antcube.shop\/lv\/wp-json\/wp\/v2\/product_brand?post=9308"},{"taxonomy":"product_cat","embeddable":true,"href":"https:\/\/antcube.shop\/lv\/wp-json\/wp\/v2\/product_cat?post=9308"},{"taxonomy":"product_tag","embeddable":true,"href":"https:\/\/antcube.shop\/lv\/wp-json\/wp\/v2\/product_tag?post=9308"}],"curies":[{"name":"wp","href":"https:\/\/api.w.org\/{rel}","templated":true}]}}