{"id":9303,"date":"2024-09-17T16:08:26","date_gmt":"2024-09-17T14:08:26","guid":{"rendered":"https:\/\/antcube.shop\/en\/product\/schlauchverbinder-l-16-weis\/"},"modified":"2026-04-02T15:33:17","modified_gmt":"2026-04-02T13:33:17","slug":"schlauchverbinder-l-16-weis","status":"publish","type":"product","link":"https:\/\/antcube.shop\/lv\/products\/schlauchverbinder-l-16-weis\/","title":{"rendered":"\u0160\u013c\u016btenes savienot\u0101js L 16 - balts"},"content":{"rendered":"<p><strong>Izm\u0113ri:<\/strong> 3 x 3 cm<\/p>\n<p><strong>Apraksts:<\/strong> \u0160is L-veida \u0161\u013c\u016btenes savienot\u0101js savieno \u0161\u013c\u016btenes ar iek\u0161\u0113jo diametru 16 mm (piem\u0113rots m\u016bsu \u0161\u013c\u016bten\u0113m ar \u0101r\u0113jo diametru 20 mm).<\/p>","protected":false},"excerpt":{"rendered":"<p>Izm\u0113ri: 5,5 x 3,5 cm Apraksts: \u0160is T veida \u0161\u013c\u016btenes savienot\u0101js savieno \u0161\u013c\u016btenes ar iek\u0161\u0113jo diametru 16 mm (piem\u0113rots m\u016bsu \u0161\u013c\u016bten\u0113m ar \u0101r\u0113jo diametru 20 mm).<\/p>","protected":false},"featured_media":9860,"comment_status":"open","ping_status":"closed","template":"","meta":{"_acf_changed":false,"content-type":"","_monsterinsights_skip_tracking":false,"_monsterinsights_sitenote_active":false,"_monsterinsights_sitenote_note":"","_monsterinsights_sitenote_category":0},"product_brand":[],"product_cat":[119,121],"product_tag":[],"class_list":{"0":"post-9303","1":"product","2":"type-product","3":"status-publish","4":"has-post-thumbnail","6":"product_cat-formicarium-components","7":"product_cat-connectors","9":"first","10":"instock","11":"taxable","12":"shipping-taxable","13":"purchasable","14":"product-type-simple"},"acf":[],"aioseo_notices":[],"jetpack_sharing_enabled":true,"_links":{"self":[{"href":"https:\/\/antcube.shop\/lv\/wp-json\/wp\/v2\/product\/9303","targetHints":{"allow":["GET"]}}],"collection":[{"href":"https:\/\/antcube.shop\/lv\/wp-json\/wp\/v2\/product"}],"about":[{"href":"https:\/\/antcube.shop\/lv\/wp-json\/wp\/v2\/types\/product"}],"replies":[{"embeddable":true,"href":"https:\/\/antcube.shop\/lv\/wp-json\/wp\/v2\/comments?post=9303"}],"wp:featuredmedia":[{"embeddable":true,"href":"https:\/\/antcube.shop\/lv\/wp-json\/wp\/v2\/media\/9860"}],"wp:attachment":[{"href":"https:\/\/antcube.shop\/lv\/wp-json\/wp\/v2\/media?parent=9303"}],"wp:term":[{"taxonomy":"product_brand","embeddable":true,"href":"https:\/\/antcube.shop\/lv\/wp-json\/wp\/v2\/product_brand?post=9303"},{"taxonomy":"product_cat","embeddable":true,"href":"https:\/\/antcube.shop\/lv\/wp-json\/wp\/v2\/product_cat?post=9303"},{"taxonomy":"product_tag","embeddable":true,"href":"https:\/\/antcube.shop\/lv\/wp-json\/wp\/v2\/product_tag?post=9303"}],"curies":[{"name":"wp","href":"https:\/\/api.w.org\/{rel}","templated":true}]}}