{"id":9297,"date":"2024-09-17T16:05:33","date_gmt":"2024-09-17T14:05:33","guid":{"rendered":"https:\/\/antcube.shop\/en\/product\/lp-schlauchverbinder-l-6\/"},"modified":"2025-10-19T14:15:56","modified_gmt":"2025-10-19T12:15:56","slug":"lp-slutenes-savienotajs-l-6","status":"publish","type":"product","link":"https:\/\/antcube.shop\/lv\/products\/lp-slutenes-savienotajs-l-6\/","title":{"rendered":"LP \u0161\u013c\u016btenes savienot\u0101js L 6"},"content":{"rendered":"<p><strong>Lieto\u0161ana:<\/strong> \u0160\u013c\u016bten\u0113m ar iek\u0161\u0113jo diametru 5-6 mm<\/p>\n<p><strong>Cits apz\u012bm\u0113jums:<\/strong> L-veida elko\u0146a savienot\u0101js<\/p>\n<p><strong>Materi\u0101ls:<\/strong> PP<\/p>","protected":false},"excerpt":{"rendered":"<p>Lieto\u0161ana: \u0160\u013c\u016bten\u0113m ar iek\u0161\u0113jo diametru 5-6 mm Cits apz\u012bm\u0113jums: \u0160\u013c\u016bten\u0113m ar iek\u0161\u0113jo diametru 5-6 mm: Materi\u0101ls: MATERI\u0100LS: PP<\/p>","protected":false},"featured_media":9872,"comment_status":"open","ping_status":"closed","template":"","meta":{"_acf_changed":false,"content-type":"","_monsterinsights_skip_tracking":false,"_monsterinsights_sitenote_active":false,"_monsterinsights_sitenote_note":"","_monsterinsights_sitenote_category":0},"product_brand":[],"product_cat":[119,121],"product_tag":[],"class_list":{"0":"post-9297","1":"product","2":"type-product","3":"status-publish","4":"has-post-thumbnail","6":"product_cat-formicarium-components","7":"product_cat-connectors","9":"first","10":"outofstock","11":"taxable","12":"shipping-taxable","13":"purchasable","14":"product-type-simple"},"acf":[],"aioseo_notices":[],"jetpack_sharing_enabled":true,"_links":{"self":[{"href":"https:\/\/antcube.shop\/lv\/wp-json\/wp\/v2\/product\/9297","targetHints":{"allow":["GET"]}}],"collection":[{"href":"https:\/\/antcube.shop\/lv\/wp-json\/wp\/v2\/product"}],"about":[{"href":"https:\/\/antcube.shop\/lv\/wp-json\/wp\/v2\/types\/product"}],"replies":[{"embeddable":true,"href":"https:\/\/antcube.shop\/lv\/wp-json\/wp\/v2\/comments?post=9297"}],"wp:featuredmedia":[{"embeddable":true,"href":"https:\/\/antcube.shop\/lv\/wp-json\/wp\/v2\/media\/9872"}],"wp:attachment":[{"href":"https:\/\/antcube.shop\/lv\/wp-json\/wp\/v2\/media?parent=9297"}],"wp:term":[{"taxonomy":"product_brand","embeddable":true,"href":"https:\/\/antcube.shop\/lv\/wp-json\/wp\/v2\/product_brand?post=9297"},{"taxonomy":"product_cat","embeddable":true,"href":"https:\/\/antcube.shop\/lv\/wp-json\/wp\/v2\/product_cat?post=9297"},{"taxonomy":"product_tag","embeddable":true,"href":"https:\/\/antcube.shop\/lv\/wp-json\/wp\/v2\/product_tag?post=9297"}],"curies":[{"name":"wp","href":"https:\/\/api.w.org\/{rel}","templated":true}]}}