{"id":9292,"date":"2024-09-17T15:59:51","date_gmt":"2024-09-17T13:59:51","guid":{"rendered":"https:\/\/antcube.shop\/en\/product\/pilz-von-atta-cephalotes\/"},"modified":"2026-03-11T14:16:11","modified_gmt":"2026-03-11T13:16:11","slug":"atta-cephalotes-sene","status":"publish","type":"product","link":"https:\/\/antcube.shop\/lv\/products\/atta-cephalotes-sene\/","title":{"rendered":"Atta cephalotes s\u0113ne"},"content":{"rendered":"<p><span data-text-color=\"alert\"><strong>Pieg\u0101de iesp\u0113jama tikai V\u0101cij\u0101!<\/strong><\/span><\/p>\n<p><strong>Daudzums:<\/strong> (komplekts)<br \/>\n1x transport\u0113\u0161anas caurule<br \/>\n1x gaisu caurlaid\u012bgs aizb\u0101zni\u0146\u0161<br \/>\n1x svaiga s\u0113ne vismaz 1cm\u00b3<\/p>\n<p><strong>Apraksts:<\/strong> M\u0113s pied\u0101v\u0101jam rezerves s\u0113nes \u0101rk\u0101rtas gad\u012bjumiem, kad lapkoku skudrul\u012b\u0161u s\u0113ne samazin\u0101s vai iet boj\u0101 nepareizas temperat\u016bras, mitruma vai citu iemeslu d\u0113\u013c.<br \/>\nAr 1 cm\u00b3 vien\u012bbu pietiek, lai atjaunotu 11-25 dz\u012bvnieku koloniju.<br \/>\nPieg\u0101d\u0101t\u0101 s\u0113ne var satur\u0113t mazus s\u0113\u0146ot\u0101jus (mini str\u0101dniekus).<br \/>\n\u0160ie mazie minidarbi\u0146i nerada probl\u0113mas eso\u0161ajai kolonijai, jo tie tikai r\u016bp\u0113jas par s\u0113n\u0113m.<\/p>\n<p><strong>Lieto\u0161ana:<\/strong><br \/>\nS\u0113nes = s\u0113\u0146\u0113d\u0101ju skudru sug\u0101m, kas \u0113d s\u0113nes<br \/>\n\u0160\u012b ir pilnv\u0113rt\u012bga bar\u012bba (vienreiz\u0113ja bar\u012bba)<br \/>\nTransport\u0113\u0161anas konteiners j\u0101atver un j\u0101novieto blakus skudru kolonijai. P\u0113c tam dz\u012bvnieki pa\u0161i iznes\u012bs s\u0113nes gabali\u0146us.<\/p>\n<p><strong>Uzglab\u0101\u0161ana:<\/strong> 25\u00b0C un 90% mitrums<\/p>\n<p><strong>Satur:<\/strong><br \/>\nsvaigi un ori\u0123in\u0101li nosaukt\u0101s skudru sugas s\u0113\u0146u gabali\u0146i.<\/p>\n<p><strong>Piez\u012bme:<\/strong><br \/>\nPapildu inform\u0101ciju skat\u012bt lieto\u0161anas pam\u0101c\u012bb\u0101.<\/p>\n<p>Inform\u0101cijas t\u0101lrunis +49 30 439703870<\/p>\n<p><strong>Atbild\u012bg\u0101 veterin\u0101r\u0101 un p\u0101rtikas inspekcija:<\/strong><br \/>\nSteglitz veterin\u0101rais birojs<br \/>\nK\u00f6nigin-Luise-Str. 92<br \/>\n14195 Berl\u012bne<\/p>","protected":false},"excerpt":{"rendered":"<p>Pilnv\u0113rt\u012bga bar\u012bba<\/p>","protected":false},"featured_media":9777,"comment_status":"open","ping_status":"closed","template":"","meta":{"_acf_changed":false,"content-type":"","_monsterinsights_skip_tracking":false,"_monsterinsights_sitenote_active":false,"_monsterinsights_sitenote_note":"","_monsterinsights_sitenote_category":0},"product_brand":[],"product_cat":[115,116],"product_tag":[],"class_list":{"0":"post-9292","1":"product","2":"type-product","3":"status-publish","4":"has-post-thumbnail","6":"product_cat-food-and-feeding","7":"product_cat-food","9":"first","10":"instock","11":"taxable","12":"shipping-taxable","13":"purchasable","14":"product-type-simple"},"acf":[],"aioseo_notices":[],"jetpack_sharing_enabled":true,"_links":{"self":[{"href":"https:\/\/antcube.shop\/lv\/wp-json\/wp\/v2\/product\/9292","targetHints":{"allow":["GET"]}}],"collection":[{"href":"https:\/\/antcube.shop\/lv\/wp-json\/wp\/v2\/product"}],"about":[{"href":"https:\/\/antcube.shop\/lv\/wp-json\/wp\/v2\/types\/product"}],"replies":[{"embeddable":true,"href":"https:\/\/antcube.shop\/lv\/wp-json\/wp\/v2\/comments?post=9292"}],"wp:featuredmedia":[{"embeddable":true,"href":"https:\/\/antcube.shop\/lv\/wp-json\/wp\/v2\/media\/9777"}],"wp:attachment":[{"href":"https:\/\/antcube.shop\/lv\/wp-json\/wp\/v2\/media?parent=9292"}],"wp:term":[{"taxonomy":"product_brand","embeddable":true,"href":"https:\/\/antcube.shop\/lv\/wp-json\/wp\/v2\/product_brand?post=9292"},{"taxonomy":"product_cat","embeddable":true,"href":"https:\/\/antcube.shop\/lv\/wp-json\/wp\/v2\/product_cat?post=9292"},{"taxonomy":"product_tag","embeddable":true,"href":"https:\/\/antcube.shop\/lv\/wp-json\/wp\/v2\/product_tag?post=9292"}],"curies":[{"name":"wp","href":"https:\/\/api.w.org\/{rel}","templated":true}]}}