{"id":9291,"date":"2024-09-17T15:59:27","date_gmt":"2024-09-17T13:59:27","guid":{"rendered":"https:\/\/antcube.shop\/en\/product\/brombeerblatter-100g-frisch\/"},"modified":"2026-03-31T20:25:10","modified_gmt":"2026-03-31T18:25:10","slug":"kazenes-lapas-100-g-svaigas","status":"publish","type":"product","link":"https:\/\/antcube.shop\/lv\/products\/kazenes-lapas-100-g-svaigas\/","title":{"rendered":"Kazenes lapas 100g - svaigas"},"content":{"rendered":"<p><strong>Saturs:<\/strong> 100 g svaigu kazenes lapu<\/p>\n<p><strong>Apraksts:<\/strong> Kazenes lapas k\u0101 augsne s\u0113n\u012b\u0161u sugu skudru savairo\u0161an\u0101s viet\u0101m.<\/p>\n<p><strong>Lieto\u0161ana:<\/strong><br \/>\nKazenes lapas = skudru sug\u0101m, kas vairo s\u0113n\u012btes<br \/>\nT\u0101 ir \"pilnv\u0113rt\u012bga bar\u012bba\" (vienreiz\u0113ja bar\u012bba), un to izmanto tikai k\u0101 augsni s\u0113n\u012b\u0161u savairo\u0161anai.<br \/>\nVienk\u0101r\u0161i ievietojiet baro\u0161anas kamer\u0101 barojam\u0101s lapas.<\/p>\n<p>Uzglab\u0101\u0161ana: 5-8\u00b0C \/ 60-90% mitrums. (alternat\u012bvi ar\u012b v\u0101z\u0113 ar \u016bdeni)<\/p>\n<p><strong>Satur:<\/strong><br \/>\n100% svaigas kazenes lapas<\/p>\n<p><strong>Piez\u012bme:<\/strong><br \/>\nPapildu inform\u0101ciju skat\u012bt lieto\u0161anas pam\u0101c\u012bb\u0101.<\/p>\n<p>Inform\u0101cijas t\u0101lrunis +49 30 439703870<\/p>\n<p>Atbild\u012bg\u0101 veterin\u0101r\u0101 un p\u0101rtikas inspekcija:<br \/>\nSteglitz veterin\u0101rais birojs<br \/>\nK\u00f6nigin-Luise-Str. 92<br \/>\n14195 Berl\u012bne<\/p>","protected":false},"excerpt":{"rendered":"<p>Saturs: Sast\u0101vs: 100g svaigu kazenes lapu Apraksts: Kaze\u0146u lapas ir k\u0101 augsne s\u0113n\u012b\u0161u sugu skudru savairo\u0161anai. Lieto\u0161ana: Kazenes lapas = s\u0113\u0146u savairojo\u0161\u0101m skudru sug\u0101m \u0160\u012b ir \"pilnv\u0113rt\u012bga bar\u012bba\" (vienreiz\u0113ja bar\u012bba), un to izmanto tikai k\u0101 s\u0113\u0146u savairo\u0161an\u0101s augsni. Vienk\u0101r\u0161i ievietojiet baro\u0161anai paredz\u0113t\u0101s lapas barotav\u0101. Uzglab\u0101\u0161ana: 5-8\u00b0C","protected":false},"featured_media":9603,"comment_status":"open","ping_status":"closed","template":"","meta":{"_acf_changed":false,"content-type":"","_monsterinsights_skip_tracking":false,"_monsterinsights_sitenote_active":false,"_monsterinsights_sitenote_note":"","_monsterinsights_sitenote_category":0},"product_brand":[],"product_cat":[115,116],"product_tag":[],"class_list":{"0":"post-9291","1":"product","2":"type-product","3":"status-publish","4":"has-post-thumbnail","6":"product_cat-food-and-feeding","7":"product_cat-food","9":"first","10":"onbackorder","11":"taxable","12":"shipping-taxable","13":"purchasable","14":"product-type-simple"},"acf":[],"aioseo_notices":[],"jetpack_sharing_enabled":true,"_links":{"self":[{"href":"https:\/\/antcube.shop\/lv\/wp-json\/wp\/v2\/product\/9291","targetHints":{"allow":["GET"]}}],"collection":[{"href":"https:\/\/antcube.shop\/lv\/wp-json\/wp\/v2\/product"}],"about":[{"href":"https:\/\/antcube.shop\/lv\/wp-json\/wp\/v2\/types\/product"}],"replies":[{"embeddable":true,"href":"https:\/\/antcube.shop\/lv\/wp-json\/wp\/v2\/comments?post=9291"}],"wp:featuredmedia":[{"embeddable":true,"href":"https:\/\/antcube.shop\/lv\/wp-json\/wp\/v2\/media\/9603"}],"wp:attachment":[{"href":"https:\/\/antcube.shop\/lv\/wp-json\/wp\/v2\/media?parent=9291"}],"wp:term":[{"taxonomy":"product_brand","embeddable":true,"href":"https:\/\/antcube.shop\/lv\/wp-json\/wp\/v2\/product_brand?post=9291"},{"taxonomy":"product_cat","embeddable":true,"href":"https:\/\/antcube.shop\/lv\/wp-json\/wp\/v2\/product_cat?post=9291"},{"taxonomy":"product_tag","embeddable":true,"href":"https:\/\/antcube.shop\/lv\/wp-json\/wp\/v2\/product_tag?post=9291"}],"curies":[{"name":"wp","href":"https:\/\/api.w.org\/{rel}","templated":true}]}}