{"id":9289,"date":"2024-09-17T15:58:27","date_gmt":"2024-09-17T13:58:27","guid":{"rendered":"https:\/\/antcube.shop\/en\/product\/tranke-45ml-65mm-blau\/"},"modified":"2026-04-14T12:07:07","modified_gmt":"2026-04-14T10:07:07","slug":"tranke-45ml-65mm-blau","status":"publish","type":"product","link":"https:\/\/antcube.shop\/lv\/products\/tranke-45ml-65mm-blau\/","title":{"rendered":"Dzeramais trauks 45ml - 65mm - zils"},"content":{"rendered":"<p><strong>Garums:<\/strong> 65 mm, 45 ml<\/p>\n<p><strong>Materi\u0101ls:<\/strong> Plastmasa<\/p>\n<p><strong>Apraksts:<\/strong> Lai skudras formik\u0101rij\u0101 var\u0113tu nodro\u0161in\u0101t sev pietiekamu mitruma daudzumu. \u016adeni var sajaukt ar\u012b ar medu. Ide\u0101li piem\u0113rots ar\u012b atva\u013cin\u0101jumu sezonai. Ieteicams dzirdin\u0101tavas dibenu apkl\u0101t ar uzs\u016bco\u0161u kokvilnu vai s\u016bkli, lai skudras neaps\u012bktu.<\/p>\n<p><strong>Pamatnes kr\u0101sa:<\/strong> balta<br \/>\n<strong>Konteinera kr\u0101sa:<\/strong> zils caursp\u012bd\u012bgs<\/p>","protected":false},"excerpt":{"rendered":"<p>Garums: 65 mm, materi\u0101ls: plastmasa<\/p>","protected":false},"featured_media":9608,"comment_status":"open","ping_status":"closed","template":"","meta":{"_acf_changed":false,"content-type":"","_monsterinsights_skip_tracking":false,"_monsterinsights_sitenote_active":false,"_monsterinsights_sitenote_note":"","_monsterinsights_sitenote_category":0},"product_brand":[],"product_cat":[115,117],"product_tag":[],"class_list":{"0":"post-9289","1":"product","2":"type-product","3":"status-publish","4":"has-post-thumbnail","6":"product_cat-food-and-feeding","7":"product_cat-drinkers-for-ants","9":"first","10":"instock","11":"taxable","12":"shipping-taxable","13":"purchasable","14":"product-type-simple"},"acf":[],"aioseo_notices":[],"jetpack_sharing_enabled":true,"_links":{"self":[{"href":"https:\/\/antcube.shop\/lv\/wp-json\/wp\/v2\/product\/9289","targetHints":{"allow":["GET"]}}],"collection":[{"href":"https:\/\/antcube.shop\/lv\/wp-json\/wp\/v2\/product"}],"about":[{"href":"https:\/\/antcube.shop\/lv\/wp-json\/wp\/v2\/types\/product"}],"replies":[{"embeddable":true,"href":"https:\/\/antcube.shop\/lv\/wp-json\/wp\/v2\/comments?post=9289"}],"wp:featuredmedia":[{"embeddable":true,"href":"https:\/\/antcube.shop\/lv\/wp-json\/wp\/v2\/media\/9608"}],"wp:attachment":[{"href":"https:\/\/antcube.shop\/lv\/wp-json\/wp\/v2\/media?parent=9289"}],"wp:term":[{"taxonomy":"product_brand","embeddable":true,"href":"https:\/\/antcube.shop\/lv\/wp-json\/wp\/v2\/product_brand?post=9289"},{"taxonomy":"product_cat","embeddable":true,"href":"https:\/\/antcube.shop\/lv\/wp-json\/wp\/v2\/product_cat?post=9289"},{"taxonomy":"product_tag","embeddable":true,"href":"https:\/\/antcube.shop\/lv\/wp-json\/wp\/v2\/product_tag?post=9289"}],"curies":[{"name":"wp","href":"https:\/\/api.w.org\/{rel}","templated":true}]}}