{"id":9287,"date":"2024-09-17T15:57:37","date_gmt":"2024-09-17T13:57:37","guid":{"rendered":"https:\/\/antcube.shop\/en\/product\/felsschale-mini-lava-rock\/"},"modified":"2026-03-10T10:32:11","modified_gmt":"2026-03-10T09:32:11","slug":"klinsu-caulas-mini-lavas-iezis","status":"publish","type":"product","link":"https:\/\/antcube.shop\/lv\/products\/klinsu-caulas-mini-lavas-iezis\/","title":{"rendered":"Akmens \u010daulas mini Lava Rock"},"content":{"rendered":"<p><strong>Izm\u0113ri:<\/strong> 15 x 10 x 2,5 cm<\/p>\n<p><strong>Kr\u0101sa:<\/strong> pel\u0113ki sarkans<\/p>\n<p><strong>Materi\u0101ls:<\/strong> sint\u0113tiskie sve\u0137i<\/p>\n<p><strong>Apraksts:<\/strong><br \/>\n\u0160aj\u0101s akme\u0146u b\u013codi\u0146\u0101s skudr\u0101m var pied\u0101v\u0101t p\u0101rtiku vai \u016bdeni. Akme\u0146u b\u013codas ir izgatavotas no iztur\u012bgas sint\u0113tisk\u0101s sve\u0137u masas, un skudras t\u0101s nevar izn\u012bcin\u0101t.<\/p>","protected":false},"excerpt":{"rendered":"<p>Izm\u0113rs: 15 x 10 x 2,5 cm<\/p>","protected":false},"featured_media":9775,"comment_status":"open","ping_status":"closed","template":"","meta":{"_acf_changed":false,"content-type":"","_monsterinsights_skip_tracking":false,"_monsterinsights_sitenote_active":false,"_monsterinsights_sitenote_note":"","_monsterinsights_sitenote_category":0},"product_brand":[],"product_cat":[115,118],"product_tag":[],"class_list":{"0":"post-9287","1":"product","2":"type-product","3":"status-publish","4":"has-post-thumbnail","6":"product_cat-food-and-feeding","7":"product_cat-feeding-bowls","9":"first","10":"instock","11":"taxable","12":"shipping-taxable","13":"purchasable","14":"product-type-simple"},"acf":[],"aioseo_notices":[],"jetpack_sharing_enabled":true,"_links":{"self":[{"href":"https:\/\/antcube.shop\/lv\/wp-json\/wp\/v2\/product\/9287","targetHints":{"allow":["GET"]}}],"collection":[{"href":"https:\/\/antcube.shop\/lv\/wp-json\/wp\/v2\/product"}],"about":[{"href":"https:\/\/antcube.shop\/lv\/wp-json\/wp\/v2\/types\/product"}],"replies":[{"embeddable":true,"href":"https:\/\/antcube.shop\/lv\/wp-json\/wp\/v2\/comments?post=9287"}],"wp:featuredmedia":[{"embeddable":true,"href":"https:\/\/antcube.shop\/lv\/wp-json\/wp\/v2\/media\/9775"}],"wp:attachment":[{"href":"https:\/\/antcube.shop\/lv\/wp-json\/wp\/v2\/media?parent=9287"}],"wp:term":[{"taxonomy":"product_brand","embeddable":true,"href":"https:\/\/antcube.shop\/lv\/wp-json\/wp\/v2\/product_brand?post=9287"},{"taxonomy":"product_cat","embeddable":true,"href":"https:\/\/antcube.shop\/lv\/wp-json\/wp\/v2\/product_cat?post=9287"},{"taxonomy":"product_tag","embeddable":true,"href":"https:\/\/antcube.shop\/lv\/wp-json\/wp\/v2\/product_tag?post=9287"}],"curies":[{"name":"wp","href":"https:\/\/api.w.org\/{rel}","templated":true}]}}