{"id":9276,"date":"2024-09-17T15:53:02","date_gmt":"2024-09-17T13:53:02","guid":{"rendered":"https:\/\/antcube.shop\/en\/product\/ameisen-futterrohrchen-2ml\/"},"modified":"2026-04-04T12:46:27","modified_gmt":"2026-04-04T10:46:27","slug":"ameisen-futterrohrchen-2ml","status":"publish","type":"product","link":"https:\/\/antcube.shop\/lv\/products\/ameisen-futterrohrchen-2ml\/","title":{"rendered":"Skudru bar\u012bbas t\u016bbi\u0146a 2ml"},"content":{"rendered":"<p><strong>Izm\u0113ri:<\/strong> 13 x 13 x 46 mm<\/p>\n<p><strong>Materi\u0101ls:<\/strong> Plastmasa<\/p>\n<p><strong>Apraksts:<\/strong> Pagarin\u0101ta baro\u0161anas caurule, kas paredz\u0113ta da\u017e\u0101du p\u0101rtikas produktu uzpild\u012b\u0161anai skudr\u0101m. Komplekt\u0101 ir ieskr\u016bv\u0113jams v\u0101ci\u0146\u0161 ar bl\u012bv\u0113juma gredzenu, kas aiztaisa un saglab\u0101 bar\u012bbu svaigu. Bar\u012bbu var viegli izdal\u012bt, uzman\u012bgi to izspie\u017eot.<\/p>","protected":false},"excerpt":{"rendered":"<p>Izm\u0113ri: Izm\u0113ri: 13 x 13 x 46 mm Materi\u0101ls: Materi\u0101ls: plastmasa Apraksts: Plastmasas materi\u0101ls: Plastmasas caurule, kas paredz\u0113ta skudr\u0101m. Ietver ieskr\u016bv\u0113jamu v\u0101ci\u0146u ar bl\u012bv\u0113juma gredzenu, kas aiztaisa un saglab\u0101 bar\u012bbu svaigu. Bar\u012bbu var viegli izdal\u012bt, uzman\u012bgi to izspie\u017eot.<\/p>","protected":false},"featured_media":9754,"comment_status":"open","ping_status":"closed","template":"","meta":{"_acf_changed":false,"content-type":"","_monsterinsights_skip_tracking":false,"_monsterinsights_sitenote_active":false,"_monsterinsights_sitenote_note":"","_monsterinsights_sitenote_category":0},"product_brand":[],"product_cat":[237],"product_tag":[],"class_list":{"0":"post-9276","1":"product","2":"type-product","3":"status-publish","4":"has-post-thumbnail","6":"product_cat-tools","8":"first","9":"instock","10":"taxable","11":"shipping-taxable","12":"purchasable","13":"product-type-simple"},"acf":[],"aioseo_notices":[],"jetpack_sharing_enabled":true,"_links":{"self":[{"href":"https:\/\/antcube.shop\/lv\/wp-json\/wp\/v2\/product\/9276","targetHints":{"allow":["GET"]}}],"collection":[{"href":"https:\/\/antcube.shop\/lv\/wp-json\/wp\/v2\/product"}],"about":[{"href":"https:\/\/antcube.shop\/lv\/wp-json\/wp\/v2\/types\/product"}],"replies":[{"embeddable":true,"href":"https:\/\/antcube.shop\/lv\/wp-json\/wp\/v2\/comments?post=9276"}],"wp:featuredmedia":[{"embeddable":true,"href":"https:\/\/antcube.shop\/lv\/wp-json\/wp\/v2\/media\/9754"}],"wp:attachment":[{"href":"https:\/\/antcube.shop\/lv\/wp-json\/wp\/v2\/media?parent=9276"}],"wp:term":[{"taxonomy":"product_brand","embeddable":true,"href":"https:\/\/antcube.shop\/lv\/wp-json\/wp\/v2\/product_brand?post=9276"},{"taxonomy":"product_cat","embeddable":true,"href":"https:\/\/antcube.shop\/lv\/wp-json\/wp\/v2\/product_cat?post=9276"},{"taxonomy":"product_tag","embeddable":true,"href":"https:\/\/antcube.shop\/lv\/wp-json\/wp\/v2\/product_tag?post=9276"}],"curies":[{"name":"wp","href":"https:\/\/api.w.org\/{rel}","templated":true}]}}