{"id":9273,"date":"2024-09-17T15:00:07","date_gmt":"2024-09-17T13:00:07","guid":{"rendered":"https:\/\/antcube.shop\/en\/product\/mini-thermometer-analog-metall-25mm\/"},"modified":"2026-04-05T12:30:33","modified_gmt":"2026-04-05T10:30:33","slug":"mini-termometrs-analogais-metala-25mm","status":"publish","type":"product","link":"https:\/\/antcube.shop\/lv\/products\/mini-termometrs-analogais-metala-25mm\/","title":{"rendered":"Mini termometrs analogais met\u0101la - 25mm"},"content":{"rendered":"<p><strong>Izm\u0113ri:<\/strong> 25 mm<\/p>\n<p><strong>Kr\u0101sa:<\/strong> met\u0101ls, sudrabs<\/p>\n<p><strong>M\u0113r\u012b\u0161anas diapazons:<\/strong> -20 l\u012bdz +50\u00b0C \/ -10 l\u012bdz +130\u00b0F<\/p>\n<p><strong>Precizit\u0101te:<\/strong> +\/- 2\u00b0C , +\/- 4\u00b0F<\/p>\n<p><strong>Apraksts:<\/strong><br \/>\nAnalogais termometrs, kas ir \u012bpa\u0161i piem\u0113rots \u013coti maz\u0101m formik\u0101rij\u0101m.<br \/>\nTas ir piestiprin\u0101ts 27 mm caurumam, izmantojot \"Formicarium kontaktdak\u0161u 27 mm caurumam\" ar 22 mm izgriezumu.<br \/>\nPret\u0113j\u0101 gad\u012bjum\u0101 higrometru var piestiprin\u0101t pie formik\u0101rija aizmugures iek\u0161puses, izmantojot abpus\u0113jas l\u012bmlentes (nav iek\u013cauta komplekt\u0101).<\/p>\n<p><strong>Piez\u012bme:<\/strong><br \/>\nNeaizveriet termometra aizmugur\u0113jo atveri, jo tas var izrais\u012bt m\u0113r\u012bjumu k\u013c\u016bdas.<\/p>","protected":false},"excerpt":{"rendered":"<p>M\u0113r\u012b\u0161anas diapazons: -20 l\u012bdz +50\u00b0C \/ -10 l\u012bdz +130\u00b0F, diametrs: 25 mm.<\/p>","protected":false},"featured_media":9748,"comment_status":"open","ping_status":"closed","template":"","meta":{"_acf_changed":false,"content-type":"","_monsterinsights_skip_tracking":false,"_monsterinsights_sitenote_active":false,"_monsterinsights_sitenote_note":"","_monsterinsights_sitenote_category":0},"product_brand":[],"product_cat":[359,119],"product_tag":[],"class_list":{"0":"post-9273","1":"product","2":"type-product","3":"status-publish","4":"has-post-thumbnail","6":"product_cat-light-heat-humidity","7":"product_cat-formicarium-components","9":"first","10":"instock","11":"taxable","12":"shipping-taxable","13":"purchasable","14":"product-type-simple"},"acf":[],"aioseo_notices":[],"jetpack_sharing_enabled":true,"_links":{"self":[{"href":"https:\/\/antcube.shop\/lv\/wp-json\/wp\/v2\/product\/9273","targetHints":{"allow":["GET"]}}],"collection":[{"href":"https:\/\/antcube.shop\/lv\/wp-json\/wp\/v2\/product"}],"about":[{"href":"https:\/\/antcube.shop\/lv\/wp-json\/wp\/v2\/types\/product"}],"replies":[{"embeddable":true,"href":"https:\/\/antcube.shop\/lv\/wp-json\/wp\/v2\/comments?post=9273"}],"wp:featuredmedia":[{"embeddable":true,"href":"https:\/\/antcube.shop\/lv\/wp-json\/wp\/v2\/media\/9748"}],"wp:attachment":[{"href":"https:\/\/antcube.shop\/lv\/wp-json\/wp\/v2\/media?parent=9273"}],"wp:term":[{"taxonomy":"product_brand","embeddable":true,"href":"https:\/\/antcube.shop\/lv\/wp-json\/wp\/v2\/product_brand?post=9273"},{"taxonomy":"product_cat","embeddable":true,"href":"https:\/\/antcube.shop\/lv\/wp-json\/wp\/v2\/product_cat?post=9273"},{"taxonomy":"product_tag","embeddable":true,"href":"https:\/\/antcube.shop\/lv\/wp-json\/wp\/v2\/product_tag?post=9273"}],"curies":[{"name":"wp","href":"https:\/\/api.w.org\/{rel}","templated":true}]}}