{"id":9271,"date":"2024-09-17T14:58:23","date_gmt":"2024-09-17T12:58:23","guid":{"rendered":"https:\/\/antcube.shop\/en\/product\/mini-thermo-hygrometer-analog-display-magnet\/"},"modified":"2026-04-02T09:54:43","modified_gmt":"2026-04-02T07:54:43","slug":"mini-termo-higrometrs-analogais-displejs-magnets","status":"publish","type":"product","link":"https:\/\/antcube.shop\/lv\/products\/mini-termo-higrometrs-analogais-displejs-magnets\/","title":{"rendered":"Mini termo- higrometrs analogs - displejs - magn\u0113ts"},"content":{"rendered":"<p><strong>Izm\u0113ri:<\/strong> 75 mm x 60 mm, 8 mm dzi\u013c\u0161<\/p>\n<p><strong>Materi\u0101ls:<\/strong> met\u0101ls \/ akrila stikls<\/p>\n<p><strong>Kr\u0101sa:<\/strong> met\u0101ls, sudraba \/ caursp\u012bd\u012bgs<\/p>\n<p><strong>Saturs:<\/strong> 1x analogais met\u0101la mini termometrs - 25 mm, 1x analogais met\u0101la mini higrometrs - 25 mm, 1x akrila stikla tur\u0113t\u0101js ar izgriezumiem m\u0113rinstrumentiem un trim magn\u0113tiem - 75x60 mm, 1x akrila stikla pl\u0101ksn\u012bte ar magn\u0113tiem displeja fiks\u0113\u0161anai - 75x20 mm,<\/p>\n<p><strong>Apraksts:<\/strong><br \/>\nKomplekt\u0101 ietilpst analogais termometrs un higrometrs, kas izgatavoti no met\u0101la (25 mm) un iestiprin\u0101ti akrila stikla pl\u0101ksn\u0113 (75x6 mm). Displejs ir piestiprin\u0101ts, izmantojot nelielu pl\u0101ksn\u012bti ar magn\u0113tiem, kas piestiprin\u0101ta pl\u0101ksnes otr\u0101 pus\u0113. Tas \u013cauj piel\u0101got v\u0113rt\u012bbu displeja atra\u0161an\u0101s vietu individu\u0101l\u0101m pras\u012bb\u0101m. Sal\u012bdzinot ar l\u012bmpl\u0101ksn\u012bt\u0113m, magn\u0113ti \u013cauj main\u012bt displeja atra\u0161an\u0101s vietu tik bie\u017ei, cik nepiecie\u0161ams.<\/p>\n<p><strong>Piez\u012bme:<\/strong><br \/>\nM\u0113rinstrumentiem aizmugur\u0113j\u0101 pus\u0113 j\u0101b\u016bt br\u012bviem, pret\u0113j\u0101 gad\u012bjum\u0101 var rasties m\u0113r\u012bjumu k\u013c\u016bdas.<\/p>\n<p>Ra\u017eo\u0161anas procesa d\u0113\u013c uz magn\u0113tiskaj\u0101m da\u013c\u0101m var rasties nelielas vai vid\u0113jas plaisas.<\/p>\n<p>Precizit\u0101te: +\/- 2\u00b0C , +\/- 4\u00b0F<br \/>\nPrecizit\u0101te: +\/- 5%<\/p>","protected":false},"excerpt":{"rendered":"<p>Termometra un higrometra komplekts no met\u0101la (25 mm), kas ievietots akrila stikla pl\u0101ksn\u0113 (75x45 mm).<\/p>","protected":false},"featured_media":9740,"comment_status":"open","ping_status":"closed","template":"","meta":{"_acf_changed":false,"content-type":"","_monsterinsights_skip_tracking":false,"_monsterinsights_sitenote_active":false,"_monsterinsights_sitenote_note":"","_monsterinsights_sitenote_category":0},"product_brand":[],"product_cat":[359,119],"product_tag":[],"class_list":{"0":"post-9271","1":"product","2":"type-product","3":"status-publish","4":"has-post-thumbnail","6":"product_cat-light-heat-humidity","7":"product_cat-formicarium-components","9":"first","10":"instock","11":"taxable","12":"shipping-taxable","13":"purchasable","14":"product-type-simple"},"acf":[],"aioseo_notices":[],"jetpack_sharing_enabled":true,"_links":{"self":[{"href":"https:\/\/antcube.shop\/lv\/wp-json\/wp\/v2\/product\/9271","targetHints":{"allow":["GET"]}}],"collection":[{"href":"https:\/\/antcube.shop\/lv\/wp-json\/wp\/v2\/product"}],"about":[{"href":"https:\/\/antcube.shop\/lv\/wp-json\/wp\/v2\/types\/product"}],"replies":[{"embeddable":true,"href":"https:\/\/antcube.shop\/lv\/wp-json\/wp\/v2\/comments?post=9271"}],"wp:featuredmedia":[{"embeddable":true,"href":"https:\/\/antcube.shop\/lv\/wp-json\/wp\/v2\/media\/9740"}],"wp:attachment":[{"href":"https:\/\/antcube.shop\/lv\/wp-json\/wp\/v2\/media?parent=9271"}],"wp:term":[{"taxonomy":"product_brand","embeddable":true,"href":"https:\/\/antcube.shop\/lv\/wp-json\/wp\/v2\/product_brand?post=9271"},{"taxonomy":"product_cat","embeddable":true,"href":"https:\/\/antcube.shop\/lv\/wp-json\/wp\/v2\/product_cat?post=9271"},{"taxonomy":"product_tag","embeddable":true,"href":"https:\/\/antcube.shop\/lv\/wp-json\/wp\/v2\/product_tag?post=9271"}],"curies":[{"name":"wp","href":"https:\/\/api.w.org\/{rel}","templated":true}]}}