{"id":9269,"date":"2024-09-17T14:52:27","date_gmt":"2024-09-17T12:52:27","guid":{"rendered":"https:\/\/antcube.shop\/en\/product\/heat-pack-stoffbeutel-72-std\/"},"modified":"2026-04-20T11:46:57","modified_gmt":"2026-04-20T09:46:57","slug":"siltuma-iepakojuma-auduma-soma-72-stundas","status":"publish","type":"product","link":"https:\/\/antcube.shop\/lv\/products\/siltuma-iepakojuma-auduma-soma-72-stundas\/","title":{"rendered":"Siltuma iepakojums - auduma maisi\u0146\u0161 - 72 stundas."},"content":{"rendered":"<p><strong>Izm\u0113ri:<\/strong> 15,5 x 11,5 cm<\/p>\n<p>Siltuma ilgums ( h ): ~ 72<\/p>\n<p>Temperat\u016bra (maksim\u0101l\u0101 \/ vid\u0113j\u0101): 52\u00b0C \/ 46\u00b0C<\/p>\n<p><strong>Apraksts:<\/strong> \u0160is HeatPack ir sild\u012bt\u0101js ar aktiv\u0113to ogli, kas aktiviz\u0113jas, saskaroties ar gaisu. Vienk\u0101r\u0161i iz\u0146emiet HeatPack no iepakojuma, \u013caujiet tam \u012bsu br\u012bdi aktiviz\u0113ties vid\u0113, kur\u0101 nav sala, un ievietojiet to piem\u0113rot\u0101 transporta kast\u0113 (piem\u0113ram, polistirola kast\u0113). Siltuma izdal\u012b\u0161an\u0101s s\u0101kas p\u0113c da\u017e\u0101m min\u016bt\u0113m un ilgst l\u012bdz 72 stund\u0101m.<\/p>\n<p>Var izmantot tikai vienu reizi!<\/p>\n<p><strong>Sast\u0101vda\u013cas:<\/strong> dzelzs, \u016bdens, celuloze, akt\u012bv\u0101 ogle, vermikul\u012bts, s\u0101ls.<\/p>","protected":false},"excerpt":{"rendered":"<p>Siltuma jauda 72 stundas.<\/p>","protected":false},"featured_media":9735,"comment_status":"open","ping_status":"closed","template":"","meta":{"_acf_changed":false,"content-type":"","_monsterinsights_skip_tracking":false,"_monsterinsights_sitenote_active":false,"_monsterinsights_sitenote_note":"","_monsterinsights_sitenote_category":0},"product_brand":[],"product_cat":[237],"product_tag":[],"class_list":{"0":"post-9269","1":"product","2":"type-product","3":"status-publish","4":"has-post-thumbnail","6":"product_cat-tools","8":"first","9":"instock","10":"taxable","11":"shipping-taxable","12":"purchasable","13":"product-type-simple"},"acf":[],"aioseo_notices":[],"jetpack_sharing_enabled":true,"_links":{"self":[{"href":"https:\/\/antcube.shop\/lv\/wp-json\/wp\/v2\/product\/9269","targetHints":{"allow":["GET"]}}],"collection":[{"href":"https:\/\/antcube.shop\/lv\/wp-json\/wp\/v2\/product"}],"about":[{"href":"https:\/\/antcube.shop\/lv\/wp-json\/wp\/v2\/types\/product"}],"replies":[{"embeddable":true,"href":"https:\/\/antcube.shop\/lv\/wp-json\/wp\/v2\/comments?post=9269"}],"wp:featuredmedia":[{"embeddable":true,"href":"https:\/\/antcube.shop\/lv\/wp-json\/wp\/v2\/media\/9735"}],"wp:attachment":[{"href":"https:\/\/antcube.shop\/lv\/wp-json\/wp\/v2\/media?parent=9269"}],"wp:term":[{"taxonomy":"product_brand","embeddable":true,"href":"https:\/\/antcube.shop\/lv\/wp-json\/wp\/v2\/product_brand?post=9269"},{"taxonomy":"product_cat","embeddable":true,"href":"https:\/\/antcube.shop\/lv\/wp-json\/wp\/v2\/product_cat?post=9269"},{"taxonomy":"product_tag","embeddable":true,"href":"https:\/\/antcube.shop\/lv\/wp-json\/wp\/v2\/product_tag?post=9269"}],"curies":[{"name":"wp","href":"https:\/\/api.w.org\/{rel}","templated":true}]}}