{"id":9268,"date":"2024-09-17T14:52:05","date_gmt":"2024-09-17T12:52:05","guid":{"rendered":"https:\/\/antcube.shop\/en\/product\/heat-pack-alubeutel-36-std\/"},"modified":"2026-02-09T17:52:40","modified_gmt":"2026-02-09T16:52:40","slug":"siltuma-iepakojums-aluminija-soma-36-stundas","status":"publish","type":"product","link":"https:\/\/antcube.shop\/lv\/products\/siltuma-iepakojums-aluminija-soma-36-stundas\/","title":{"rendered":"Siltuma iepakojums - alum\u012bnija maisi\u0146\u0161 - 36 stundas."},"content":{"rendered":"<p><strong>Izm\u0113ri:<\/strong> 16 x 11,5 cm<\/p>\n<p><strong>Apraksts:<\/strong> Siltuma paketes sasilda l\u012bdz maks. 45\u00b0C, kad tie non\u0101k saskar\u0113 ar sk\u0101bekli. Tos izmanto k\u0101 siltuma avotu, transport\u0113jot tropisko skudru kolonijas, lai nov\u0113rstu dz\u012bvnieku hipotermiju. Siltuma padeve aptuveni 36 stundas.<\/p>\n<p>Var izmantot tikai vienu reizi!<\/p>\n<p><strong>Sast\u0101vda\u013cas:<\/strong> dzelzs, aktiv\u0113t\u0101 ogle, belmil\u012bts, s\u0101ls, \u016bdens<\/p>","protected":false},"excerpt":{"rendered":"<p>Siltuma jauda 36 stundas<\/p>","protected":false},"featured_media":9732,"comment_status":"open","ping_status":"closed","template":"","meta":{"_acf_changed":false,"content-type":"","_monsterinsights_skip_tracking":false,"_monsterinsights_sitenote_active":false,"_monsterinsights_sitenote_note":"","_monsterinsights_sitenote_category":0},"product_brand":[],"product_cat":[237],"product_tag":[],"class_list":{"0":"post-9268","1":"product","2":"type-product","3":"status-publish","4":"has-post-thumbnail","6":"product_cat-tools","8":"first","9":"instock","10":"taxable","11":"shipping-taxable","12":"purchasable","13":"product-type-simple"},"acf":[],"aioseo_notices":[],"jetpack_sharing_enabled":true,"_links":{"self":[{"href":"https:\/\/antcube.shop\/lv\/wp-json\/wp\/v2\/product\/9268","targetHints":{"allow":["GET"]}}],"collection":[{"href":"https:\/\/antcube.shop\/lv\/wp-json\/wp\/v2\/product"}],"about":[{"href":"https:\/\/antcube.shop\/lv\/wp-json\/wp\/v2\/types\/product"}],"replies":[{"embeddable":true,"href":"https:\/\/antcube.shop\/lv\/wp-json\/wp\/v2\/comments?post=9268"}],"wp:featuredmedia":[{"embeddable":true,"href":"https:\/\/antcube.shop\/lv\/wp-json\/wp\/v2\/media\/9732"}],"wp:attachment":[{"href":"https:\/\/antcube.shop\/lv\/wp-json\/wp\/v2\/media?parent=9268"}],"wp:term":[{"taxonomy":"product_brand","embeddable":true,"href":"https:\/\/antcube.shop\/lv\/wp-json\/wp\/v2\/product_brand?post=9268"},{"taxonomy":"product_cat","embeddable":true,"href":"https:\/\/antcube.shop\/lv\/wp-json\/wp\/v2\/product_cat?post=9268"},{"taxonomy":"product_tag","embeddable":true,"href":"https:\/\/antcube.shop\/lv\/wp-json\/wp\/v2\/product_tag?post=9268"}],"curies":[{"name":"wp","href":"https:\/\/api.w.org\/{rel}","templated":true}]}}