{"id":9260,"date":"2024-09-17T14:49:00","date_gmt":"2024-09-17T12:49:00","guid":{"rendered":"https:\/\/antcube.shop\/en\/product\/spritzflasche-pe-ld-100ml\/"},"modified":"2026-03-24T10:55:22","modified_gmt":"2026-03-24T09:55:22","slug":"spritzflasche-pe-ld-100ml","status":"publish","type":"product","link":"https:\/\/antcube.shop\/lv\/products\/spritzflasche-pe-ld-100ml\/","title":{"rendered":"Izsmidzin\u0101\u0161anas pudele PE-LD 100ml"},"content":{"rendered":"<p><strong>Izm\u0113ri:<\/strong> Tilpums: 100 ml<\/p>\n<p><strong>Kr\u0101sa:<\/strong> caursp\u012bd\u012bgs \/ pienains<\/p>\n<p><strong>Materi\u0101ls:<\/strong> PE<\/p>\n<p><strong>Apraksts:<\/strong> Izsmidzin\u0101\u0161anas pudele ar pagarin\u0101tu uzgali - ide\u0101li piem\u0113rota manu\u0101lai formik\u0101rija mitrin\u0101\u0161anai.<\/p>","protected":false},"excerpt":{"rendered":"<p>Izm\u0113ri: Kr\u0101sa: caursp\u012bd\u012bga \/ pienaina Materi\u0101ls: Materi\u0101ls: PE Apraksts: Izsmidzin\u0101\u0161anas pudele ar pagarin\u0101tu uzgali - ide\u0101li piem\u0113rota manu\u0101lai formik\u0101rija mitrin\u0101\u0161anai.<\/p>","protected":false},"featured_media":9714,"comment_status":"open","ping_status":"closed","template":"","meta":{"_acf_changed":false,"content-type":"","_monsterinsights_skip_tracking":false,"_monsterinsights_sitenote_active":false,"_monsterinsights_sitenote_note":"","_monsterinsights_sitenote_category":0},"product_brand":[],"product_cat":[237],"product_tag":[],"class_list":{"0":"post-9260","1":"product","2":"type-product","3":"status-publish","4":"has-post-thumbnail","6":"product_cat-tools","8":"first","9":"instock","10":"taxable","11":"shipping-taxable","12":"purchasable","13":"product-type-simple"},"acf":[],"aioseo_notices":[],"jetpack_sharing_enabled":true,"_links":{"self":[{"href":"https:\/\/antcube.shop\/lv\/wp-json\/wp\/v2\/product\/9260","targetHints":{"allow":["GET"]}}],"collection":[{"href":"https:\/\/antcube.shop\/lv\/wp-json\/wp\/v2\/product"}],"about":[{"href":"https:\/\/antcube.shop\/lv\/wp-json\/wp\/v2\/types\/product"}],"replies":[{"embeddable":true,"href":"https:\/\/antcube.shop\/lv\/wp-json\/wp\/v2\/comments?post=9260"}],"wp:featuredmedia":[{"embeddable":true,"href":"https:\/\/antcube.shop\/lv\/wp-json\/wp\/v2\/media\/9714"}],"wp:attachment":[{"href":"https:\/\/antcube.shop\/lv\/wp-json\/wp\/v2\/media?parent=9260"}],"wp:term":[{"taxonomy":"product_brand","embeddable":true,"href":"https:\/\/antcube.shop\/lv\/wp-json\/wp\/v2\/product_brand?post=9260"},{"taxonomy":"product_cat","embeddable":true,"href":"https:\/\/antcube.shop\/lv\/wp-json\/wp\/v2\/product_cat?post=9260"},{"taxonomy":"product_tag","embeddable":true,"href":"https:\/\/antcube.shop\/lv\/wp-json\/wp\/v2\/product_tag?post=9260"}],"curies":[{"name":"wp","href":"https:\/\/api.w.org\/{rel}","templated":true}]}}