{"id":9256,"date":"2024-09-17T14:46:52","date_gmt":"2024-09-17T12:46:52","guid":{"rendered":"https:\/\/antcube.shop\/en\/product\/fotoruckwand-regenwald-30x60-hoch\/"},"modified":"2026-04-15T13:38:00","modified_gmt":"2026-04-15T11:38:00","slug":"foto-aizmugureja-siena-lietus-mezs-30x60-augsts","status":"publish","type":"product","link":"https:\/\/antcube.shop\/lv\/products\/foto-aizmugureja-siena-lietus-mezs-30x60-augsts\/","title":{"rendered":"Foto aizmugures siena - Lietus me\u017es - 30\u00d760 - augsta"},"content":{"rendered":"<p><strong>Izm\u0113ri:<\/strong> 30x60cm<\/p>\n<p><strong>Materi\u0101ls:<\/strong> Glanc\u0113ts folijas pap\u012brs<\/p>\n<p><strong>Saturs:<\/strong> 1x foto fons<\/p>\n<p><strong>Apraksts:<\/strong> \u0160is fotoatt\u0113la fons ir piel\u012bm\u0113ts pie formik\u0101rija aizmugures \u0101r\u0113j\u0101s da\u013cas, lai rad\u012btu skudru dabiskajai dz\u012bves videi atbilsto\u0161as vides iespaidu.<\/p>","protected":false},"excerpt":{"rendered":"<p>Materi\u0101ls: glanc\u0113ts folijas pap\u012brs<\/p>","protected":false},"featured_media":9704,"comment_status":"open","ping_status":"closed","template":"","meta":{"_acf_changed":false,"content-type":"","_monsterinsights_skip_tracking":false,"_monsterinsights_sitenote_active":false,"_monsterinsights_sitenote_note":"","_monsterinsights_sitenote_category":0},"product_brand":[],"product_cat":[97,106],"product_tag":[],"class_list":{"0":"post-9256","1":"product","2":"type-product","3":"status-publish","4":"has-post-thumbnail","6":"product_cat-photo-backwalls","7":"product_cat-rainforest-photo-backwall","9":"first","10":"instock","11":"taxable","12":"shipping-taxable","13":"purchasable","14":"product-type-simple"},"acf":[],"aioseo_notices":[],"jetpack_sharing_enabled":true,"_links":{"self":[{"href":"https:\/\/antcube.shop\/lv\/wp-json\/wp\/v2\/product\/9256","targetHints":{"allow":["GET"]}}],"collection":[{"href":"https:\/\/antcube.shop\/lv\/wp-json\/wp\/v2\/product"}],"about":[{"href":"https:\/\/antcube.shop\/lv\/wp-json\/wp\/v2\/types\/product"}],"replies":[{"embeddable":true,"href":"https:\/\/antcube.shop\/lv\/wp-json\/wp\/v2\/comments?post=9256"}],"wp:featuredmedia":[{"embeddable":true,"href":"https:\/\/antcube.shop\/lv\/wp-json\/wp\/v2\/media\/9704"}],"wp:attachment":[{"href":"https:\/\/antcube.shop\/lv\/wp-json\/wp\/v2\/media?parent=9256"}],"wp:term":[{"taxonomy":"product_brand","embeddable":true,"href":"https:\/\/antcube.shop\/lv\/wp-json\/wp\/v2\/product_brand?post=9256"},{"taxonomy":"product_cat","embeddable":true,"href":"https:\/\/antcube.shop\/lv\/wp-json\/wp\/v2\/product_cat?post=9256"},{"taxonomy":"product_tag","embeddable":true,"href":"https:\/\/antcube.shop\/lv\/wp-json\/wp\/v2\/product_tag?post=9256"}],"curies":[{"name":"wp","href":"https:\/\/api.w.org\/{rel}","templated":true}]}}