{"id":9250,"date":"2024-09-17T14:44:16","date_gmt":"2024-09-17T12:44:16","guid":{"rendered":"https:\/\/antcube.shop\/en\/product\/antcube-korknest-60x30-stehend\/"},"modified":"2026-03-10T17:53:31","modified_gmt":"2026-03-10T16:53:31","slug":"antcube-korka-ligzda-60x30-vertikala-stavokli","status":"publish","type":"product","link":"https:\/\/antcube.shop\/lv\/products\/antcube-korka-ligzda-60x30-vertikala-stavokli\/","title":{"rendered":"ANTCUBE - Kor\u0137a ligzda 60\u00d730 - vertik\u0101l\u0101 st\u0101vokl\u012b"},"content":{"rendered":"<p><strong>Izm\u0113ri:<\/strong> 583 x 240 x 20 mm<\/p>\n<p><strong>Materi\u0101ls:<\/strong> Kor\u0137is (smalks)<\/p>\n<p>Piem\u0113rots tikai m\u016bsu skudru ferm\u0101s, kuru izm\u0113rs ir \u0161\u0101ds <span style=\"font-size: 10.5pt; font-family: Arial; color: #0000ff; background-color: transparent; font-weight: bold; font-style: normal; font-variant: normal; text-decoration: none; vertical-align: baseline;\">L<\/span><\/p>\n<p><strong>Apraksts:<\/strong> \u0160\u012b kor\u0137a ligzda ar saliekam\u0101m ej\u0101m un kamer\u0101m ir piem\u0113rota da\u017e\u0101d\u0101m skudru sug\u0101m, jo \u012bpa\u0161i t\u0101m, kas ligzdo (atmiru\u0161\u0101) kok\u0101. Tai ir izurbts caurums piek\u013cuvei ligzdai.<br \/>\nKor\u0137is ir \u0137\u012bmiski neitr\u0101ls. T\u0101 strukt\u016bra ir ne tikai necaurlaid\u012bga \u0161\u0137idrumiem, bet ar\u012b neizraisa \u0137\u012bmiskas reakcijas un t\u0101p\u0113c netiek boj\u0101ta. Tom\u0113r p\u0101r\u0101k liels mitruma daudzums ilgtermi\u0146\u0101 var izrais\u012bt p\u016b\u0161anu un samazin\u0101t ligzdas ilgm\u016b\u017e\u012bbu. Tom\u0113r kor\u0137is ir \u013coti iztur\u012bgs pret puvi, s\u0113n\u012b\u0161u un pel\u0113juma inv\u0101ziju. Tas ir pateicoties t\u0101 virsmai un strukt\u016brai, kas nav laba augsne s\u0113n\u012b\u0161u koloniz\u0101cijai. Tom\u0113r p\u0101rtikas atliekas un dz\u012bvnieku ekskrementi, k\u0101 ar\u012b citas organiskas vielas var veicin\u0101t pel\u0113juma aug\u0161anu.<\/p>\n<p>T\u0101p\u0113c m\u0113s iesak\u0101m kor\u0137\u012b glab\u0101t galvenok\u0101rt sugas no sausiem re\u0123ioniem. \u0160aj\u0101 komplekt\u0101 var tur\u0113t ar\u012b sugas no mitriem biotopiem, jo liel\u0101kajai da\u013cai sugu puve nav probl\u0113mu. Daudzas skudras no Zieme\u013ceiropas, piem\u0113ram, Camponotus herculeanus vai Formica fusca, dz\u012bvo ar\u012b sapuvu\u0161\u0101 vai p\u016bsto\u0161\u0101 koksn\u0113.<\/p>","protected":false},"excerpt":{"rendered":"<p><strong>Izm\u0113rs:<\/strong> 583 x 240 x 20 mm<\/p>","protected":false},"featured_media":9688,"comment_status":"open","ping_status":"closed","template":"","meta":{"_acf_changed":false,"content-type":"","_monsterinsights_skip_tracking":false,"_monsterinsights_sitenote_active":false,"_monsterinsights_sitenote_note":"","_monsterinsights_sitenote_category":0},"product_brand":[],"product_cat":[87,89],"product_tag":[],"class_list":{"0":"post-9250","1":"product","2":"type-product","3":"status-publish","4":"has-post-thumbnail","6":"product_cat-nest-insets","7":"product_cat-cork","9":"first","10":"instock","11":"taxable","12":"shipping-taxable","13":"purchasable","14":"product-type-simple"},"acf":[],"aioseo_notices":[],"jetpack_sharing_enabled":true,"_links":{"self":[{"href":"https:\/\/antcube.shop\/lv\/wp-json\/wp\/v2\/product\/9250","targetHints":{"allow":["GET"]}}],"collection":[{"href":"https:\/\/antcube.shop\/lv\/wp-json\/wp\/v2\/product"}],"about":[{"href":"https:\/\/antcube.shop\/lv\/wp-json\/wp\/v2\/types\/product"}],"replies":[{"embeddable":true,"href":"https:\/\/antcube.shop\/lv\/wp-json\/wp\/v2\/comments?post=9250"}],"wp:featuredmedia":[{"embeddable":true,"href":"https:\/\/antcube.shop\/lv\/wp-json\/wp\/v2\/media\/9688"}],"wp:attachment":[{"href":"https:\/\/antcube.shop\/lv\/wp-json\/wp\/v2\/media?parent=9250"}],"wp:term":[{"taxonomy":"product_brand","embeddable":true,"href":"https:\/\/antcube.shop\/lv\/wp-json\/wp\/v2\/product_brand?post=9250"},{"taxonomy":"product_cat","embeddable":true,"href":"https:\/\/antcube.shop\/lv\/wp-json\/wp\/v2\/product_cat?post=9250"},{"taxonomy":"product_tag","embeddable":true,"href":"https:\/\/antcube.shop\/lv\/wp-json\/wp\/v2\/product_tag?post=9250"}],"curies":[{"name":"wp","href":"https:\/\/api.w.org\/{rel}","templated":true}]}}