{"id":9248,"date":"2024-09-17T14:43:20","date_gmt":"2024-09-17T12:43:20","guid":{"rendered":"https:\/\/antcube.shop\/en\/product\/antcube-box-10x10-gipsnest-beige\/"},"modified":"2026-04-20T11:15:46","modified_gmt":"2026-04-20T09:15:46","slug":"antcube-kaste-10x10-gipsa-ligzda-bess","status":"publish","type":"product","link":"https:\/\/antcube.shop\/lv\/products\/antcube-kaste-10x10-gipsa-ligzda-bess\/","title":{"rendered":"ANTCUBE - Kaste 10\u00d710 - \u0122ip\u0161a ligzda b\u0113\u0161a kr\u0101s\u0101"},"content":{"rendered":"<p><strong>Izm\u0113ri:<\/strong><br \/>\n100x100x100 mm<\/p>\n<p><strong>Materi\u0101ls:<\/strong><br \/>\nPMMA, PS, \u0123ipsis<\/p>\n<p><strong>Kr\u0101sa:<\/strong> caursp\u012bd\u012bgs, b\u0113\u0161s<\/p>\n<p><strong>Saturs:<\/strong><br \/>\n1x kaste 100x100x100 mm<br \/>\n1x ievietojams r\u0101mis<br \/>\n1x ievietojams v\u0101ks ar 50 mm caurumu<br \/>\n1x \u0123ip\u0161a ligzdas ieliktnis<br \/>\n2x formik\u0101rija aizb\u0101\u017e\u0146i 27 mm<br \/>\n1x re\u017e\u0123a ieliktnis - 50 mm - ner\u016bs\u0113jo\u0161ais t\u0113rauds<\/p>\n<p><strong>Apraksts:<\/strong><br \/>\n\u0160is konteiners ir apr\u012bkots ar ieb\u016bv\u0113jamu r\u0101mi un v\u0101ku, un tam ir ar\u012b divas 27 mm atveres turpm\u0101kai papla\u0161in\u0101\u0161anai. V\u0101kam ir 50 mm caurums, kur\u0101 var ievietot re\u017e\u0123a ielikt\u0146us, ventilatoru vai lampu ligzdas. \u0160\u012b praktisk\u0101 un viegli kopjam\u0101 ar\u0113na ar ieb\u016bv\u0113tu \u0123ip\u0161a ligzdu ir piem\u0113rota pamatnes kolonij\u0101m, kur\u0101m pat\u012bk veidot ligzdas zem\u0113 vai starp akme\u0146iem.<\/p>","protected":false},"excerpt":{"rendered":"<p><strong>Izm\u0113rs:<\/strong> 10x10x10 cm<\/p>","protected":false},"featured_media":9559,"comment_status":"open","ping_status":"closed","template":"","meta":{"_acf_changed":false,"content-type":"","_monsterinsights_skip_tracking":false,"_monsterinsights_sitenote_active":false,"_monsterinsights_sitenote_note":"","_monsterinsights_sitenote_category":0},"product_brand":[],"product_cat":[80,90],"product_tag":[],"class_list":{"0":"post-9248","1":"product","2":"type-product","3":"status-publish","4":"has-post-thumbnail","6":"product_cat-antfarms","7":"product_cat-gypsum","9":"first","10":"instock","11":"taxable","12":"shipping-taxable","13":"purchasable","14":"product-type-simple"},"acf":[],"aioseo_notices":[],"jetpack_sharing_enabled":true,"_links":{"self":[{"href":"https:\/\/antcube.shop\/lv\/wp-json\/wp\/v2\/product\/9248","targetHints":{"allow":["GET"]}}],"collection":[{"href":"https:\/\/antcube.shop\/lv\/wp-json\/wp\/v2\/product"}],"about":[{"href":"https:\/\/antcube.shop\/lv\/wp-json\/wp\/v2\/types\/product"}],"replies":[{"embeddable":true,"href":"https:\/\/antcube.shop\/lv\/wp-json\/wp\/v2\/comments?post=9248"}],"wp:featuredmedia":[{"embeddable":true,"href":"https:\/\/antcube.shop\/lv\/wp-json\/wp\/v2\/media\/9559"}],"wp:attachment":[{"href":"https:\/\/antcube.shop\/lv\/wp-json\/wp\/v2\/media?parent=9248"}],"wp:term":[{"taxonomy":"product_brand","embeddable":true,"href":"https:\/\/antcube.shop\/lv\/wp-json\/wp\/v2\/product_brand?post=9248"},{"taxonomy":"product_cat","embeddable":true,"href":"https:\/\/antcube.shop\/lv\/wp-json\/wp\/v2\/product_cat?post=9248"},{"taxonomy":"product_tag","embeddable":true,"href":"https:\/\/antcube.shop\/lv\/wp-json\/wp\/v2\/product_tag?post=9248"}],"curies":[{"name":"wp","href":"https:\/\/api.w.org\/{rel}","templated":true}]}}