{"id":9247,"date":"2024-09-17T14:42:38","date_gmt":"2024-09-17T12:42:38","guid":{"rendered":"https:\/\/antcube.shop\/en\/product\/antcube-gipsnest-30x30-liegend\/"},"modified":"2026-03-19T18:11:44","modified_gmt":"2026-03-19T17:11:44","slug":"antcube-gipsnest-30x30-liegend","status":"publish","type":"product","link":"https:\/\/antcube.shop\/lv\/products\/antcube-gipsnest-30x30-liegend\/","title":{"rendered":"ANTCUBE - \u0122ip\u0161a ligzda 30\u00d730 - horizont\u0101la"},"content":{"rendered":"<p><span data-text-color=\"alert\"><strong>Pieg\u0101de iesp\u0113jama tikai ar GO! iek\u0161pus\u0113 V\u0101cij\u0101 vai ar paletes iek\u0161pus\u0113 Eirop\u0101 (bez sal\u0101m)<\/strong><\/span><\/p>\n<p><strong>Izm\u0113ri:<\/strong><br \/>\n\u0122ip\u0161a ligzda: 290 x 290 x 50 mm<br \/>\nStikla v\u0101ks: 279 x 279 x 4 mm<\/p>\n<p><strong>Materi\u0101ls:<\/strong> \u0122ipsis<\/p>\n<p><strong>Saturs:<\/strong><br \/>\n1x \u0123ip\u0161a ligzda 30\u00d730 ar div\u0101m savienojuma ligzd\u0101m L 14\/16\/18\/20 x 20 mm<\/p>\n<ul>\n<li>14\/10 \u0161\u013c\u016btene ir stingri ievietota 14 mm ligzd\u0101.<\/li>\n<li>20\/16 \u0161\u013c\u016btene ir stingri piestiprin\u0101ta pie pirm\u0101 16 mm so\u013ca.<\/li>\n<li>22\/18 \u0161\u013c\u016btene ir stingri piestiprin\u0101ta pie otr\u0101 20 mm pak\u0101piena.<\/li>\n<li>24\/20 \u0161\u013c\u016btene ir br\u012bvi piestiprin\u0101ta pie otr\u0101 20 mm so\u013ca.<\/li>\n<\/ul>\n<p>1x stikla v\u0101ks ar 50 mm caurumu<br \/>\n1x akrila gredzens 50 mm 27 mm caurumam<br \/>\n1x formik\u0101rija pamatne 30\u00d730<br \/>\n2x re\u017e\u0123a v\u0101ci\u0146\u0161 - 16 mm - ner\u016bs\u0113jo\u0161ais t\u0113rauds<br \/>\n1x re\u017e\u0123a ieliktnis - 27 mm - ner\u016bs\u0113jo\u0161ais t\u0113rauds<\/p>\n<p><strong>Apraksts:<\/strong> M\u016bsu \u0123ip\u0161a ligzda ar saliekam\u0101m ej\u0101m un kamer\u0101m ir piem\u0113rota daudz\u0101m skudru sug\u0101m, jo \u012bpa\u0161i t\u0101m, kas b\u016bv\u0113 ligzdas \u013coti smil\u0161ain\u0101s vai akme\u0146ain\u0101s augsn\u0113s. Tai ir caurums piek\u013cuvei ligzdai. \u0122ip\u0161am piem\u012bt \u012bpa\u0161\u012bba uzs\u016bkt \u016bdeni, t\u0101p\u0113c tiek uzkr\u0101ts zin\u0101ms mitruma daudzums. Tom\u0113r \u0123ip\u0161a ligzdu nevajadz\u0113tu izmantot past\u0101v\u012bgi mitru, jo cit\u0101di var veidoties pel\u0113jums (p\u0101rtikas atlieku vai skudru ekskrementu d\u0113\u013c). T\u0101p\u0113c, ja iesp\u0113jams, \u0161eit vajadz\u0113tu tur\u0113t sugas no diezgan sausiem re\u0123ioniem. Piem\u0113ram, sugas no Vidusj\u016bras vai tuksne\u0161a re\u0123ioniem.<\/p>\n<p><strong>Piez\u012bme:<\/strong> Konstrukcijas d\u0113\u013c t\u0101s nav piem\u0113rotas \u013coti maz\u0101m sug\u0101m (piem\u0113ram, Pheidole sug\u0101m, Temnothorax sug\u0101m), var rasties 0,3 - 0,5 mm atstarpes.<\/p>\n<p><strong>Piez\u012bme par savienojuma ligzd\u0101m<\/strong><br \/>\nPievienojot vai atvienojot \u0161\u013c\u016btenes, \u0146emiet v\u0113r\u0101 \u0161\u0101dus nor\u0101d\u012bjumus:<br \/>\nJa caurul\u012bti ir \u013coti gr\u016bti ievietot savienojuma ligzd\u0101, ligzda ir viegli j\u0101noberz\u0113 ar pilienu m\u016bsu e\u013c\u013cas vai pulvera aizsardz\u012bbai pret izlau\u0161anos. P\u0113c tam \u0161\u013c\u016btene j\u0101uzstumj uz savienojuma ligzdas, veicot pagrie\u017eamas vai skr\u016bv\u0113jamas kust\u012bbas, nesasprindzinot ligzdu ar kust\u012bb\u0101m uz aug\u0161u un uz leju. Tas pats attiecas ar\u012b uz \u0161\u013c\u016bte\u0146u no\u0146em\u0161anu no saimniec\u012bbas savienojuma ligzdas. L\u016bdzu, vienk\u0101r\u0161i neno\u0146emiet to!<\/p>","protected":false},"excerpt":{"rendered":"<p>Pieg\u0101de iesp\u0113jama tikai ar GO! iek\u0161pus\u0113 V\u0101cij\u0101 vai ar paleti iek\u0161pus\u0113 Eirop\u0101 (bez sal\u0101m) Izm\u0113ri: Stikla v\u0101ks: 279 x 279 x 4 mm Materi\u0101ls: Materi\u0101ls: apmetums: Komplekt\u0101: 1x \u0123ip\u0161a ligzda 30x30 ar div\u0101m savienojuma ligzd\u0101m L 14\/16\/18\/20 x 20 mm 14\/10 \u0161\u013c\u016btene ir stingri ievietota 14 mm ligzd\u0101.","protected":false},"featured_media":9683,"comment_status":"open","ping_status":"closed","template":"","meta":{"_acf_changed":false,"content-type":"","_monsterinsights_skip_tracking":false,"_monsterinsights_sitenote_active":false,"_monsterinsights_sitenote_note":"","_monsterinsights_sitenote_category":0},"product_brand":[],"product_cat":[80,83],"product_tag":[],"class_list":{"0":"post-9247","1":"product","2":"type-product","3":"status-publish","4":"has-post-thumbnail","6":"product_cat-antfarms","7":"product_cat-antfarms-l","9":"first","10":"instock","11":"taxable","12":"shipping-taxable","13":"purchasable","14":"product-type-simple"},"acf":[],"aioseo_notices":[],"jetpack_sharing_enabled":true,"_links":{"self":[{"href":"https:\/\/antcube.shop\/lv\/wp-json\/wp\/v2\/product\/9247","targetHints":{"allow":["GET"]}}],"collection":[{"href":"https:\/\/antcube.shop\/lv\/wp-json\/wp\/v2\/product"}],"about":[{"href":"https:\/\/antcube.shop\/lv\/wp-json\/wp\/v2\/types\/product"}],"replies":[{"embeddable":true,"href":"https:\/\/antcube.shop\/lv\/wp-json\/wp\/v2\/comments?post=9247"}],"wp:featuredmedia":[{"embeddable":true,"href":"https:\/\/antcube.shop\/lv\/wp-json\/wp\/v2\/media\/9683"}],"wp:attachment":[{"href":"https:\/\/antcube.shop\/lv\/wp-json\/wp\/v2\/media?parent=9247"}],"wp:term":[{"taxonomy":"product_brand","embeddable":true,"href":"https:\/\/antcube.shop\/lv\/wp-json\/wp\/v2\/product_brand?post=9247"},{"taxonomy":"product_cat","embeddable":true,"href":"https:\/\/antcube.shop\/lv\/wp-json\/wp\/v2\/product_cat?post=9247"},{"taxonomy":"product_tag","embeddable":true,"href":"https:\/\/antcube.shop\/lv\/wp-json\/wp\/v2\/product_tag?post=9247"}],"curies":[{"name":"wp","href":"https:\/\/api.w.org\/{rel}","templated":true}]}}