{"id":9246,"date":"2024-09-17T14:41:57","date_gmt":"2024-09-17T12:41:57","guid":{"rendered":"https:\/\/antcube.shop\/en\/product\/antcube-gipsnest-60x30-stehend\/"},"modified":"2026-03-03T21:23:18","modified_gmt":"2026-03-03T20:23:18","slug":"antcube-gipsa-ligzda-60x30-stavus","status":"publish","type":"product","link":"https:\/\/antcube.shop\/lv\/products\/antcube-gipsa-ligzda-60x30-stavus\/","title":{"rendered":"ANTCUBE - \u0122ip\u0161a ligzda 60\u00d730 - vertik\u0101l\u0101 st\u0101vokl\u012b"},"content":{"rendered":"<p><span data-text-color=\"alert\"><strong>Pieg\u0101de iesp\u0113jama tikai ar GO! iek\u0161pus\u0113 V\u0101cij\u0101 vai ar paletes iek\u0161pus\u0113 Eirop\u0101 (bez sal\u0101m)<\/strong><\/span><\/p>\n<p><strong>Izm\u0113ri:<\/strong> 582 x 239 x 45,5 mm<\/p>\n<p><strong>Materi\u0101ls:<\/strong> \u0123ip\u0161a<\/p>\n<p>Piem\u0113rots tikai m\u016bsu skudru ferm\u0101s, kuru izm\u0113rs ir \u0161\u0101ds <span style=\"font-size: 10.5pt; font-family: Arial; color: #ff0000; background-color: transparent; font-weight: bold; font-style: normal; font-variant: normal; text-decoration: none; vertical-align: baseline;\">XL<\/span><\/p>\n<p><strong>Apraksts:<\/strong> M\u016bsu \u0123ip\u0161a ligzda ar saliekam\u0101m ej\u0101m un kamer\u0101m ir piem\u0113rota daudz\u0101m skudru sug\u0101m, jo \u012bpa\u0161i t\u0101m, kas b\u016bv\u0113 ligzdas \u013coti smil\u0161ain\u0101s vai akme\u0146ain\u0101s augsn\u0113s. Tai ir caurums piek\u013cuvei ligzdai. \u0122ip\u0161am piem\u012bt \u012bpa\u0161\u012bba uzs\u016bkt \u016bdeni, t\u0101p\u0113c tiek uzkr\u0101ts zin\u0101ms mitruma daudzums. Tom\u0113r \u0123ip\u0161a ligzdu nevajadz\u0113tu izmantot past\u0101v\u012bgi mitru, jo cit\u0101di var veidoties pel\u0113jums (p\u0101rtikas atlieku vai skudru ekskrementu d\u0113\u013c). T\u0101p\u0113c, ja iesp\u0113jams, \u0161eit vajadz\u0113tu tur\u0113t sugas no diezgan sausiem re\u0123ioniem. Piem\u0113ram, sugas no Vidusj\u016bras vai tuksne\u0161a re\u0123ioniem.<\/p>","protected":false},"excerpt":{"rendered":"<p>Pieg\u0101de iesp\u0113jama tikai ar GO! iek\u0161pus\u0113 V\u0101cij\u0101 vai ar paleti iek\u0161pus\u0113 Eirop\u0101 (bez sal\u0101m) Izm\u0113ri: 282 x 239 x 45,5 mm Materi\u0101ls: \u0123ipsis Piem\u0113rots tikai m\u016bsu XL izm\u0113ra skudru ferm\u0101m Apraksts: M\u016bsu \u0123ip\u0161a ligzda ar saliekam\u0101m ej\u0101m un kamer\u0101m ir piem\u0113rota daudz\u0101m skudru sug\u0101m, jo \u012bpa\u0161i t\u0101m sug\u0101m, kas b\u016bv\u0113 skudras.","protected":false},"featured_media":9680,"comment_status":"open","ping_status":"closed","template":"","meta":{"_acf_changed":false,"content-type":"","_monsterinsights_skip_tracking":false,"_monsterinsights_sitenote_active":false,"_monsterinsights_sitenote_note":"","_monsterinsights_sitenote_category":0},"product_brand":[],"product_cat":[87,90],"product_tag":[],"class_list":{"0":"post-9246","1":"product","2":"type-product","3":"status-publish","4":"has-post-thumbnail","6":"product_cat-nest-insets","7":"product_cat-gypsum","9":"first","10":"instock","11":"taxable","12":"shipping-taxable","13":"purchasable","14":"product-type-simple"},"acf":[],"aioseo_notices":[],"jetpack_sharing_enabled":true,"_links":{"self":[{"href":"https:\/\/antcube.shop\/lv\/wp-json\/wp\/v2\/product\/9246","targetHints":{"allow":["GET"]}}],"collection":[{"href":"https:\/\/antcube.shop\/lv\/wp-json\/wp\/v2\/product"}],"about":[{"href":"https:\/\/antcube.shop\/lv\/wp-json\/wp\/v2\/types\/product"}],"replies":[{"embeddable":true,"href":"https:\/\/antcube.shop\/lv\/wp-json\/wp\/v2\/comments?post=9246"}],"wp:featuredmedia":[{"embeddable":true,"href":"https:\/\/antcube.shop\/lv\/wp-json\/wp\/v2\/media\/9680"}],"wp:attachment":[{"href":"https:\/\/antcube.shop\/lv\/wp-json\/wp\/v2\/media?parent=9246"}],"wp:term":[{"taxonomy":"product_brand","embeddable":true,"href":"https:\/\/antcube.shop\/lv\/wp-json\/wp\/v2\/product_brand?post=9246"},{"taxonomy":"product_cat","embeddable":true,"href":"https:\/\/antcube.shop\/lv\/wp-json\/wp\/v2\/product_cat?post=9246"},{"taxonomy":"product_tag","embeddable":true,"href":"https:\/\/antcube.shop\/lv\/wp-json\/wp\/v2\/product_tag?post=9246"}],"curies":[{"name":"wp","href":"https:\/\/api.w.org\/{rel}","templated":true}]}}