{"id":9242,"date":"2024-09-17T14:39:53","date_gmt":"2024-09-17T12:39:53","guid":{"rendered":"https:\/\/antcube.shop\/en\/product\/antcube-digfix-platte-30x30-xl\/"},"modified":"2026-03-29T14:39:22","modified_gmt":"2026-03-29T12:39:22","slug":"antcube-digfix-platte-30x30-xl","status":"publish","type":"product","link":"https:\/\/antcube.shop\/lv\/products\/antcube-digfix-platte-30x30-xl\/","title":{"rendered":"ANTCUBE - Digfix pl\u0101ksne 30\u00d730 - XL"},"content":{"rendered":"<p><span data-text-color=\"alert\"><strong>Pieg\u0101de iesp\u0113jama tikai ar GO! iek\u0161pus\u0113 V\u0101cij\u0101 vai ar paletes iek\u0161pus\u0113 Eirop\u0101 (bez sal\u0101m)<\/strong><\/span><\/p>\n<p><strong>Izm\u0113ri:<\/strong> 284x230x50 mm (282-285 mm pielaide)<\/p>\n<p><strong>Materi\u0101ls:<\/strong> Digfix<\/p>\n<p><strong>Apraksts:<\/strong> Digfix pl\u0101ksne, kas izgatavota no rak\u0101jam\u0101 materi\u0101la, ir ide\u0101li piem\u0113rota m\u016bsu skudru ferm\u0101m ANTCUBE. To var izmantot gan saus\u0101, gan mitr\u0101 veid\u0101. T\u0101 ir piem\u0113rota ar\u012b daudz\u0101m skudru sug\u0101m, \u012bpa\u0161i t\u0101m, kas ligzdo smilt\u012bs un (miru\u0161\u0101) koksn\u0113. To var izmantot smil\u0161u\/m\u0101la mais\u012bjumu vai kor\u0137a ligzdu ielikt\u0146u viet\u0101. Galven\u0101 priek\u0161roc\u012bba sal\u012bdzin\u0101jum\u0101 ar kor\u0137a ligzd\u0101m ir t\u0101, ka Digfix neveidojas pel\u0113jums pat tad, ja tas ir mitrs. Tas noz\u012bm\u0113, ka skudru sugas, kur\u0101m ir augstas mitruma pras\u012bbas, var viegli nodro\u0161in\u0101t ar pietiekamu \u016bdens daudzumu. Digfix priek\u0161roc\u012bba ir ar\u012b t\u0101, ka raksto\u0161\u0101s skudru sugas, racot ligzdu, neaptraipa t\u0101s stikla stiklojumu, nodro\u0161inot perfektu skatu uz ligzdu.<\/p>\n<p><strong>Piez\u012bme:<\/strong> Dabisk\u0101 kr\u0101sa var b\u016bt no za\u013cas\/pel\u0113ki br\u016bnas l\u012bdz zemes br\u016bnai. Kr\u0101sas tonis neietekm\u0113 kvalit\u0101ti.<br \/>\nRa\u017eo\u0161anas procesa d\u0113\u013c izm\u0113ri var at\u0161\u0137irties +\/- 1 mm.<\/p>","protected":false},"excerpt":{"rendered":"<p>Izm\u0113rs: <span style=\"color: #ff0000;\"><strong>XL<\/strong><\/span><\/p>","protected":false},"featured_media":9672,"comment_status":"open","ping_status":"closed","template":"","meta":{"_acf_changed":false,"content-type":"","_monsterinsights_skip_tracking":false,"_monsterinsights_sitenote_active":false,"_monsterinsights_sitenote_note":"","_monsterinsights_sitenote_category":0},"product_brand":[],"product_cat":[87,88],"product_tag":[],"class_list":{"0":"post-9242","1":"product","2":"type-product","3":"status-publish","4":"has-post-thumbnail","6":"product_cat-nest-insets","7":"product_cat-digfix","9":"first","10":"instock","11":"taxable","12":"shipping-taxable","13":"purchasable","14":"product-type-simple"},"acf":[],"aioseo_notices":[],"jetpack_sharing_enabled":true,"_links":{"self":[{"href":"https:\/\/antcube.shop\/lv\/wp-json\/wp\/v2\/product\/9242","targetHints":{"allow":["GET"]}}],"collection":[{"href":"https:\/\/antcube.shop\/lv\/wp-json\/wp\/v2\/product"}],"about":[{"href":"https:\/\/antcube.shop\/lv\/wp-json\/wp\/v2\/types\/product"}],"replies":[{"embeddable":true,"href":"https:\/\/antcube.shop\/lv\/wp-json\/wp\/v2\/comments?post=9242"}],"wp:featuredmedia":[{"embeddable":true,"href":"https:\/\/antcube.shop\/lv\/wp-json\/wp\/v2\/media\/9672"}],"wp:attachment":[{"href":"https:\/\/antcube.shop\/lv\/wp-json\/wp\/v2\/media?parent=9242"}],"wp:term":[{"taxonomy":"product_brand","embeddable":true,"href":"https:\/\/antcube.shop\/lv\/wp-json\/wp\/v2\/product_brand?post=9242"},{"taxonomy":"product_cat","embeddable":true,"href":"https:\/\/antcube.shop\/lv\/wp-json\/wp\/v2\/product_cat?post=9242"},{"taxonomy":"product_tag","embeddable":true,"href":"https:\/\/antcube.shop\/lv\/wp-json\/wp\/v2\/product_tag?post=9242"}],"curies":[{"name":"wp","href":"https:\/\/api.w.org\/{rel}","templated":true}]}}