{"id":9236,"date":"2024-09-17T14:31:58","date_gmt":"2024-09-17T12:31:58","guid":{"rendered":"https:\/\/antcube.shop\/en\/product\/ameisenarena-rahmen-20x10\/"},"modified":"2026-03-31T12:29:33","modified_gmt":"2026-03-31T10:29:33","slug":"skudru-arenas-ramis-20x10","status":"publish","type":"product","link":"https:\/\/antcube.shop\/lv\/products\/skudru-arenas-ramis-20x10\/","title":{"rendered":"Skudru ar\u0113nas r\u0101mis 20\u00d710"},"content":{"rendered":"<p><strong>Izm\u0113ri (LxWxH):<\/strong> 20x10x0,4 cm<\/p>\n<p><strong>Materi\u0101ls:<\/strong> Peldo\u0161ais stikls<\/p>\n<p><strong>Kr\u0101sa:<\/strong> caursp\u012bd\u012bgs \/ caursp\u012bd\u012bgs<\/p>\n<p><strong>Saturs:<\/strong><br \/>\n1x skudru ar\u0113nas r\u0101mis<\/p>\n<p><strong>Apraksts:<\/strong><br \/>\nNo stikla izgatavots r\u0101mis skudru ar\u0113nai k\u0101 aizsardz\u012bba pret izb\u0113g\u0161anu.<\/p>\n<p><strong>Pieteikums:<\/strong><br \/>\nSkudru novietnes r\u0101mis ir no stikla izgatavots r\u0101mis, kas novietots uz skudru novietnes un no apak\u0161\u0113j\u0101s puses ir apr\u012bkots ar aizsardz\u012bbu pret izlau\u0161anos (e\u013c\u013ca, pulveris vai laka), lai nov\u0113rstu skudru izlau\u0161anos.<\/p>\n<p><strong>Pazi\u0146ojums:<\/strong><br \/>\nT\u0101 k\u0101 izstr\u0101d\u0101jums ir izgatavots no stikla un t\u0101p\u0113c ir jut\u012bgs, ar to j\u0101r\u012bkojas \u013coti uzman\u012bgi. Stikls tiek griezts saska\u0146\u0101 ar DIN 1249 ar pielaidi +\/- 1 mm. \u012apa\u0161i maz\u0101m skudru sug\u0101m ir nepiecie\u0161ama papildu aizsardz\u012bba pret izlau\u0161anos.<\/p>","protected":false},"excerpt":{"rendered":"<p>Izm\u0113ri (DxPxV): 60x30x0,4 cm Materi\u0101ls: Materi\u0101ls: pludi\u0146stikls Kr\u0101sa: caursp\u012bd\u012bga \/ caursp\u012bd\u012bga Saturs: Sast\u0101vs: 1x Ant ar\u0113nas r\u0101mis Apraksts: No stikla izgatavots r\u0101mis skudru man\u0113\u017eai k\u0101 aizsardz\u012bba pret izb\u0113g\u0161anu. Pielietojums: R\u0101mis skudru novietnei ir no stikla izgatavots r\u0101mis, kas tiek novietots uz skudru novietnes un ir apr\u012bkots ar aizsardz\u012bbu pret izb\u0113g\u0161anu (e\u013c\u013ca, pulveris, pulveris, pulveris, pulveris, pulveris), lai izvair\u012btos no izk\u013c\u016b\u0161anas.","protected":false},"featured_media":9498,"comment_status":"open","ping_status":"closed","template":"","meta":{"_acf_changed":false,"content-type":"","_monsterinsights_skip_tracking":false,"_monsterinsights_sitenote_active":false,"_monsterinsights_sitenote_note":"","_monsterinsights_sitenote_category":0},"product_brand":[],"product_cat":[91,93],"product_tag":[],"class_list":{"0":"post-9236","1":"product","2":"type-product","3":"status-publish","4":"has-post-thumbnail","6":"product_cat-formicarium-modules","7":"product_cat-arena-frame","9":"first","10":"instock","11":"taxable","12":"shipping-taxable","13":"purchasable","14":"product-type-simple"},"acf":[],"aioseo_notices":[],"jetpack_sharing_enabled":true,"_links":{"self":[{"href":"https:\/\/antcube.shop\/lv\/wp-json\/wp\/v2\/product\/9236","targetHints":{"allow":["GET"]}}],"collection":[{"href":"https:\/\/antcube.shop\/lv\/wp-json\/wp\/v2\/product"}],"about":[{"href":"https:\/\/antcube.shop\/lv\/wp-json\/wp\/v2\/types\/product"}],"replies":[{"embeddable":true,"href":"https:\/\/antcube.shop\/lv\/wp-json\/wp\/v2\/comments?post=9236"}],"wp:featuredmedia":[{"embeddable":true,"href":"https:\/\/antcube.shop\/lv\/wp-json\/wp\/v2\/media\/9498"}],"wp:attachment":[{"href":"https:\/\/antcube.shop\/lv\/wp-json\/wp\/v2\/media?parent=9236"}],"wp:term":[{"taxonomy":"product_brand","embeddable":true,"href":"https:\/\/antcube.shop\/lv\/wp-json\/wp\/v2\/product_brand?post=9236"},{"taxonomy":"product_cat","embeddable":true,"href":"https:\/\/antcube.shop\/lv\/wp-json\/wp\/v2\/product_cat?post=9236"},{"taxonomy":"product_tag","embeddable":true,"href":"https:\/\/antcube.shop\/lv\/wp-json\/wp\/v2\/product_tag?post=9236"}],"curies":[{"name":"wp","href":"https:\/\/api.w.org\/{rel}","templated":true}]}}