{"id":9235,"date":"2024-09-17T14:31:37","date_gmt":"2024-09-17T12:31:37","guid":{"rendered":"https:\/\/antcube.shop\/en\/product\/ameisenarena-abdeckung-20x10\/"},"modified":"2026-04-03T22:49:10","modified_gmt":"2026-04-03T20:49:10","slug":"skudru-arenas-vaks-20x10","status":"publish","type":"product","link":"https:\/\/antcube.shop\/lv\/products\/skudru-arenas-vaks-20x10\/","title":{"rendered":"Skudru ar\u0113nas v\u0101ks 20\u00d710"},"content":{"rendered":"<p><strong>Izm\u0113ri (LxWxH):<\/strong> 20x10x0,4 cm<\/p>\n<p><strong>Materi\u0101ls:<\/strong> float stikls<\/p>\n<p><strong>Kr\u0101sa:<\/strong> krist\u0101ldzidrs \/ caursp\u012bd\u012bgs<\/p>\n<p><strong>Saturs:<\/strong><br \/>\n1x skudru ar\u0113nas v\u0101ks<br \/>\n1x stiprin\u0101juma punkti \u00e0 4 gab.<\/p>\n<p><strong>Apraksts:<\/strong><br \/>\nStikla p\u0101rsegs skudru novietnei k\u0101 aizsardz\u012bba pret izb\u0113g\u0161anu<\/p>\n<p><strong>Pieteikums:<\/strong><br \/>\nStikla skudru novietnes v\u0101ks tiek novietots uz skudru novietnes un tiek izmantots ar\u012b klimata regul\u0113\u0161anai.<br \/>\n50 mm atver\u0113s var ievietot da\u017e\u0101dus klimata kontroles modu\u013cus, piem\u0113ram, ventil\u0101cijas re\u017e\u0123us, apgaismojumu vai mitrin\u0101\u0161anu.<br \/>\nLai ne\u013cautu skudr\u0101m izk\u013c\u016bt caur caurumiem, to apak\u0161\u0113j\u0101 pus\u0113 ap caurumiem uzkl\u0101jiet aizsardz\u012bbas l\u012bdzekli (e\u013c\u013cu, pulveri vai laku).<\/p>\n<p><strong>Piez\u012bme:<\/strong><br \/>\nT\u0101 k\u0101 izstr\u0101d\u0101jums ir izgatavots no stikla un t\u0101p\u0113c ir trausls, ar to j\u0101r\u012bkojas \u013coti uzman\u012bgi.<\/p>","protected":false},"excerpt":{"rendered":"<p>Izm\u0113ri (DxPxV): 20x10x0,4 cm Materi\u0101ls: pludi\u0146stikls Kr\u0101sa: krist\u0101ldzidra \/ caursp\u012bd\u012bga Saturs: Komplekt\u0101: 1x antenas v\u0101ks 1x stiprin\u0101juma punkti \u00e0 4 gab. Apraksts: Stikla v\u0101ks skudru novietnei k\u0101 aizsardz\u012bba pret izb\u0113g\u0161anu: Stikla skudru novietnes v\u0101ks tiek novietots uz skudru novietnes un tiek izmantots ar\u012b klimata regul\u0113\u0161anai. Da\u017e\u0101da klimata regul\u0113\u0161ana","protected":false},"featured_media":9568,"comment_status":"open","ping_status":"closed","template":"","meta":{"_acf_changed":false,"content-type":"","_monsterinsights_skip_tracking":false,"_monsterinsights_sitenote_active":false,"_monsterinsights_sitenote_note":"","_monsterinsights_sitenote_category":0},"product_brand":[],"product_cat":[91,92],"product_tag":[],"class_list":{"0":"post-9235","1":"product","2":"type-product","3":"status-publish","4":"has-post-thumbnail","6":"product_cat-formicarium-modules","7":"product_cat-arena-cover","9":"first","10":"instock","11":"taxable","12":"shipping-taxable","13":"purchasable","14":"product-type-simple"},"acf":[],"aioseo_notices":[],"jetpack_sharing_enabled":true,"_links":{"self":[{"href":"https:\/\/antcube.shop\/lv\/wp-json\/wp\/v2\/product\/9235","targetHints":{"allow":["GET"]}}],"collection":[{"href":"https:\/\/antcube.shop\/lv\/wp-json\/wp\/v2\/product"}],"about":[{"href":"https:\/\/antcube.shop\/lv\/wp-json\/wp\/v2\/types\/product"}],"replies":[{"embeddable":true,"href":"https:\/\/antcube.shop\/lv\/wp-json\/wp\/v2\/comments?post=9235"}],"wp:featuredmedia":[{"embeddable":true,"href":"https:\/\/antcube.shop\/lv\/wp-json\/wp\/v2\/media\/9568"}],"wp:attachment":[{"href":"https:\/\/antcube.shop\/lv\/wp-json\/wp\/v2\/media?parent=9235"}],"wp:term":[{"taxonomy":"product_brand","embeddable":true,"href":"https:\/\/antcube.shop\/lv\/wp-json\/wp\/v2\/product_brand?post=9235"},{"taxonomy":"product_cat","embeddable":true,"href":"https:\/\/antcube.shop\/lv\/wp-json\/wp\/v2\/product_cat?post=9235"},{"taxonomy":"product_tag","embeddable":true,"href":"https:\/\/antcube.shop\/lv\/wp-json\/wp\/v2\/product_tag?post=9235"}],"curies":[{"name":"wp","href":"https:\/\/api.w.org\/{rel}","templated":true}]}}