{"id":9234,"date":"2024-09-17T14:31:14","date_gmt":"2024-09-17T12:31:14","guid":{"rendered":"https:\/\/antcube.shop\/en\/product\/ameisenarena-lufter-50mm\/"},"modified":"2026-04-14T12:07:22","modified_gmt":"2026-04-14T10:07:22","slug":"skudru-arenas-ventilators-50mm","status":"publish","type":"product","link":"https:\/\/antcube.shop\/lv\/products\/skudru-arenas-ventilators-50mm\/","title":{"rendered":"Ant Arena - ventilators 50mm"},"content":{"rendered":"<p><span data-text-color=\"alert\"><strong>Pieg\u0101de iesp\u0113jama tikai V\u0101cij\u0101!<\/strong><\/span><\/p>\n<p><strong>Saturs:<\/strong><br \/>\n- Ventilators 42 mm<br \/>\n- Re\u017e\u0123a ieliktnis 50 mm - caursp\u012bd\u012bgs<br \/>\n- Kontaktdak\u0161a \/ savienot\u0101js<\/p>\n<p><strong>Tehnisk\u0101s specifik\u0101cijas:<\/strong><br \/>\nJauda: 1W<br \/>\nSpriegums: 12V<br \/>\nKabe\u013ca garums: 10 cm<br \/>\nTemperat\u016bras diapazons -10 - +60 \u00b0C<br \/>\nKalpo\u0161anas laiks 50 000 h<br \/>\nGaisa pl\u016bsmas \u0101trums 10 m\u00b3\/h (ar re\u017e\u0123i, pl\u016bsmas \u0101trums samazin\u0101s atkar\u012bb\u0101 no atveres lieluma).<\/p>\n<p><strong>Materi\u0101ls:<\/strong> plastmasa<\/p>\n<p><strong>Kr\u0101sa:<\/strong> balta \/ caursp\u012bd\u012bga<\/p>\n<p><strong>Apraksts:<\/strong><br \/>\nLai v\u0113din\u0101tu skudru novietni, \u0161o ventilatoru var piesl\u0113gt tie\u0161i skudru novietnes v\u0101kam.<\/p>\n<p><strong>Vides inform\u0101cija:<\/strong><br \/>\nVar b\u016bt nepiecie\u0161ama \u012bpa\u0161a izn\u012bcin\u0101\u0161ana. L\u016bdzu, sazinieties ar viet\u0113j\u0101m iest\u0101d\u0113m.<br \/>\nPapildu inform\u0101cija:<\/p>\n<blockquote class=\"wp-embedded-content\" data-secret=\"E5wsFkHgL8\"><p><a href=\"https:\/\/antcube.shop\/en\/electrical-devices-act\/\">Elektrisko ier\u012b\u010du likums<\/a><\/p><\/blockquote>\n<p><iframe loading=\"lazy\" class=\"wp-embedded-content\" sandbox=\"allow-scripts\" security=\"restricted\" style=\"position: absolute; visibility: hidden;\" title=\"&quot;Elektrisko ier\u012b\u010du likums&quot; - ANTCUBE\" src=\"https:\/\/antcube.shop\/en\/electrical-devices-act\/embed\/#?secret=BvHuHVTyVI#?secret=E5wsFkHgL8\" data-secret=\"E5wsFkHgL8\" width=\"600\" height=\"338\" frameborder=\"0\" marginwidth=\"0\" marginheight=\"0\" scrolling=\"no\"><\/iframe><\/p>\n<p>&nbsp;<\/p>\n<p>\u0160is izstr\u0101d\u0101jums ir re\u0123istr\u0113ts saska\u0146\u0101 ar WEEE-Reg. DE 54590387.<\/p>\n<p>&nbsp;<\/p>","protected":false},"excerpt":{"rendered":"<p>Pieg\u0101de iesp\u0113jama tikai V\u0101cij\u0101! Saturs: - Komplekt\u0101: Ventilators 42 mm - 50 mm re\u017e\u0123a ieliktnis - caursp\u012bd\u012bgs - Kontaktdak\u0161a \/ savienot\u0101js Tehnisk\u0101s specifik\u0101cijas: Ventilatora jauda: 1 W Spriegums: 12V Kabe\u013ca garums: 10 cm Temperat\u016bras diapazons -10 - +60 \u00b0C Kalpo\u0161anas laiks 50 000 h Gaisa pl\u016bsmas \u0101trums 10 m\u00b3\/h (ar re\u017e\u0123a ieliktni pl\u016bsmas \u0101trums samazin\u0101s atkar\u012bb\u0101 no [...]","protected":false},"featured_media":9512,"comment_status":"open","ping_status":"closed","template":"","meta":{"_acf_changed":false,"content-type":"","_monsterinsights_skip_tracking":false,"_monsterinsights_sitenote_active":false,"_monsterinsights_sitenote_note":"","_monsterinsights_sitenote_category":0},"product_brand":[],"product_cat":[359,119],"product_tag":[],"class_list":{"0":"post-9234","1":"product","2":"type-product","3":"status-publish","4":"has-post-thumbnail","6":"product_cat-light-heat-humidity","7":"product_cat-formicarium-components","9":"first","10":"instock","11":"taxable","12":"shipping-taxable","13":"purchasable","14":"product-type-simple"},"acf":[],"aioseo_notices":[],"jetpack_sharing_enabled":true,"_links":{"self":[{"href":"https:\/\/antcube.shop\/lv\/wp-json\/wp\/v2\/product\/9234","targetHints":{"allow":["GET"]}}],"collection":[{"href":"https:\/\/antcube.shop\/lv\/wp-json\/wp\/v2\/product"}],"about":[{"href":"https:\/\/antcube.shop\/lv\/wp-json\/wp\/v2\/types\/product"}],"replies":[{"embeddable":true,"href":"https:\/\/antcube.shop\/lv\/wp-json\/wp\/v2\/comments?post=9234"}],"wp:featuredmedia":[{"embeddable":true,"href":"https:\/\/antcube.shop\/lv\/wp-json\/wp\/v2\/media\/9512"}],"wp:attachment":[{"href":"https:\/\/antcube.shop\/lv\/wp-json\/wp\/v2\/media?parent=9234"}],"wp:term":[{"taxonomy":"product_brand","embeddable":true,"href":"https:\/\/antcube.shop\/lv\/wp-json\/wp\/v2\/product_brand?post=9234"},{"taxonomy":"product_cat","embeddable":true,"href":"https:\/\/antcube.shop\/lv\/wp-json\/wp\/v2\/product_cat?post=9234"},{"taxonomy":"product_tag","embeddable":true,"href":"https:\/\/antcube.shop\/lv\/wp-json\/wp\/v2\/product_tag?post=9234"}],"curies":[{"name":"wp","href":"https:\/\/api.w.org\/{rel}","templated":true}]}}