{"id":9233,"date":"2024-09-17T14:30:50","date_gmt":"2024-09-17T12:30:50","guid":{"rendered":"https:\/\/antcube.shop\/en\/product\/ameisenarena-lufter-set-50mm-mit-netzgerat\/"},"modified":"2026-04-30T17:50:22","modified_gmt":"2026-04-30T15:50:22","slug":"ant-arena-ventilatoru-komplekts-50mm-ar-barosanas-bloku","status":"publish","type":"product","link":"https:\/\/antcube.shop\/lv\/products\/ant-arena-ventilatoru-komplekts-50mm-ar-barosanas-bloku\/","title":{"rendered":"Ant Arena - ventilatoru komplekts 50mm ar baro\u0161anas bloku"},"content":{"rendered":"<p><span data-text-color=\"alert\"><strong>Pieg\u0101de iesp\u0113jama tikai V\u0101cij\u0101!<\/strong><\/span><\/p>\n<p><strong>Saturs:<\/strong><br \/>\n- Ventilators 42 mm<br \/>\n- uz re\u017e\u0123a ielikt\u0146a 50 mm - caursp\u012bd\u012bgs<br \/>\n- Baro\u0161anas bloks<br \/>\n- Kontaktdak\u0161a \/ savienot\u0101js<\/p>\n<p><strong>Tehnisk\u0101s specifik\u0101cijas:<\/strong><br \/>\nBaro\u0161anas bloka izeja: 2,5 A (12 W)<br \/>\nIeejas spriegums: 100V-240V<br \/>\nSprieguma izeja: 5V<br \/>\nKabe\u013ca garums: 10 cm (ventilators)<br \/>\nKabe\u013ca garums: 90 cm (baro\u0161anas bloks)<br \/>\nJaudas ventilators 1 W<br \/>\nTemperat\u016bras diapazons -10 - +60 \u00b0C<br \/>\nKalpo\u0161anas laiks 50 000 h<br \/>\nGaisa pl\u016bsmas \u0101trums 10 m\u00b3\/h (ar re\u017e\u0123i, pl\u016bsmas \u0101trums samazin\u0101s atkar\u012bb\u0101 no atveres lieluma).<\/p>\n<p><strong>Izm\u0113ri:<\/strong> 5 x 5 x 1 cm (ventilators)<\/p>\n<p><strong>Materi\u0101ls:<\/strong> plastmasa<\/p>\n<p><strong>Kr\u0101sa:<\/strong> caursp\u012bd\u012bgs, caursp\u012bd\u012bgs (ventilators); melns (baro\u0161anas bloks)<\/p>\n<p><strong>Apraksts:<\/strong><br \/>\nVentil\u0101cija ir \u012bpa\u0161i svar\u012bga, lai formik\u0101rij\u0101 nodro\u0161in\u0101tu p\u0113c iesp\u0113jas dabisk\u0101ku klimatu un nov\u0113rstu pel\u0113juma veido\u0161anos. Ventilatoru var uzst\u0101d\u012bt, izmantojot \u010detras skr\u016bvju atveres, vai piestiprin\u0101t, izmantojot silikonu vai plastmasas l\u012bmi. Motors darbojas gandr\u012bz bez trok\u0161\u0146a un vibr\u0101cijas.<\/p>\n<p><strong>Vides inform\u0101cija:<\/strong><br \/>\nVar b\u016bt nepiecie\u0161ama \u012bpa\u0161a izn\u012bcin\u0101\u0161ana. L\u016bdzu, sazinieties ar viet\u0113j\u0101m iest\u0101d\u0113m.<br \/>\nPapildu inform\u0101cija:<\/p>\n<blockquote class=\"wp-embedded-content\" data-secret=\"jOGF5OPQCF\"><p><a href=\"https:\/\/antcube.shop\/en\/electrical-devices-act\/\">Elektrisko ier\u012b\u010du likums<\/a><\/p><\/blockquote>\n<p><iframe loading=\"lazy\" class=\"wp-embedded-content\" sandbox=\"allow-scripts\" security=\"restricted\" style=\"position: absolute; visibility: hidden;\" title=\"&quot;Elektrisko ier\u012b\u010du likums&quot; - ANTCUBE\" src=\"https:\/\/antcube.shop\/en\/electrical-devices-act\/embed\/#?secret=NfRYQNwKWB#?secret=jOGF5OPQCF\" data-secret=\"jOGF5OPQCF\" width=\"600\" height=\"338\" frameborder=\"0\" marginwidth=\"0\" marginheight=\"0\" scrolling=\"no\"><\/iframe><\/p>","protected":false},"excerpt":{"rendered":"<p>Shipping only possible in Germany! Contents: &#8211; Fan 42mm &#8211; on grille insert 50mm &#8211; transparent &#8211; Power supply unit &#8211; Plug \/ connector Technical specifications: Power supply unit output: 2.5 A (12W) Voltage input: 100V-240V Voltage output: 5V Cable length: 10 cm (fan) Cable length: 90 cm (power supply unit) Power fan 1 W [&#8230;]","protected":false},"featured_media":9507,"comment_status":"open","ping_status":"closed","template":"","meta":{"_acf_changed":false,"content-type":"","_monsterinsights_skip_tracking":false,"_monsterinsights_sitenote_active":false,"_monsterinsights_sitenote_note":"","_monsterinsights_sitenote_category":0},"product_brand":[],"product_cat":[359,119],"product_tag":[],"class_list":{"0":"post-9233","1":"product","2":"type-product","3":"status-publish","4":"has-post-thumbnail","6":"product_cat-light-heat-humidity","7":"product_cat-formicarium-components","9":"first","10":"outofstock","11":"taxable","12":"shipping-taxable","13":"purchasable","14":"product-type-simple"},"acf":[],"aioseo_notices":[],"jetpack_sharing_enabled":true,"_links":{"self":[{"href":"https:\/\/antcube.shop\/lv\/wp-json\/wp\/v2\/product\/9233","targetHints":{"allow":["GET"]}}],"collection":[{"href":"https:\/\/antcube.shop\/lv\/wp-json\/wp\/v2\/product"}],"about":[{"href":"https:\/\/antcube.shop\/lv\/wp-json\/wp\/v2\/types\/product"}],"replies":[{"embeddable":true,"href":"https:\/\/antcube.shop\/lv\/wp-json\/wp\/v2\/comments?post=9233"}],"wp:featuredmedia":[{"embeddable":true,"href":"https:\/\/antcube.shop\/lv\/wp-json\/wp\/v2\/media\/9507"}],"wp:attachment":[{"href":"https:\/\/antcube.shop\/lv\/wp-json\/wp\/v2\/media?parent=9233"}],"wp:term":[{"taxonomy":"product_brand","embeddable":true,"href":"https:\/\/antcube.shop\/lv\/wp-json\/wp\/v2\/product_brand?post=9233"},{"taxonomy":"product_cat","embeddable":true,"href":"https:\/\/antcube.shop\/lv\/wp-json\/wp\/v2\/product_cat?post=9233"},{"taxonomy":"product_tag","embeddable":true,"href":"https:\/\/antcube.shop\/lv\/wp-json\/wp\/v2\/product_tag?post=9233"}],"curies":[{"name":"wp","href":"https:\/\/api.w.org\/{rel}","templated":true}]}}