{"id":9232,"date":"2024-09-17T14:30:30","date_gmt":"2024-09-17T12:30:30","guid":{"rendered":"https:\/\/antcube.shop\/en\/product\/antcube-arena-30x30x60-hoch\/"},"modified":"2026-03-05T12:20:33","modified_gmt":"2026-03-05T11:20:33","slug":"antcube-arena-30x30x60-gars","status":"publish","type":"product","link":"https:\/\/antcube.shop\/lv\/products\/antcube-arena-30x30x60-gars\/","title":{"rendered":"ANTCUBE - Ar\u0113na 30x30x60 - augsta"},"content":{"rendered":"<p><span data-text-color=\"alert\"><strong>Pieg\u0101de iesp\u0113jama tikai ar GO! iek\u0161pus\u0113 V\u0101cij\u0101 vai ar paletes iek\u0161pus\u0113 Eirop\u0101 (bez sal\u0101m)<\/strong><\/span><\/p>\n<p><strong>Izm\u0113rs:<\/strong> 300 x 300 x 600 mm; biezums: mm: 4 mm; biezums: 600 mm; biezums: 600 mm; biezums: 600 mm.<\/p>\n<p><strong>Materi\u0101ls:<\/strong> float stikls<\/p>\n<p><strong>Savienojums:<\/strong> 2x urb\u0161ana 50 mm<\/p>\n<p><strong>Apraksts:<\/strong><br \/>\nStikla izlietne 30x30x60 cm ar 2x 50 mm urbumiem<br \/>\nUrbums (t\u0101 centrs) ir novietots 3 cm augstum\u0101.<\/p>\n<p><strong>L\u016bdzu, \u0146emiet v\u0113r\u0101:<\/strong> Stikls tiek griezts saska\u0146\u0101 ar DIN 1249 ar pielaidi +\/- 1 mm. \u012apa\u0161i maz\u0101m skudru sug\u0101m ir nepiecie\u0161ama papildu aizsardz\u012bba pret izb\u0113g\u0161anu.<\/p>","protected":false},"excerpt":{"rendered":"<p><strong>Savienojums:<\/strong> 2x caurums 50 mm<\/p>\n<p><strong>Izm\u0113rs:<\/strong> S, M, L, XL<\/p>","protected":false},"featured_media":9514,"comment_status":"open","ping_status":"closed","template":"","meta":{"_acf_changed":false,"content-type":"","_monsterinsights_skip_tracking":false,"_monsterinsights_sitenote_active":false,"_monsterinsights_sitenote_note":"","_monsterinsights_sitenote_category":0},"product_brand":[],"product_cat":[85,86],"product_tag":[],"class_list":{"0":"post-9232","1":"product","2":"type-product","3":"status-publish","4":"has-post-thumbnail","6":"product_cat-ant-arenas","7":"product_cat-formicariums","8":"product_shipping_class-fragile","10":"first","11":"outofstock","12":"taxable","13":"shipping-taxable","14":"purchasable","15":"product-type-simple"},"acf":[],"aioseo_notices":[],"jetpack_sharing_enabled":true,"_links":{"self":[{"href":"https:\/\/antcube.shop\/lv\/wp-json\/wp\/v2\/product\/9232","targetHints":{"allow":["GET"]}}],"collection":[{"href":"https:\/\/antcube.shop\/lv\/wp-json\/wp\/v2\/product"}],"about":[{"href":"https:\/\/antcube.shop\/lv\/wp-json\/wp\/v2\/types\/product"}],"replies":[{"embeddable":true,"href":"https:\/\/antcube.shop\/lv\/wp-json\/wp\/v2\/comments?post=9232"}],"wp:featuredmedia":[{"embeddable":true,"href":"https:\/\/antcube.shop\/lv\/wp-json\/wp\/v2\/media\/9514"}],"wp:attachment":[{"href":"https:\/\/antcube.shop\/lv\/wp-json\/wp\/v2\/media?parent=9232"}],"wp:term":[{"taxonomy":"product_brand","embeddable":true,"href":"https:\/\/antcube.shop\/lv\/wp-json\/wp\/v2\/product_brand?post=9232"},{"taxonomy":"product_cat","embeddable":true,"href":"https:\/\/antcube.shop\/lv\/wp-json\/wp\/v2\/product_cat?post=9232"},{"taxonomy":"product_tag","embeddable":true,"href":"https:\/\/antcube.shop\/lv\/wp-json\/wp\/v2\/product_tag?post=9232"}],"curies":[{"name":"wp","href":"https:\/\/api.w.org\/{rel}","templated":true}]}}